{"id":194968,"date":"2025-08-06T17:50:14","date_gmt":"2025-08-06T15:50:14","guid":{"rendered":"https:\/\/www.budream.com\/shop\/seedsalad-auto-amnesia-lemon-fem\/"},"modified":"2026-03-26T19:39:12","modified_gmt":"2026-03-26T17:39:12","slug":"seedsalad-auto-amnesia-lemon-fem","status":"publish","type":"product","link":"https:\/\/www.budream.com\/de\/shop\/seedsalad-auto-amnesia-lemon-fem\/","title":{"rendered":"SEEDSALAD &#8211; AUTO AMNESIA LEMON FEM"},"content":{"rendered":"<div class=\"strain-content\">Der Geruch erinnert an eine Zitronenpflanze voller Fr\u00fcchte, die geerntet werden sollen. Kreuzung aus einer selbstbl\u00fchenden Lemon Haze-Sorte. Starker und anhaltender High-Effekt und saurer Geschmack machen sie zu einem echten Genuss.<\/p>\n<h2><strong>Eigenschaften Auto Amnesia Lemon Fem:<\/strong><\/h2>\n<ul style=\"list-style-type: disc\">\n<li><strong>Gattung:<\/strong> Auto-flowering Feminisiert<\/li>\n<li><strong>Genetik<\/strong>: Amnesia x Lemon Haze<\/li>\n<li>Tage<strong>:<\/strong> 75-85 Tage<\/li>\n<li><strong>Pipette versiegelt in haltbarem, UV-best\u00e4ndigem Beutel<\/strong><\/li>\n<\/ul>\n<p><span style=\"font-size: 11pt\"><em><strong>WARNUNG:<\/strong> Hanfsamen sind vom gesetzlichen Begriff Cannabis ausgenommen, was bedeutet, dass sie nicht als Bet\u00e4ubungsmittel gelten (L. 412 von 1974, Art. 1, Absatz 1, Buchstabe B; Einheits\u00fcbereinkommen \u00fcber Bet\u00e4ubungsmittel von New York von 1961 und Tabelle II des Ministerialerlasses 27\/7\/1992). In Italien ist der Anbau von Hanf verboten (Artikel 28 und 73 des Pr\u00e4sidialdekrets 309\/90), es sei denn, es liegt eine Sondergenehmigung vor (Artikel 17 des Pr\u00e4sidialdekrets 309\/90). In Ermangelung einer solchen Genehmigung darf das Saatgut nur f\u00fcr andere Zwecke verwendet werden (zootechnische Zwecke, Sammeln usw.). Das Saatgut wird unter dem Vorbehalt verkauft, dass es nicht von Dritten im Widerspruch zu den gesetzlichen Bestimmungen verwendet wird.<\/em><\/span><\/div>\n","protected":false},"excerpt":{"rendered":"<p>\ud83c\udf3f AUTO AMNESIA LEMON von SEEDSALAD \u00b7 \ud83e\uddec Sativa (90%+) \u00b7 \ud83d\udd25 THC sehr hoch (Sehr hoch (20\u202f%+)) \u00b7 \ud83d\udce6 Ertrag XL.<\/p>\n","protected":false},"featured_media":197524,"comment_status":"open","ping_status":"closed","template":"","meta":[],"product_brand":[],"product_cat":[7952],"product_tag":[9151,10124,10126,10128,10150,8511,8565],"class_list":{"0":"post-194968","1":"product","2":"type-product","3":"status-publish","4":"has-post-thumbnail","6":"product_cat-seedshop-de","7":"product_tag-auto-amnesia-lemon","8":"product_tag-thc-sehr-hoch","9":"product_tag-cannabis-samen","10":"product_tag-feminisierte-samen","11":"product_tag-zitrusartig","12":"product_tag-sativa","13":"product_tag-seedsalad","15":"first","16":"instock","17":"sale","18":"taxable","19":"shipping-taxable","20":"purchasable","21":"product-type-variable"},"aioseo_notices":[],"_links":{"self":[{"href":"https:\/\/www.budream.com\/de\/wp-json\/wp\/v2\/product\/194968","targetHints":{"allow":["GET"]}}],"collection":[{"href":"https:\/\/www.budream.com\/de\/wp-json\/wp\/v2\/product"}],"about":[{"href":"https:\/\/www.budream.com\/de\/wp-json\/wp\/v2\/types\/product"}],"replies":[{"embeddable":true,"href":"https:\/\/www.budream.com\/de\/wp-json\/wp\/v2\/comments?post=194968"}],"version-history":[{"count":2,"href":"https:\/\/www.budream.com\/de\/wp-json\/wp\/v2\/product\/194968\/revisions"}],"predecessor-version":[{"id":260179,"href":"https:\/\/www.budream.com\/de\/wp-json\/wp\/v2\/product\/194968\/revisions\/260179"}],"wp:featuredmedia":[{"embeddable":true,"href":"https:\/\/www.budream.com\/de\/wp-json\/wp\/v2\/media\/197524"}],"wp:attachment":[{"href":"https:\/\/www.budream.com\/de\/wp-json\/wp\/v2\/media?parent=194968"}],"wp:term":[{"taxonomy":"product_brand","embeddable":true,"href":"https:\/\/www.budream.com\/de\/wp-json\/wp\/v2\/product_brand?post=194968"},{"taxonomy":"product_cat","embeddable":true,"href":"https:\/\/www.budream.com\/de\/wp-json\/wp\/v2\/product_cat?post=194968"},{"taxonomy":"product_tag","embeddable":true,"href":"https:\/\/www.budream.com\/de\/wp-json\/wp\/v2\/product_tag?post=194968"}],"curies":[{"name":"wp","href":"https:\/\/api.w.org\/{rel}","templated":true}]}}