{"id":195048,"date":"2025-08-06T17:55:15","date_gmt":"2025-08-06T15:55:15","guid":{"rendered":"https:\/\/www.budream.com\/shop\/sensi-samen-bank-schwarz-domina-fem\/"},"modified":"2026-03-23T23:52:47","modified_gmt":"2026-03-23T21:52:47","slug":"sensi-samen-bank-schwarz-domina-fem","status":"publish","type":"product","link":"https:\/\/www.budream.com\/de\/shop\/sensi-samen-bank-schwarz-domina-fem\/","title":{"rendered":"SENSI SAMEN BANK &#8211; SCHWARZ DOMINA FEM"},"content":{"rendered":"<p>Black Domina von Sensi Seeds ist die feminisierte Version einer sehr beliebten, legend\u00e4ren Sorte. Zu ihren Urspr\u00fcngen geh\u00f6ren die vier besten Indica-Sorten der Geschichte; sie ist ein hochwertiger Indica-Cocktail.<br \/><span style=\"text-decoration: underline\"><br \/><\/span><\/p>\n<h2><strong>Eigenschaften Black Domina Fem Sensi Seeds Bank:<\/strong><\/h2>\n<ul style=\"list-style-type: disc\">\n<li><strong>Gattung:<\/strong> Feminisiert<\/li>\n<li><strong>Genotyp:<\/strong> 95% Indica \/ 5% Sativa-Hybrid<\/li>\n<li><strong>Genetik:<\/strong> 4 beste Indica-Sorten<\/li>\n<li><strong>Bl\u00fchende Tage:<\/strong> 50 Tage<\/li>\n<\/ul>\n<p><span style=\"font-size: 11pt\"><em><strong>ACHTUNG:<\/strong> Hanfsamen fallen nicht unter den Rechtsbegriff Cannabis, was bedeutet, dass sie nicht als Bet\u00e4ubungsmittel gelten (L. 412 von 1974, Art. 1, Absatz 1, Buchstabe B; Einheits\u00fcbereinkommen \u00fcber Suchtstoffe von New York von 1961 und Tabelle II des Ministerialerlasses 27\/7\/1992). In Italien ist der Anbau von Hanf verboten (Artikel 28 und 73 des Pr\u00e4sidialdekrets 309\/90), es sei denn, es liegt eine Sondergenehmigung vor (Artikel 17 des Pr\u00e4sidialdekrets 309\/90). In Ermangelung einer solchen Genehmigung darf das Saatgut nur f\u00fcr andere Zwecke verwendet werden (zootechnische Zwecke, Sammeln usw.). Das Saatgut wird unter dem Vorbehalt verkauft, dass es nicht von Dritten im Widerspruch zu den gesetzlichen Bestimmungen verwendet wird.<\/em><\/span><\/p>\n","protected":false},"excerpt":{"rendered":"<p>\ud83c\udf3f SCHWARZ DOMINA von SENSI SEEDS BANK \u00b7 \ud83e\uddec Indica (90%+) \u00b7 \ud83d\udce6 Ertrag XL.<\/p>\n","protected":false},"featured_media":196971,"comment_status":"open","ping_status":"closed","template":"","meta":[],"product_brand":[],"product_cat":[1175],"product_tag":[10395,8510,8526,10126,10127,10128],"class_list":{"0":"post-195048","1":"product","2":"type-product","3":"status-publish","4":"has-post-thumbnail","6":"product_cat-seedshop","7":"product_tag-schwarz-domina","8":"product_tag-indica","9":"product_tag-sensi-seeds-bank","10":"product_tag-cannabis-samen","11":"product_tag-scharf","12":"product_tag-feminisierte-samen","14":"first","15":"instock","16":"taxable","17":"shipping-taxable","18":"purchasable","19":"product-type-variable"},"aioseo_notices":[],"_links":{"self":[{"href":"https:\/\/www.budream.com\/de\/wp-json\/wp\/v2\/product\/195048","targetHints":{"allow":["GET"]}}],"collection":[{"href":"https:\/\/www.budream.com\/de\/wp-json\/wp\/v2\/product"}],"about":[{"href":"https:\/\/www.budream.com\/de\/wp-json\/wp\/v2\/types\/product"}],"replies":[{"embeddable":true,"href":"https:\/\/www.budream.com\/de\/wp-json\/wp\/v2\/comments?post=195048"}],"version-history":[{"count":2,"href":"https:\/\/www.budream.com\/de\/wp-json\/wp\/v2\/product\/195048\/revisions"}],"predecessor-version":[{"id":260421,"href":"https:\/\/www.budream.com\/de\/wp-json\/wp\/v2\/product\/195048\/revisions\/260421"}],"wp:featuredmedia":[{"embeddable":true,"href":"https:\/\/www.budream.com\/de\/wp-json\/wp\/v2\/media\/196971"}],"wp:attachment":[{"href":"https:\/\/www.budream.com\/de\/wp-json\/wp\/v2\/media?parent=195048"}],"wp:term":[{"taxonomy":"product_brand","embeddable":true,"href":"https:\/\/www.budream.com\/de\/wp-json\/wp\/v2\/product_brand?post=195048"},{"taxonomy":"product_cat","embeddable":true,"href":"https:\/\/www.budream.com\/de\/wp-json\/wp\/v2\/product_cat?post=195048"},{"taxonomy":"product_tag","embeddable":true,"href":"https:\/\/www.budream.com\/de\/wp-json\/wp\/v2\/product_tag?post=195048"}],"curies":[{"name":"wp","href":"https:\/\/api.w.org\/{rel}","templated":true}]}}