{"id":195103,"date":"2025-08-06T17:58:42","date_gmt":"2025-08-06T15:58:42","guid":{"rendered":"https:\/\/www.budream.com\/shop\/senses-seeds-bank-afghani-1-fem\/"},"modified":"2026-03-23T23:49:07","modified_gmt":"2026-03-23T21:49:07","slug":"senses-seeds-bank-afghani-1-fem","status":"publish","type":"product","link":"https:\/\/www.budream.com\/de\/shop\/senses-seeds-bank-afghani-1-fem\/","title":{"rendered":"SENSES SEEDS BANK &#8211; AFGHANI #1 FEM"},"content":{"rendered":"<p>Wenn Sie auf der Suche nach einer echten Indica sind, k\u00f6nnte diese Sorte die richtige Wahl sein.<\/p>\n<h2><strong>Merkmale Afghani #1 Fem Sensi Seeds Bank:<\/strong><\/h2>\n<ul style=\"list-style-type: disc\">\n<li><strong>Gattung:<\/strong> Feminisiert<\/li>\n<li><strong>Genotyp:<\/strong> Indica-dominanter Hybrid<\/li>\n<li><strong>Genetik: <\/strong>Afghani #1<\/li>\n<li><strong>Bl\u00fchende Tage:<\/strong> 56 Tage<\/li>\n<\/ul>\n<p><span style=\"font-size: 11pt\"><em><strong>ACHTUNG:<\/strong> Hanfsamen fallen nicht unter den Rechtsbegriff Cannabis, was bedeutet, dass sie nicht als Bet\u00e4ubungsmittel gelten (L. 412 von 1974, Art. 1, Absatz 1, Buchstabe B; Einheits\u00fcbereinkommen \u00fcber Suchtstoffe von New York von 1961 und Tabelle II des Ministerialerlasses 27\/7\/1992). In Italien ist der Anbau von Hanf verboten (Artikel 28 und 73 des Pr\u00e4sidialdekrets 309\/90), es sei denn, es liegt eine Sondergenehmigung vor (Artikel 17 des Pr\u00e4sidialdekrets 309\/90). In Ermangelung einer solchen Genehmigung darf das Saatgut nur f\u00fcr andere Zwecke verwendet werden (zootechnische Zwecke, Sammeln usw.). Das Saatgut wird unter dem Vorbehalt verkauft, dass es nicht von Dritten im Widerspruch zu den gesetzlichen Bestimmungen verwendet wird.<\/em><\/span><\/p>\n","protected":false},"excerpt":{"rendered":"<p>\ud83c\udf3f AFGHANI #1 von SENSI SEEDS BANK \u00b7 \ud83e\uddec Indica (90%+) \u00b7 \ud83c\udfc6 Ertrag XXL.<\/p>\n","protected":false},"featured_media":196946,"comment_status":"open","ping_status":"closed","template":"","meta":[],"product_brand":[],"product_cat":[1175],"product_tag":[10125,10126,10127,10128,8510,8526,9153],"class_list":{"0":"post-195103","1":"product","2":"type-product","3":"status-publish","4":"has-post-thumbnail","6":"product_cat-seedshop","7":"product_tag-ertrag-xxl","8":"product_tag-cannabis-samen","9":"product_tag-scharf","10":"product_tag-feminisierte-samen","11":"product_tag-indica","12":"product_tag-sensi-seeds-bank","13":"product_tag-afghani-1","15":"first","16":"instock","17":"taxable","18":"shipping-taxable","19":"purchasable","20":"product-type-variable"},"aioseo_notices":[],"_links":{"self":[{"href":"https:\/\/www.budream.com\/de\/wp-json\/wp\/v2\/product\/195103","targetHints":{"allow":["GET"]}}],"collection":[{"href":"https:\/\/www.budream.com\/de\/wp-json\/wp\/v2\/product"}],"about":[{"href":"https:\/\/www.budream.com\/de\/wp-json\/wp\/v2\/types\/product"}],"replies":[{"embeddable":true,"href":"https:\/\/www.budream.com\/de\/wp-json\/wp\/v2\/comments?post=195103"}],"version-history":[{"count":2,"href":"https:\/\/www.budream.com\/de\/wp-json\/wp\/v2\/product\/195103\/revisions"}],"predecessor-version":[{"id":260415,"href":"https:\/\/www.budream.com\/de\/wp-json\/wp\/v2\/product\/195103\/revisions\/260415"}],"wp:featuredmedia":[{"embeddable":true,"href":"https:\/\/www.budream.com\/de\/wp-json\/wp\/v2\/media\/196946"}],"wp:attachment":[{"href":"https:\/\/www.budream.com\/de\/wp-json\/wp\/v2\/media?parent=195103"}],"wp:term":[{"taxonomy":"product_brand","embeddable":true,"href":"https:\/\/www.budream.com\/de\/wp-json\/wp\/v2\/product_brand?post=195103"},{"taxonomy":"product_cat","embeddable":true,"href":"https:\/\/www.budream.com\/de\/wp-json\/wp\/v2\/product_cat?post=195103"},{"taxonomy":"product_tag","embeddable":true,"href":"https:\/\/www.budream.com\/de\/wp-json\/wp\/v2\/product_tag?post=195103"}],"curies":[{"name":"wp","href":"https:\/\/api.w.org\/{rel}","templated":true}]}}