{"id":195803,"date":"2025-08-25T12:14:20","date_gmt":"2025-08-25T10:14:20","guid":{"rendered":"https:\/\/www.budream.com\/shop\/barneys-farm-banana-punch-fem-verfuegbar-solange-der-vorrat-reicht\/"},"modified":"2026-03-21T21:40:52","modified_gmt":"2026-03-21T19:40:52","slug":"barneys-farm-banana-punch-fem-verfuegbar-solange-der-vorrat-reicht","status":"publish","type":"product","link":"https:\/\/www.budream.com\/de\/shop\/barneys-farm-banana-punch-fem-verfuegbar-solange-der-vorrat-reicht\/","title":{"rendered":"BARNEY&#8217;S FARM &#8211; BANANA PUNCH FEM Verf\u00fcgbar solange der Vorrat reicht"},"content":{"rendered":"<p><strong>BANANA PUNCH<\/strong> ist ein ausgewogener Hybrid zwischen Indica und Sativa, vielseitig und f\u00fcr jede Gelegenheit geeignet von BARNEY&#8217;S FARM. Verf\u00fcgbar in Packungen mit 1 Samen feminisiert. Mit gutem THC-Gehalt (Hoch (15\u201319\u202f%)), diese Pflanze richtet sich an diejenigen, die Potenz und Qualit\u00e4t suchen. Im Anbau, bl\u00fcht schnell in 7-9 Wochen und garantiert reichlich Ertr\u00e4ge. In der Nase und am Gaumen zeichnet sich sein \ud83c\udf53 S\u00fc\u00df \/ Fruchtig-Aroma aus.<\/p>\n","protected":false},"excerpt":{"rendered":"<p>\ud83c\udf3f BANANA PUNCH von BARNEY&#8217;S FARM \u00b7 \ud83e\uddec Indica \/ Sativa \u00b7 \ud83d\udcaa THC hoch (Hoch (15\u201319\u202f%)) \u00b7 \ud83d\udce6 Ertrag XL.<\/p>\n","protected":false},"featured_media":162241,"comment_status":"open","ping_status":"closed","template":"","meta":[],"product_brand":[],"product_cat":[7952],"product_tag":[10171,10396,8510,8511,8645,9931,10126,10128,10140],"class_list":{"0":"post-195803","1":"product","2":"type-product","3":"status-publish","4":"has-post-thumbnail","6":"product_cat-seedshop-de","7":"product_tag-suess-fruchtig","8":"product_tag-banana-punch-fem-verfuegbar-solange-der-vorrat-reicht","9":"product_tag-indica","10":"product_tag-sativa","11":"product_tag-barneys-farm","12":"product_tag-hybrid","13":"product_tag-cannabis-samen","14":"product_tag-feminisierte-samen","15":"product_tag-thc-hoch","17":"first","18":"outofstock","19":"taxable","20":"shipping-taxable","21":"product-type-variable"},"aioseo_notices":[],"_links":{"self":[{"href":"https:\/\/www.budream.com\/de\/wp-json\/wp\/v2\/product\/195803","targetHints":{"allow":["GET"]}}],"collection":[{"href":"https:\/\/www.budream.com\/de\/wp-json\/wp\/v2\/product"}],"about":[{"href":"https:\/\/www.budream.com\/de\/wp-json\/wp\/v2\/types\/product"}],"replies":[{"embeddable":true,"href":"https:\/\/www.budream.com\/de\/wp-json\/wp\/v2\/comments?post=195803"}],"version-history":[{"count":1,"href":"https:\/\/www.budream.com\/de\/wp-json\/wp\/v2\/product\/195803\/revisions"}],"predecessor-version":[{"id":259328,"href":"https:\/\/www.budream.com\/de\/wp-json\/wp\/v2\/product\/195803\/revisions\/259328"}],"wp:featuredmedia":[{"embeddable":true,"href":"https:\/\/www.budream.com\/de\/wp-json\/wp\/v2\/media\/162241"}],"wp:attachment":[{"href":"https:\/\/www.budream.com\/de\/wp-json\/wp\/v2\/media?parent=195803"}],"wp:term":[{"taxonomy":"product_brand","embeddable":true,"href":"https:\/\/www.budream.com\/de\/wp-json\/wp\/v2\/product_brand?post=195803"},{"taxonomy":"product_cat","embeddable":true,"href":"https:\/\/www.budream.com\/de\/wp-json\/wp\/v2\/product_cat?post=195803"},{"taxonomy":"product_tag","embeddable":true,"href":"https:\/\/www.budream.com\/de\/wp-json\/wp\/v2\/product_tag?post=195803"}],"curies":[{"name":"wp","href":"https:\/\/api.w.org\/{rel}","templated":true}]}}