{"id":196410,"date":"2025-09-03T16:38:51","date_gmt":"2025-09-03T14:38:51","guid":{"rendered":"https:\/\/www.budream.com\/shop\/manuelle-tisch-entweinungsmaschine-fuer-blumen-original-420\/"},"modified":"2025-12-22T23:58:46","modified_gmt":"2025-12-22T21:58:46","slug":"manuelle-tisch-entweinungsmaschine-fuer-blumen-original-420","status":"publish","type":"product","link":"https:\/\/www.budream.com\/de\/shop\/manuelle-tisch-entweinungsmaschine-fuer-blumen-original-420\/","title":{"rendered":"QNUBU &#8211; BUCKER MANUELLE BLUME DESTIMER"},"content":{"rendered":"<p>Qnubu pr\u00e4sentiert den neuen manuellen Benchtop-Entkerner.<br \/>Die verschiedenen Schlitze erm\u00f6glichen die Verwendung mit verschiedenen Stiel- und Knospendurchmessern, und der robuste Kunststoff garantiert Langlebigkeit. <\/p>\n<p>Er ist einfach zu bedienen und erm\u00f6glicht ein schnelles und sicheres Entstielen der Bl\u00fcten in bis zu 80 % k\u00fcrzerer Zeit als mit einer Schere.<\/p>\n<h2><span style=\"text-decoration: underline\">Die Vorteile des DeBudder Qnubu Entstaubers:<\/span><\/h2>\n<ul style=\"list-style-type: disc\">\n<li>Besch\u00e4digt die Blume nicht<\/li>\n<li>10 Befestigungsschrauben im Lieferumfang enthalten <\/li>\n<li>Geeignet f\u00fcr verschiedene Stiele<\/li>\n<li>Kann auf Holz-, Kunststoff- oder Metalltischen verwendet werden.<\/li>\n<\/ul>\n","protected":false},"excerpt":{"rendered":"<p>Qnubu pr\u00e4sentiert den neuen manuellen Benchtop-Entkerner.Die verschiedenen Schlitze erm\u00f6glichen die Verwendung mit verschiedenen Stiel- und Knospendurchmessern, und der robuste Kunststoff<\/p>\n","protected":false},"featured_media":196424,"comment_status":"open","ping_status":"closed","template":"","meta":[],"product_brand":[],"product_cat":[7925],"product_tag":[],"class_list":{"0":"post-196410","1":"product","2":"type-product","3":"status-publish","4":"has-post-thumbnail","6":"product_cat-growshop-de","8":"first","9":"instock","10":"taxable","11":"shipping-taxable","12":"purchasable","13":"product-type-simple"},"aioseo_notices":[],"_links":{"self":[{"href":"https:\/\/www.budream.com\/de\/wp-json\/wp\/v2\/product\/196410","targetHints":{"allow":["GET"]}}],"collection":[{"href":"https:\/\/www.budream.com\/de\/wp-json\/wp\/v2\/product"}],"about":[{"href":"https:\/\/www.budream.com\/de\/wp-json\/wp\/v2\/types\/product"}],"replies":[{"embeddable":true,"href":"https:\/\/www.budream.com\/de\/wp-json\/wp\/v2\/comments?post=196410"}],"version-history":[{"count":0,"href":"https:\/\/www.budream.com\/de\/wp-json\/wp\/v2\/product\/196410\/revisions"}],"wp:featuredmedia":[{"embeddable":true,"href":"https:\/\/www.budream.com\/de\/wp-json\/wp\/v2\/media\/196424"}],"wp:attachment":[{"href":"https:\/\/www.budream.com\/de\/wp-json\/wp\/v2\/media?parent=196410"}],"wp:term":[{"taxonomy":"product_brand","embeddable":true,"href":"https:\/\/www.budream.com\/de\/wp-json\/wp\/v2\/product_brand?post=196410"},{"taxonomy":"product_cat","embeddable":true,"href":"https:\/\/www.budream.com\/de\/wp-json\/wp\/v2\/product_cat?post=196410"},{"taxonomy":"product_tag","embeddable":true,"href":"https:\/\/www.budream.com\/de\/wp-json\/wp\/v2\/product_tag?post=196410"}],"curies":[{"name":"wp","href":"https:\/\/api.w.org\/{rel}","templated":true}]}}