{"id":196420,"date":"2025-09-03T16:39:16","date_gmt":"2025-09-03T14:39:16","guid":{"rendered":"https:\/\/www.budream.com\/shop\/bio-nova-lebende-erde-220gr\/"},"modified":"2026-02-26T10:12:16","modified_gmt":"2026-02-26T08:12:16","slug":"bio-nova-lebende-erde-220gr","status":"publish","type":"product","link":"https:\/\/www.budream.com\/de\/shop\/bio-nova-lebende-erde-220gr\/","title":{"rendered":"BIO NOVA &#8211; LIVING SOIL | 220GR"},"content":{"rendered":"<p class=\"p1\"><strong>Living Soil<\/strong> ist ein Granulatd\u00fcnger, der <strong>zu 100 % aus nat\u00fcrlichen Zutaten<\/strong> besteht. Er enth\u00e4lt alle wesentlichen Makro- und Mikron\u00e4hrstoffe, die f\u00fcr einen vollst\u00e4ndigen 12-w\u00f6chigen Zyklus ben\u00f6tigt werden. W\u00e4hrend dieses Zeitraums wird der D\u00fcnger langsam freigesetzt, so dass die Pflanzen genau das aufnehmen k\u00f6nnen, was sie brauchen. <\/p>\n<p>Was macht dieses Produkt zu einem echten Living Soil? Living Soil ist <strong>reich an Mikroorganismen, Mykorrhizen, Bazillen, Enzymen, Aminos\u00e4uren und Vitaminen<\/strong>. Die hohe Konzentration dieser Komponenten in diesem Produkt schafft ein gedeihliches Boden\u00f6kosystem, in dem Ihre Pflanzen gut gedeihen!<\/p>\n<p><strong><span style=\"text-decoration: underline\">So verwenden Sie Living Soil Bio Nova:<br \/><\/span><\/strong><span style=\"text-decoration: underline\"><br \/><\/span>Jede Packung enth\u00e4lt 220 Gramm Living Soil, ideal zum Mischen mit 15-20 Litern Substrat. Nach dem Gie\u00dfen l\u00f6st sich Living Soil allm\u00e4hlich auf und gibt nach und nach alle nat\u00fcrlichen Elemente frei. Mit Living Soil wird der Anbau einfach und 100% nat\u00fcrlich!<strong><span style=\"text-decoration: underline\"><br \/><\/span><\/strong><\/p>\n<p><span class=\"s1\"><strong>Dosierung:<\/strong> 220 g pro 15\/20 Liter Substrat<\/p>\n<p><\/span><b><b>Zusammensetzung: EC-D\u00fcnger &#8211; NPK 6-5-7 + Mikroorganismen<\/p>\n<p><\/b><\/b><\/p>\n<ul>\n<li><strong>6% Gesamtstickstoff (N), davon<\/strong>:\n<ul>\n<li>2% Ammoniak-Stickstoff<\/li>\n<li>4% Nitratstickstoff<\/li>\n<\/ul>\n<\/li>\n<li><strong>5% Phosphors\u00e4ureanhydrid (P2O5)<\/strong><\/li>\n<li><strong>7% Kaliumoxid (K2O)<\/strong><\/li>\n<li><strong>3% Schwefeldioxid (SO3)<\/strong><\/li>\n<\/ul>\n<p><b><br \/>Nat\u00fcrliche Inhaltsstoffe: <\/p>\n<p><\/b>Mikroorganismen, Mykorrhizen (siehe vollst\u00e4ndige Liste unten), Bacillus (siehe vollst\u00e4ndige Liste unten), Bentonit, Algen, Kalk, Trester, Cacoapellets, Enzyme, Aminos\u00e4uren, Vitamine C &#8211; B1 &#8211; E, Humate, nat\u00fcrliche chelatierte Spurenelemente, Tonmineralien, Kompost und Ascophillum Nodosum (Seetangalgen).<b><br \/><\/b><br \/><strong>Mykorrhiza-Arten<\/strong> (Endo und Ecto):<br \/>Glomus intraradices Glomus deserticola Rhizopogon amylopogon<br \/>Glomus mosseae Glomus brasillianum Rhizopogon villosuli<br \/>Glomus aggregatum Gigaspora margarita Rhizopogon fulvigleba<br \/>Glomus clarum Pisolithus tinctorius Rhizopogon luteolus<br \/>Glomus monosporus Laccaria bicolor Sceloderma citrinum<br \/>Glomus etunicatum Laccaria laccata Scleroderma cepa<\/p>\n<p><strong>Mikroorganismen<\/strong> &#8211; Arten Bacillus:<br \/>B. licheniformis B. subtilis<br \/>B. pasteurii B. laevolacticus<br \/>B. amyloliquefaciens B. Azotofixa<\/p>\n","protected":false},"excerpt":{"rendered":"<p>Living Soil ist ein Granulatd\u00fcnger, der zu 100 % aus nat\u00fcrlichen Zutaten besteht. Er enth\u00e4lt alle wesentlichen Makro- und Mikron\u00e4hrstoffe,<\/p>\n","protected":false},"featured_media":196414,"comment_status":"open","ping_status":"closed","template":"","meta":[],"product_brand":[],"product_cat":[7925],"product_tag":[],"class_list":{"0":"post-196420","1":"product","2":"type-product","3":"status-publish","4":"has-post-thumbnail","6":"product_cat-growshop-de","8":"first","9":"outofstock","10":"taxable","11":"shipping-taxable","12":"purchasable","13":"product-type-simple"},"aioseo_notices":[],"_links":{"self":[{"href":"https:\/\/www.budream.com\/de\/wp-json\/wp\/v2\/product\/196420","targetHints":{"allow":["GET"]}}],"collection":[{"href":"https:\/\/www.budream.com\/de\/wp-json\/wp\/v2\/product"}],"about":[{"href":"https:\/\/www.budream.com\/de\/wp-json\/wp\/v2\/types\/product"}],"replies":[{"embeddable":true,"href":"https:\/\/www.budream.com\/de\/wp-json\/wp\/v2\/comments?post=196420"}],"version-history":[{"count":0,"href":"https:\/\/www.budream.com\/de\/wp-json\/wp\/v2\/product\/196420\/revisions"}],"wp:featuredmedia":[{"embeddable":true,"href":"https:\/\/www.budream.com\/de\/wp-json\/wp\/v2\/media\/196414"}],"wp:attachment":[{"href":"https:\/\/www.budream.com\/de\/wp-json\/wp\/v2\/media?parent=196420"}],"wp:term":[{"taxonomy":"product_brand","embeddable":true,"href":"https:\/\/www.budream.com\/de\/wp-json\/wp\/v2\/product_brand?post=196420"},{"taxonomy":"product_cat","embeddable":true,"href":"https:\/\/www.budream.com\/de\/wp-json\/wp\/v2\/product_cat?post=196420"},{"taxonomy":"product_tag","embeddable":true,"href":"https:\/\/www.budream.com\/de\/wp-json\/wp\/v2\/product_tag?post=196420"}],"curies":[{"name":"wp","href":"https:\/\/api.w.org\/{rel}","templated":true}]}}