{"id":196455,"date":"2025-09-03T16:48:14","date_gmt":"2025-09-03T14:48:14","guid":{"rendered":"https:\/\/www.budream.com\/shop\/manuelle-tisch-entweinungsmaschine-fuer-blumen-original-420-2\/"},"modified":"2026-04-14T15:17:47","modified_gmt":"2026-04-14T13:17:47","slug":"manuelle-tisch-entweinungsmaschine-fuer-blumen-original-420-2","status":"publish","type":"product","link":"https:\/\/www.budream.com\/de\/shop\/manuelle-tisch-entweinungsmaschine-fuer-blumen-original-420-2\/","title":{"rendered":"QNUBU &#8211; HANDBUCH EIMER BLUME DESTIMER"},"content":{"rendered":"<p>Qnubu pr\u00e4sentiert den neuen manuellen Entstimmer f\u00fcr Eimer und K\u00fcbel.<br \/>Die verschiedenen Schlitze erm\u00f6glichen den Einsatz bei unterschiedlichen Stiel- und Knospendurchmessern, und der robuste Kunststoff garantiert Langlebigkeit. <\/p>\n<p>Er ist einfach zu bedienen und erm\u00f6glicht ein schnelles und sicheres Entstampfen der Bl\u00fcten, bis zu 80% schneller als mit einer Schere.<\/p>\n<p>Funktioniert mit Standard 19 Liter (5 gallon ) Eimern<\/p>\n<h2><span style=\"text-decoration: underline\">Vorteile des DeBudder Qnubu Entstaubers<\/span><\/h2>\n<ul style=\"list-style-type: disc\">\n<li>Besch\u00e4digt die Blume nicht<\/li>\n<li>Passt auf verschiedene St\u00e4ngel<\/li>\n<li>Passt in alle 19L Eimer<\/li>\n<li>30cm Durchmesser<\/li>\n<\/ul>\n","protected":false},"excerpt":{"rendered":"<p>Qnubu pr\u00e4sentiert den neuen manuellen Entstimmer f\u00fcr Eimer und K\u00fcbel.Die verschiedenen Schlitze erm\u00f6glichen den Einsatz bei unterschiedlichen Stiel- und Knospendurchmessern,<\/p>\n","protected":false},"featured_media":196439,"comment_status":"open","ping_status":"closed","template":"","meta":[],"product_brand":[],"product_cat":[7925],"product_tag":[],"class_list":{"0":"post-196455","1":"product","2":"type-product","3":"status-publish","4":"has-post-thumbnail","6":"product_cat-growshop-de","8":"first","9":"instock","10":"taxable","11":"shipping-taxable","12":"purchasable","13":"product-type-simple"},"_links":{"self":[{"href":"https:\/\/www.budream.com\/de\/wp-json\/wp\/v2\/product\/196455","targetHints":{"allow":["GET"]}}],"collection":[{"href":"https:\/\/www.budream.com\/de\/wp-json\/wp\/v2\/product"}],"about":[{"href":"https:\/\/www.budream.com\/de\/wp-json\/wp\/v2\/types\/product"}],"replies":[{"embeddable":true,"href":"https:\/\/www.budream.com\/de\/wp-json\/wp\/v2\/comments?post=196455"}],"version-history":[{"count":1,"href":"https:\/\/www.budream.com\/de\/wp-json\/wp\/v2\/product\/196455\/revisions"}],"predecessor-version":[{"id":262875,"href":"https:\/\/www.budream.com\/de\/wp-json\/wp\/v2\/product\/196455\/revisions\/262875"}],"wp:featuredmedia":[{"embeddable":true,"href":"https:\/\/www.budream.com\/de\/wp-json\/wp\/v2\/media\/196439"}],"wp:attachment":[{"href":"https:\/\/www.budream.com\/de\/wp-json\/wp\/v2\/media?parent=196455"}],"wp:term":[{"taxonomy":"product_brand","embeddable":true,"href":"https:\/\/www.budream.com\/de\/wp-json\/wp\/v2\/product_brand?post=196455"},{"taxonomy":"product_cat","embeddable":true,"href":"https:\/\/www.budream.com\/de\/wp-json\/wp\/v2\/product_cat?post=196455"},{"taxonomy":"product_tag","embeddable":true,"href":"https:\/\/www.budream.com\/de\/wp-json\/wp\/v2\/product_tag?post=196455"}],"curies":[{"name":"wp","href":"https:\/\/api.w.org\/{rel}","templated":true}]}}