{"id":196480,"date":"2025-09-03T16:58:51","date_gmt":"2025-09-03T14:58:51","guid":{"rendered":"https:\/\/www.budream.com\/?post_type=product&#038;p=196480"},"modified":"2025-12-18T15:44:18","modified_gmt":"2025-12-18T13:44:18","slug":"bio-nova-klebrige-reinigungstuecher-packung-100stk","status":"publish","type":"product","link":"https:\/\/www.budream.com\/de\/shop\/bio-nova-klebrige-reinigungstuecher-packung-100stk\/","title":{"rendered":"BIO NOVA &#8211; KLEBRIGE REINIGUNGST\u00dcCHER | PACKUNG 100STK"},"content":{"rendered":"<p class=\"p1\"><strong>Sticky<\/strong> Clean ist ein vorbefeuchtetes, gebrauchsfertiges Reinigungstuch, das Harzr\u00fcckst\u00e4nde von jeder Oberfl\u00e4che entfernt.<\/p>\n<ul data-start=\"505\" data-end=\"731\">\n<li data-start=\"505\" data-end=\"551\">Dermatologisch getestet und zugelassen<\/li>\n<li data-start=\"552\" data-end=\"598\">Biologisch abbaubare und umweltfreundliche Formel<\/li>\n<li data-start=\"599\" data-end=\"640\">Hinterl\u00e4sst keinen Heiligenschein oder Verunreinigungen<\/li>\n<li data-start=\"641\" data-end=\"731\">Sicher und frei von CLP-Piktogrammen &rarr; Keine Einschr\u00e4nkungen bei Transport und Lagerung<\/li>\n<\/ul>\n<p data-start=\"733\" data-end=\"767\"><strong>Tiefgreifende und vielseitige Reinigung: <\/strong>Dank seiner einzigartigen Formel entfernt Sticky Clean effektiv<\/p>\n<ul data-start=\"841\" data-end=\"964\">\n<li data-start=\"841\" data-end=\"873\">Harze<\/li>\n<li data-start=\"874\" data-end=\"916\">Lacke, Farben, Klebstoffe und Dichtungsmittel<\/li>\n<li data-start=\"917\" data-end=\"964\">Fette, \u00d6le, Schmierstoffe und allgemeinen Schmutz<\/li>\n<\/ul>\n<p data-start=\"966\" data-end=\"1001\">Viskose-Rayon-T\u00fccher mit mikroperforiertem Gewebe fangen die Harze im Gewebe ein und sorgen f\u00fcr eine hervorragende, lang anhaltende Reinigung.<\/p>\n<p data-start=\"1155\" data-end=\"1194\"><strong>Praktisch immer zur Hand:<\/strong><\/p>\n<ul data-start=\"1195\" data-end=\"1434\">\n<li data-start=\"1195\" data-end=\"1272\"><strong data-start=\"1197\" data-end=\"1233\">Schnelle und m\u00fchelose Entnahme<\/strong> &rarr; erh\u00e4ltlich in Dose oder Eimer<\/li>\n<li data-start=\"1273\" data-end=\"1364\"><strong data-start=\"1275\" data-end=\"1314\">Intelligenter wiederverschlie\u00dfbarer Deckel<\/strong> &rarr; h\u00e4lt die T\u00fccher jederzeit frisch und bereit<\/li>\n<li data-start=\"1365\" data-end=\"1434\"><strong data-start=\"1367\" data-end=\"1399\">Kein Absp\u00fclen erforderlich<\/strong> &rarr; H\u00e4nde und Instrumente sind sofort sauber<\/li>\n<\/ul>\n<h3 data-start=\"1436\" data-end=\"1456\">Wie zu verwenden:<\/h3>\n<ol data-start=\"1457\" data-end=\"1711\">\n<li data-start=\"1457\" data-end=\"1489\">Nehmen Sie ein Feuchttuch.<\/li>\n<li data-start=\"1490\" data-end=\"1520\">Feuchten Sie die Oberfl\u00e4che an.<\/li>\n<li data-start=\"1521\" data-end=\"1567\">Streichen Sie mit dem Tuch \u00fcber die zu behandelnde Stelle.<\/li>\n<li data-start=\"1568\" data-end=\"1628\">Lassen Sie es einwirken und entdecken Sie die Reinigungskraft von Sticky Clean.<\/li>\n<li data-start=\"1629\" data-end=\"1711\">Vergewissern Sie sich, dass H\u00e4nde und Oberfl\u00e4chen trocken sind, bevor Sie die Arbeit fortsetzen.<\/li>\n<\/ol>\n<p data-start=\"1713\" data-end=\"1743\"><strong>Ein optimales Ergebnis ergibt sich aus dem Gleichgewicht von vier Faktoren:<\/strong><\/p>\n<ul data-start=\"1810\" data-end=\"2042\">\n<li data-start=\"1810\" data-end=\"1874\"><strong data-start=\"1812\" data-end=\"1823\">Chemisch<\/strong>: der pH-Wert beeinflusst die Aufl\u00f6sung des Schmutzes<\/li>\n<li data-start=\"1875\" data-end=\"1926\"><strong data-start=\"1877\" data-end=\"1888\">Reibung<\/strong>: Reiben beschleunigt die Reinigung<\/li>\n<li data-start=\"1927\" data-end=\"1976\"><strong data-start=\"1929\" data-end=\"1938\">Zeit<\/strong>: Einwirken lassen erh\u00f6ht die Effektivit\u00e4t<\/li>\n<li data-start=\"1977\" data-end=\"2042\"><strong data-start=\"1979\" data-end=\"1994\">Temperatur<\/strong>: W\u00e4rme f\u00f6rdert die Entfernung von R\u00fcckst\u00e4nden<\/li>\n<\/ul>\n<h3 data-start=\"2044\" data-end=\"2060\">Warnungen:<\/h3>\n<ul data-start=\"2061\" data-end=\"2242\">\n<li data-start=\"2061\" data-end=\"2153\">Nicht auf LED-Bildschirmen, Gl\u00e4sern, Armaturenbrettern, wei\u00dfen Tafeln oder weichen Kunststoffen verwenden.<\/li>\n<li data-start=\"2154\" data-end=\"2242\">Schlie\u00dfen Sie den Deckel immer fest: Wenn das Tuch austrocknet, verliert es seine Wirksamkeit.<\/li>\n<\/ul>\n","protected":false},"excerpt":{"rendered":"<p>Sticky Clean ist ein vorbefeuchtetes, gebrauchsfertiges Reinigungstuch, das Harzr\u00fcckst\u00e4nde von jeder Oberfl\u00e4che entfernt. Dermatologisch getestet und zugelassen Biologisch abbaubare und<\/p>\n","protected":false},"featured_media":196474,"comment_status":"open","ping_status":"closed","template":"","meta":[],"product_brand":[],"product_cat":[7603],"product_tag":[],"class_list":{"0":"post-196480","1":"product","2":"type-product","3":"status-publish","4":"has-post-thumbnail","6":"product_cat-head-shop","8":"first","9":"instock","10":"taxable","11":"shipping-taxable","12":"purchasable","13":"product-type-simple"},"_links":{"self":[{"href":"https:\/\/www.budream.com\/de\/wp-json\/wp\/v2\/product\/196480","targetHints":{"allow":["GET"]}}],"collection":[{"href":"https:\/\/www.budream.com\/de\/wp-json\/wp\/v2\/product"}],"about":[{"href":"https:\/\/www.budream.com\/de\/wp-json\/wp\/v2\/types\/product"}],"replies":[{"embeddable":true,"href":"https:\/\/www.budream.com\/de\/wp-json\/wp\/v2\/comments?post=196480"}],"version-history":[{"count":0,"href":"https:\/\/www.budream.com\/de\/wp-json\/wp\/v2\/product\/196480\/revisions"}],"wp:featuredmedia":[{"embeddable":true,"href":"https:\/\/www.budream.com\/de\/wp-json\/wp\/v2\/media\/196474"}],"wp:attachment":[{"href":"https:\/\/www.budream.com\/de\/wp-json\/wp\/v2\/media?parent=196480"}],"wp:term":[{"taxonomy":"product_brand","embeddable":true,"href":"https:\/\/www.budream.com\/de\/wp-json\/wp\/v2\/product_brand?post=196480"},{"taxonomy":"product_cat","embeddable":true,"href":"https:\/\/www.budream.com\/de\/wp-json\/wp\/v2\/product_cat?post=196480"},{"taxonomy":"product_tag","embeddable":true,"href":"https:\/\/www.budream.com\/de\/wp-json\/wp\/v2\/product_tag?post=196480"}],"curies":[{"name":"wp","href":"https:\/\/api.w.org\/{rel}","templated":true}]}}