{"id":196604,"date":"2025-09-11T10:42:57","date_gmt":"2025-09-11T08:42:57","guid":{"rendered":"https:\/\/www.budream.com\/shop\/nebel-votan-basis-zu-mischen-ohne-nikotin-30-gramm\/"},"modified":"2026-03-30T09:48:40","modified_gmt":"2026-03-30T07:48:40","slug":"nebel-votan-basis-zu-mischen-ohne-nikotin-30-gramm","status":"publish","type":"product","link":"https:\/\/www.budream.com\/de\/shop\/nebel-votan-basis-zu-mischen-ohne-nikotin-30-gramm\/","title":{"rendered":"NEBEL &#8211; BOTANISCHE BASIS ZU MISCHEN, OHNE NIKOTIN | 30 GRAMM"},"content":{"rendered":"<p><strong>Nebulae<\/strong> ist eine botanische Basis zum Mischen, die f\u00fcr diejenigen gedacht ist, die einen bewussten Moment suchen.<br \/>Sie besteht aus ausgew\u00e4hlten Heilkr\u00e4utern (Himbeerbl\u00e4tter, Zitronenmelisse, Eisenkraut, Rotklee, Ysop, K\u00f6nigskerze, Rosenbl\u00e4tter).<br \/>Eine 100% nat\u00fcrliche Mischung, frei von Nikotin, Zusatzstoffen und Aromen. Eine sanfte und starke Alternative, die nach Freiheit, Ritual und Delikatesse duftet.<\/p>\n<p>Geerntet und verpackt im Piemont<br \/>Das Produkt ist nicht f\u00fcr Lebensmittel oder therapeutische Zwecke bestimmt. Empfohlen f\u00fcr den dekorativen Gebrauch.<\/p>\n","protected":false},"excerpt":{"rendered":"<p>Nebulae ist eine botanische Basis zum Mischen, die f\u00fcr diejenigen gedacht ist, die einen bewussten Moment suchen.Sie besteht aus ausgew\u00e4hlten<\/p>\n","protected":false},"featured_media":196643,"comment_status":"open","ping_status":"closed","template":"","meta":[],"product_brand":[],"product_cat":[7947],"product_tag":[],"class_list":{"0":"post-196604","1":"product","2":"type-product","3":"status-publish","4":"has-post-thumbnail","6":"product_cat-headshop-de","8":"first","9":"instock","10":"taxable","11":"shipping-taxable","12":"purchasable","13":"product-type-simple"},"_links":{"self":[{"href":"https:\/\/www.budream.com\/de\/wp-json\/wp\/v2\/product\/196604","targetHints":{"allow":["GET"]}}],"collection":[{"href":"https:\/\/www.budream.com\/de\/wp-json\/wp\/v2\/product"}],"about":[{"href":"https:\/\/www.budream.com\/de\/wp-json\/wp\/v2\/types\/product"}],"replies":[{"embeddable":true,"href":"https:\/\/www.budream.com\/de\/wp-json\/wp\/v2\/comments?post=196604"}],"version-history":[{"count":0,"href":"https:\/\/www.budream.com\/de\/wp-json\/wp\/v2\/product\/196604\/revisions"}],"wp:featuredmedia":[{"embeddable":true,"href":"https:\/\/www.budream.com\/de\/wp-json\/wp\/v2\/media\/196643"}],"wp:attachment":[{"href":"https:\/\/www.budream.com\/de\/wp-json\/wp\/v2\/media?parent=196604"}],"wp:term":[{"taxonomy":"product_brand","embeddable":true,"href":"https:\/\/www.budream.com\/de\/wp-json\/wp\/v2\/product_brand?post=196604"},{"taxonomy":"product_cat","embeddable":true,"href":"https:\/\/www.budream.com\/de\/wp-json\/wp\/v2\/product_cat?post=196604"},{"taxonomy":"product_tag","embeddable":true,"href":"https:\/\/www.budream.com\/de\/wp-json\/wp\/v2\/product_tag?post=196604"}],"curies":[{"name":"wp","href":"https:\/\/api.w.org\/{rel}","templated":true}]}}