{"id":196704,"date":"2025-09-12T12:02:07","date_gmt":"2025-09-12T10:02:07","guid":{"rendered":"https:\/\/www.budream.com\/?post_type=product&#038;p=196704"},"modified":"2026-03-23T12:27:51","modified_gmt":"2026-03-23T10:27:51","slug":"ortoled-regler-0-10-pwm-2-kanaele-ec4330","status":"publish","type":"product","link":"https:\/\/www.budream.com\/de\/shop\/ortoled-regler-0-10-pwm-2-kanaele-ec4330\/","title":{"rendered":"ORTOLED &#8211; REGLER 0-10 &amp; PWM 2 KAN\u00c4LE EC4330"},"content":{"rendered":"<p class=\"p1\">Der ORTOLED 0-10V &amp; PWM EC43340 2 SEPARATE CHANNELS Touchscreen-Controller wurde f\u00fcr die pr\u00e4zise Steuerung von LED-Beleuchtungssystemen entwickelt, bei denen mehrere Kan\u00e4le separat \u00fcber einen einzigen Anschluss gesteuert werden m\u00fcssen. Er bietet einen 0-10V-Signalausgang mit einer maximalen Leistung von 50mA und eine fortschrittliche PWM-Steuerung. Das Ger\u00e4t wird mit 5 V betrieben und verbraucht 2 A. Es kann bis zu 30 LED-Lampen steuern und ist damit ideal f\u00fcr kommerzielle und private Beleuchtungsanwendungen.<br \/>Eine hervorragende L\u00f6sung f\u00fcr die Steuerung von bis zu 4 Kan\u00e4len.<\/p>\n<p class=\"p1\">Das kompakte Design mit Abmessungen von 145x80x28 mm und einem Gewicht von 310 g verf\u00fcgt \u00fcber RJ14-Anschl\u00fcsse f\u00fcr das 0-10V-Signal, RJ19 f\u00fcr die PWM-Steuerung und einen speziellen Eingang f\u00fcr den Temperatur- und Feuchtigkeitssensor, um eine vollst\u00e4ndige und zuverl\u00e4ssige Steuerung \u00fcber einen Betriebstemperaturbereich von 0&deg;C bis 40&deg;C zu erm\u00f6glichen.<\/p>\n<p>Geeignet f\u00fcr ORTOLED DUAL HL 780W full cycle+UV<\/p>\n<p><\/p>\n<h2><span style=\"text-decoration: underline\"><strong>Merkmale Ortoled Controller 0-10 &amp; PWM EC4330:<\/strong><\/span><\/h2>\n<p>&#8211; Wenn LED-Wachstumslampen eine Spektrum-Umschaltfunktion haben, kann unser Controller diese Umschaltung \u00fcbernehmen.<br \/>&#8211; Vier-Kanal-Steuerung.<br \/>&#8211; Leistungsregelung.<br \/>&#8211; Einstellung des Szenemodus.<br \/>&#8211; Leistungs- oder Schaltsteuerung mit Zeiteinteilung.<br \/>&#8211; Einstellung von Sonnenaufgang und Sonnenuntergang und PPFD-\u00dcberwachung.<br \/>&#8211; Leistungsreduzierung oder Lichtabschaltung bei hoher Temperatur.<br \/>&#8211; Erweiterung der Funktionalit\u00e4t: PPFD-Test, intelligente Steckdose, Kohlendioxid.<br \/>&#8211; Absaug- und L\u00fcftungssteuerung mit 2 PWM-Kan\u00e4len<\/p>\n","protected":false},"excerpt":{"rendered":"<p>Der ORTOLED 0-10V &amp; PWM EC43340 2 SEPARATE CHANNELS Touchscreen-Controller wurde f\u00fcr die pr\u00e4zise Steuerung von LED-Beleuchtungssystemen entwickelt, bei denen<\/p>\n","protected":false},"featured_media":196708,"comment_status":"open","ping_status":"closed","template":"","meta":[],"product_brand":[],"product_cat":[7938],"product_tag":[],"class_list":{"0":"post-196704","1":"product","2":"type-product","3":"status-publish","4":"has-post-thumbnail","6":"product_cat-led-lampe","8":"first","9":"instock","10":"taxable","11":"shipping-taxable","12":"purchasable","13":"product-type-simple"},"_links":{"self":[{"href":"https:\/\/www.budream.com\/de\/wp-json\/wp\/v2\/product\/196704","targetHints":{"allow":["GET"]}}],"collection":[{"href":"https:\/\/www.budream.com\/de\/wp-json\/wp\/v2\/product"}],"about":[{"href":"https:\/\/www.budream.com\/de\/wp-json\/wp\/v2\/types\/product"}],"replies":[{"embeddable":true,"href":"https:\/\/www.budream.com\/de\/wp-json\/wp\/v2\/comments?post=196704"}],"version-history":[{"count":0,"href":"https:\/\/www.budream.com\/de\/wp-json\/wp\/v2\/product\/196704\/revisions"}],"wp:featuredmedia":[{"embeddable":true,"href":"https:\/\/www.budream.com\/de\/wp-json\/wp\/v2\/media\/196708"}],"wp:attachment":[{"href":"https:\/\/www.budream.com\/de\/wp-json\/wp\/v2\/media?parent=196704"}],"wp:term":[{"taxonomy":"product_brand","embeddable":true,"href":"https:\/\/www.budream.com\/de\/wp-json\/wp\/v2\/product_brand?post=196704"},{"taxonomy":"product_cat","embeddable":true,"href":"https:\/\/www.budream.com\/de\/wp-json\/wp\/v2\/product_cat?post=196704"},{"taxonomy":"product_tag","embeddable":true,"href":"https:\/\/www.budream.com\/de\/wp-json\/wp\/v2\/product_tag?post=196704"}],"curies":[{"name":"wp","href":"https:\/\/api.w.org\/{rel}","templated":true}]}}