{"id":197390,"date":"2025-09-22T10:07:25","date_gmt":"2025-09-22T08:07:25","guid":{"rendered":"https:\/\/www.budream.com\/shop\/ortoled-under-chioma-led-120w\/"},"modified":"2026-03-30T09:45:04","modified_gmt":"2026-03-30T07:45:04","slug":"ortoled-under-chioma-led-120w","status":"publish","type":"product","link":"https:\/\/www.budream.com\/de\/shop\/ortoled-under-chioma-led-120w\/","title":{"rendered":"ORTOLED &#8211; UNTER VORDACH LED | 120W"},"content":{"rendered":"<p>Die neue Lampe <strong>UNDER CANOPY ORTOLED 120W<\/strong> wurde entwickelt, um das Pflanzenwachstum zu verbessern und die Blatteffizienz im Schatten zu optimieren.<\/p>\n<p>Warum ist eine Beleuchtung unter dem Bl\u00e4tterdach notwendig?<br \/>Der untere Teil des Kronendachs ist dunkel, und eine Erh\u00f6hung des Lichts in diesem Bereich steigert die Effizienz der beschatteten Bl\u00e4tter erheblich.<\/p>\n<p>Auch die sonst unterentwickelten Bl\u00fcten unter dem Laubdach werden dadurch besser genutzt. Da der obere Teil des Laubes bereits durch Sonnenlicht oder<br \/>bereits gut entwickelt ist, k\u00f6nnen zus\u00e4tzliche Photonen unter dem Laubdach produktiver sein als zus\u00e4tzliche Photonen<br \/>oberhalb des Kronendachs.<\/p>\n<p>Es wurden enorme Produktivit\u00e4tssteigerungen festgestellt, wenn etwa 200-500 &micro;mol-m&sup2;-s-&sup1; unter dem Kronendach hinzugef\u00fcgt wurden. Diese Werte sind zwar niedriger<br \/>als die \u00fcber der Baumkrone, aber sie nutzen eine ansonsten ungenutzte Fl\u00e4che ausreichend aus.<\/p>\n<p>Die Beleuchtung <strong>unter dem Vordach<\/strong> mit der <strong>UNDER CANOPY ORTOLED 120W-Lampe<\/strong> kann wie eine Verdoppelung der Anbaufl\u00e4che sein; \u00fcber dem Vordach gab es bereits einen Bereich<br \/>Oben gab es bereits eine Anbaufl\u00e4che, und mit der Unterdachbeleuchtung kann die gleiche Anbaufl\u00e4che nun unten produktiv sein.<\/p>\n<p>Verbessern Sie Ihre Anbaupl\u00e4ne und lassen Sie keine Keimlinge zur\u00fcck. Mit unseren speziell entwickelten Unterdachleuchten k\u00f6nnen Sie das<br \/>Wachstum und Ertr\u00e4ge maximieren, indem Sie zuvor unterbelichtete Bereiche Ihrer Pflanze beleuchten.<\/p>\n<p><strong>Merkmale:<br \/><\/strong><br \/>&#8211; Verbessert Knospenstruktur, Dichte und F\u00e4rbung B<br \/>&#8211; Kompakt und leicht, einfach zu handhaben f\u00fcr die Ernte oder die schnelle Entfernung zwischen den Spalierschichten<br \/>&#8211; Optimiertes Vollspektrum, von Z\u00fcchtern f\u00fcr die vegetative und bl\u00fchende Phase getestet<br \/>&#8211; Schutzart IP65 f\u00fcr einfache Reinigung und Schutz vor IPM-Spritzmitteln, Bew\u00e4sserungslecks und Mitarbeitern<br \/>&#8211; Strom- und Datenanschluss \u00fcber die gleichen Anschl\u00fcsse, keine zus\u00e4tzlichen Kabel erforderlich<\/p>\n<p>Einzelheiten zum Produkt:<br \/>&#8211; Optional 1: Montagehalterung &times;2<br \/>&#8211; Optional 2: verstellbare Halterung &times;2<\/p>\n<p>Weitere Merkmale:<br \/>&#8211; Linse mit hoher Lichtdurchl\u00e4ssigkeit und Blasenform zur gleichm\u00e4\u00dfigen Streuung des Lichts und besseren Durchdringung des Laubes<br \/>&#8211; Aluminiumk\u00fchlk\u00f6rper f\u00fcr schnelle W\u00e4rmeableitung<br \/>&#8211; Wasserdichter Stromanschluss<\/p>\n<p><strong>Technische Daten:<\/strong><\/p>\n<p>Modell ORTOLED UCL 120W <\/p>\n<ul>\n<li>Stromst\u00e4rke 1,00A 0,58A 0,55A 0,43A<\/li>\n<li>Spannung 120V 208V 220V 277V<\/li>\n<li>PPE 2,8-3,0 umol\/J<\/li>\n<li>PPF 336-360 umol\/s<\/li>\n<li>Eingangsleistung 120W<\/li>\n<li>lnputSpannung 120-277V AC<\/li>\n<li>Eingangsstrom 0,43-1,00A<\/li>\n<li>Frequenz 50\/60 Hz<\/li>\n<li>W\u00e4rmemanagement Passiv<\/li>\n<li>Umgebungstemperatur -25-40&deg;C<\/li>\n<li>Lichtverteilung 120&deg;<\/li>\n<li>Lebensdauer 50.000 Std.<\/li>\n<li>Abmessungen 115&#215;7,7&#215;8,1 cm<\/li>\n<\/ul>\n","protected":false},"excerpt":{"rendered":"<p>Die neue Lampe UNDER CANOPY ORTOLED 120W wurde entwickelt, um das Pflanzenwachstum zu verbessern und die Blatteffizienz im Schatten zu<\/p>\n","protected":false},"featured_media":197369,"comment_status":"open","ping_status":"closed","template":"","meta":[],"product_brand":[],"product_cat":[7938],"product_tag":[],"class_list":{"0":"post-197390","1":"product","2":"type-product","3":"status-publish","4":"has-post-thumbnail","6":"product_cat-led-lampe","8":"first","9":"instock","10":"sale","11":"taxable","12":"shipping-taxable","13":"purchasable","14":"product-type-simple"},"aioseo_notices":[],"_links":{"self":[{"href":"https:\/\/www.budream.com\/de\/wp-json\/wp\/v2\/product\/197390","targetHints":{"allow":["GET"]}}],"collection":[{"href":"https:\/\/www.budream.com\/de\/wp-json\/wp\/v2\/product"}],"about":[{"href":"https:\/\/www.budream.com\/de\/wp-json\/wp\/v2\/types\/product"}],"replies":[{"embeddable":true,"href":"https:\/\/www.budream.com\/de\/wp-json\/wp\/v2\/comments?post=197390"}],"version-history":[{"count":0,"href":"https:\/\/www.budream.com\/de\/wp-json\/wp\/v2\/product\/197390\/revisions"}],"wp:featuredmedia":[{"embeddable":true,"href":"https:\/\/www.budream.com\/de\/wp-json\/wp\/v2\/media\/197369"}],"wp:attachment":[{"href":"https:\/\/www.budream.com\/de\/wp-json\/wp\/v2\/media?parent=197390"}],"wp:term":[{"taxonomy":"product_brand","embeddable":true,"href":"https:\/\/www.budream.com\/de\/wp-json\/wp\/v2\/product_brand?post=197390"},{"taxonomy":"product_cat","embeddable":true,"href":"https:\/\/www.budream.com\/de\/wp-json\/wp\/v2\/product_cat?post=197390"},{"taxonomy":"product_tag","embeddable":true,"href":"https:\/\/www.budream.com\/de\/wp-json\/wp\/v2\/product_tag?post=197390"}],"curies":[{"name":"wp","href":"https:\/\/api.w.org\/{rel}","templated":true}]}}