{"id":200666,"date":"2025-09-26T08:37:02","date_gmt":"2025-09-26T06:37:02","guid":{"rendered":"https:\/\/www.budream.com\/shop\/barneys-farm-acapulco-gold-fem-5\/"},"modified":"2026-03-31T01:15:04","modified_gmt":"2026-03-30T23:15:04","slug":"barneys-farm-acapulco-gold-fem-5","status":"publish","type":"product","link":"https:\/\/www.budream.com\/de\/shop\/barneys-farm-acapulco-gold-fem-5\/","title":{"rendered":"BARNEY&#8217;S FARM &#8211; ACAPULCO GOLD FEM"},"content":{"rendered":"<div style=\"text-align: justify\">Barneys Farm ist st\u00e4ndig bestrebt, die Grenzen der Genetik zu erweitern und die Auswahl- und Zuchtverfahren zu verbessern, um etwas wirklich Atemberaubendes zu schaffen. ACAPULCO GOLD repr\u00e4sentiert die n\u00e4chste Generation.<\/div>\n<p><\/p>\n<h2><strong>Merkmale Acapulco Gold Fem:<\/strong><\/h2>\n<ul style=\"list-style-type: disc\">\n<li><strong>Gattung:<\/strong> Feminisiert<\/li>\n<li><strong>Genotyp:<\/strong> 30% Indica \/ 70% Sativa<\/li>\n<li><strong>Genetik:<\/strong> Mittelamerikanisch<\/li>\n<li><strong>Tage:<\/strong> 60 &#8211; 70 Tage<\/li>\n<\/ul>\n<p><\/p>\n<div style=\"text-align: justify\"><span style=\"font-size: 11pt\"><em><strong>ACHTUNG:<\/strong> Hanfsamen fallen nicht unter den Rechtsbegriff Cannabis, was bedeutet, dass sie nicht als Bet\u00e4ubungsmittel gelten (L. 412 von 1974, Art. 1, Absatz 1, Buchstabe B; Einheits\u00fcbereinkommen \u00fcber Suchtstoffe von New York von 1961 und Tabelle II des Ministerialerlasses 27\/7\/1992). In Italien ist der Anbau von Hanf verboten (Artikel 28 und 73 des Pr\u00e4sidialdekrets 309\/90), es sei denn, es liegt eine Sondergenehmigung vor (Artikel 17 des Pr\u00e4sidialdekrets 309\/90). In Ermangelung einer solchen Genehmigung darf das Saatgut nur f\u00fcr andere Zwecke verwendet werden (zootechnische Zwecke, Sammeln usw.). Das Saatgut wird unter dem Vorbehalt verkauft, dass es nicht von Dritten im Widerspruch zu den gesetzlichen Bestimmungen verwendet wird.<\/em><\/span><\/div>\n","protected":false},"excerpt":{"rendered":"<p>\ud83c\udf3f ACAPULCO GOLD von BARNEY&#8217;S FARM \u00b7 \ud83e\uddec Sativa Dominant (60%+) \u00b7 \u2696\ufe0f THC mittel (Mittel (10\u201314\u202f%)).<\/p>\n","protected":false},"featured_media":148442,"comment_status":"open","ping_status":"closed","template":"","meta":[],"product_brand":[],"product_cat":[7952],"product_tag":[8511,8645,9167,10126,10128,10129,10171],"class_list":{"0":"post-200666","1":"product","2":"type-product","3":"status-publish","4":"has-post-thumbnail","6":"product_cat-seedshop-de","7":"product_tag-sativa","8":"product_tag-barneys-farm","9":"product_tag-acapulco-gold","10":"product_tag-cannabis-samen","11":"product_tag-feminisierte-samen","12":"product_tag-thc-mittel","13":"product_tag-suess-fruchtig","15":"first","16":"instock","17":"sale","18":"taxable","19":"shipping-taxable","20":"purchasable","21":"product-type-variable"},"aioseo_notices":[],"_links":{"self":[{"href":"https:\/\/www.budream.com\/de\/wp-json\/wp\/v2\/product\/200666","targetHints":{"allow":["GET"]}}],"collection":[{"href":"https:\/\/www.budream.com\/de\/wp-json\/wp\/v2\/product"}],"about":[{"href":"https:\/\/www.budream.com\/de\/wp-json\/wp\/v2\/types\/product"}],"replies":[{"embeddable":true,"href":"https:\/\/www.budream.com\/de\/wp-json\/wp\/v2\/comments?post=200666"}],"version-history":[{"count":2,"href":"https:\/\/www.budream.com\/de\/wp-json\/wp\/v2\/product\/200666\/revisions"}],"predecessor-version":[{"id":260690,"href":"https:\/\/www.budream.com\/de\/wp-json\/wp\/v2\/product\/200666\/revisions\/260690"}],"wp:featuredmedia":[{"embeddable":true,"href":"https:\/\/www.budream.com\/de\/wp-json\/wp\/v2\/media\/148442"}],"wp:attachment":[{"href":"https:\/\/www.budream.com\/de\/wp-json\/wp\/v2\/media?parent=200666"}],"wp:term":[{"taxonomy":"product_brand","embeddable":true,"href":"https:\/\/www.budream.com\/de\/wp-json\/wp\/v2\/product_brand?post=200666"},{"taxonomy":"product_cat","embeddable":true,"href":"https:\/\/www.budream.com\/de\/wp-json\/wp\/v2\/product_cat?post=200666"},{"taxonomy":"product_tag","embeddable":true,"href":"https:\/\/www.budream.com\/de\/wp-json\/wp\/v2\/product_tag?post=200666"}],"curies":[{"name":"wp","href":"https:\/\/api.w.org\/{rel}","templated":true}]}}