{"id":200781,"date":"2025-09-26T08:43:18","date_gmt":"2025-09-26T06:43:18","guid":{"rendered":"https:\/\/www.budream.com\/shop\/hollaendische-leidenschaft-auto-mazar-fem\/"},"modified":"2026-03-27T10:52:04","modified_gmt":"2026-03-27T08:52:04","slug":"hollaendische-leidenschaft-auto-mazar-fem","status":"publish","type":"product","link":"https:\/\/www.budream.com\/de\/shop\/hollaendische-leidenschaft-auto-mazar-fem\/","title":{"rendered":"HOLL\u00c4NDISCHE LEIDENSCHAFT &#8211; AUTO MAZAR FEM"},"content":{"rendered":"<div style=\"text-align: justify\">Auto Mazar ist das Ergebnis der Kreuzung unserer urspr\u00fcnglichen Mazar-Sorte mit einer Indica-dominanten autoflowering Sorte. Mazar (Afghani x Skunk #1) ist eine legend\u00e4re Sorte, die auch von vielen anderen Saatgutbanken und Z\u00fcchtern verwendet wurde, um leistungsstarke neue Hybridstangen zu entwickeln. Die preisgekr\u00f6nte Indica-dominante Mazar bildete die Grundlage dieser stabilen Autoflowering. Diese Autoflowering-Sorte war eine der ersten, die von Dutch Passion in der Geburtsstunde der Autoflowering-Sorten entwickelt wurde.<a href=\"http:\/\/www.dutch-passion.nl\/it\/\" target=\"_blank\" rel=\"noopener noreferrer\"><\/p>\n<p><\/a><\/div>\n<h2><strong>Eigenschaften Auto Mazar Fem:<\/strong><\/h2>\n<ul style=\"list-style-type: disc\">\n<li><strong>Gattung:<\/strong> Feminisierte Autoflowering<\/li>\n<li><strong>Genotyp:<\/strong> Indica-dominanter Hybrid<\/li>\n<li><strong>Genetik:<\/strong> Mazar x Indica Autoflower<\/li>\n<li>Tage<strong>:<\/strong> 84 Tage<\/li>\n<\/ul>\n<p><a href=\"http:\/\/www.dutch-passion.nl\/it\/\" target=\"_blank\" rel=\"noopener noreferrer nofollow\"><br \/><\/a><\/p>\n<div style=\"text-align: justify\"><span style=\"font-size: 11pt\"><em><strong>ACHTUNG:<\/strong> Hanfsamen sind vom rechtlichen Begriff Cannabis ausgenommen, was bedeutet, dass sie nicht als Bet\u00e4ubungsmittel gelten (Gesetz 412 von 1974, Artikel 1, Absatz 1, Buchstabe B; Einheits\u00fcbereinkommen \u00fcber Bet\u00e4ubungsmittel von New York von 1961 und Tabelle II des Ministerialerlasses 27\/7\/1992). In Italien ist der Anbau von Hanf verboten (Artikel 28 und 73 des Pr\u00e4sidialdekrets 309\/90), es sei denn, es liegt eine Sondergenehmigung vor (Artikel 17 des Pr\u00e4sidialdekrets 309\/90). In Ermangelung einer solchen Genehmigung darf das Saatgut nur f\u00fcr andere Zwecke verwendet werden (zootechnische Zwecke, Sammeln usw.). Das Saatgut wird unter dem Vorbehalt verkauft, dass es nicht von Dritten im Widerspruch zu den gesetzlichen Bestimmungen verwendet wird.<\/em><\/span><\/div>\n","protected":false},"excerpt":{"rendered":"<p>\ud83c\udf3f AUTO MAZAR von DUTCH PASSION \u00b7 \ud83e\uddec Indica Dominant (60%+) \u00b7 \u2696\ufe0f THC mittel (Mittel (10\u201314\u202f%)) \u00b7 \ud83d\udce6 Ertrag XL.<\/p>\n","protected":false},"featured_media":139031,"comment_status":"open","ping_status":"closed","template":"","meta":[],"product_brand":[],"product_cat":[7952],"product_tag":[8508,8510,9171,10126,10127,10128,10129],"class_list":{"0":"post-200781","1":"product","2":"type-product","3":"status-publish","4":"has-post-thumbnail","6":"product_cat-seedshop-de","7":"product_tag-dutch-passion","8":"product_tag-indica","9":"product_tag-auto-mazar","10":"product_tag-cannabis-samen","11":"product_tag-scharf","12":"product_tag-feminisierte-samen","13":"product_tag-thc-mittel","15":"first","16":"instock","17":"sale","18":"taxable","19":"shipping-taxable","20":"purchasable","21":"product-type-variable"},"aioseo_notices":[],"_links":{"self":[{"href":"https:\/\/www.budream.com\/de\/wp-json\/wp\/v2\/product\/200781","targetHints":{"allow":["GET"]}}],"collection":[{"href":"https:\/\/www.budream.com\/de\/wp-json\/wp\/v2\/product"}],"about":[{"href":"https:\/\/www.budream.com\/de\/wp-json\/wp\/v2\/types\/product"}],"replies":[{"embeddable":true,"href":"https:\/\/www.budream.com\/de\/wp-json\/wp\/v2\/comments?post=200781"}],"version-history":[{"count":2,"href":"https:\/\/www.budream.com\/de\/wp-json\/wp\/v2\/product\/200781\/revisions"}],"predecessor-version":[{"id":261187,"href":"https:\/\/www.budream.com\/de\/wp-json\/wp\/v2\/product\/200781\/revisions\/261187"}],"wp:featuredmedia":[{"embeddable":true,"href":"https:\/\/www.budream.com\/de\/wp-json\/wp\/v2\/media\/139031"}],"wp:attachment":[{"href":"https:\/\/www.budream.com\/de\/wp-json\/wp\/v2\/media?parent=200781"}],"wp:term":[{"taxonomy":"product_brand","embeddable":true,"href":"https:\/\/www.budream.com\/de\/wp-json\/wp\/v2\/product_brand?post=200781"},{"taxonomy":"product_cat","embeddable":true,"href":"https:\/\/www.budream.com\/de\/wp-json\/wp\/v2\/product_cat?post=200781"},{"taxonomy":"product_tag","embeddable":true,"href":"https:\/\/www.budream.com\/de\/wp-json\/wp\/v2\/product_tag?post=200781"}],"curies":[{"name":"wp","href":"https:\/\/api.w.org\/{rel}","templated":true}]}}