{"id":200926,"date":"2025-09-26T08:58:41","date_gmt":"2025-09-26T06:58:41","guid":{"rendered":"https:\/\/www.budream.com\/shop\/hollaendische-leidenschaft-jorges-diamond1-fem\/"},"modified":"2026-03-23T20:02:35","modified_gmt":"2026-03-23T18:02:35","slug":"hollaendische-leidenschaft-jorges-diamond1-fem","status":"publish","type":"product","link":"https:\/\/www.budream.com\/de\/shop\/hollaendische-leidenschaft-jorges-diamond1-fem\/","title":{"rendered":"HOLL\u00c4NDISCHE LEIDENSCHAFT &#8211; JORGE&#8217;S DIAMOND#1 FEM"},"content":{"rendered":"<div style=\"text-align: justify\">Die Zusammenarbeit mit einem der etabliertesten Z\u00fcchter f\u00fchrte zu einer Killer-Sorte, ein Adjektiv, das Jorge&#8217;s Diamonds 1 perfekt beschreibt. Obwohl die genaue Genetik unter Verschluss gehalten wird, k\u00f6nnen wir sagen, dass es sich um eine haupts\u00e4chlich Indica-Pflanze handelt, angereichert mit einem Hauch von Sativa.<\/div>\n<p><\/p>\n<h2><strong>Eigenschaften Jorge&#8217;s Diamond#1 Fem:<\/strong><\/h2>\n<ul style=\"list-style-type: disc\">\n<li><strong>Gattung:<\/strong> XL feminisiert<\/li>\n<li><strong>Genotyp:<\/strong> Indica-dominanter Hybrid<\/li>\n<li><strong>Genetik<\/strong>: Unbekannt<\/li>\n<li><strong>Tage:<\/strong> 56 &#8211; 63<\/li>\n<\/ul>\n<p><\/p>\n<div style=\"text-align: justify\"><span style=\"font-size: 11pt\"><em><strong>ACHTUNG:<\/strong> Hanfsamen fallen nicht unter den Rechtsbegriff Cannabis, was bedeutet, dass sie nicht als Bet\u00e4ubungsmittel gelten (L. 412 von 1974, Art. 1, Absatz 1, Buchstabe B; Einheits\u00fcbereinkommen \u00fcber Bet\u00e4ubungsmittel von New York von 1961 und Tabelle II des Ministerialerlasses vom 27.7.1992). In Italien ist der Anbau von Hanf verboten (Artikel 28 und 73 des Pr\u00e4sidialdekrets 309\/90), es sei denn, es liegt eine Sondergenehmigung vor (Artikel 17 des Pr\u00e4sidialdekrets 309\/90). In Ermangelung einer solchen Genehmigung darf das Saatgut nur f\u00fcr andere Zwecke verwendet werden (zootechnische Zwecke, Sammeln usw.). Das Saatgut wird unter dem Vorbehalt verkauft, dass es nicht von Dritten im Widerspruch zu den gesetzlichen Bestimmungen verwendet wird.<\/em><\/span><\/div>\n","protected":false},"excerpt":{"rendered":"<p>\ud83c\udf3f JORGE&#8217;S DIAMOND#1 von DUTCH PASSION \u00b7 \ud83e\uddec Indica Dominant (60%+) \u00b7 \ud83d\udcaa THC hoch (Hoch (15\u201319\u202f%)).<\/p>\n","protected":false},"featured_media":136610,"comment_status":"open","ping_status":"closed","template":"","meta":[],"product_brand":[],"product_cat":[7952],"product_tag":[8508,8510,9175,10126,10128,10140,10171],"class_list":{"0":"post-200926","1":"product","2":"type-product","3":"status-publish","4":"has-post-thumbnail","6":"product_cat-seedshop-de","7":"product_tag-dutch-passion","8":"product_tag-indica","9":"product_tag-jorges-diamond1","10":"product_tag-cannabis-samen","11":"product_tag-feminisierte-samen","12":"product_tag-thc-hoch","13":"product_tag-suess-fruchtig","15":"first","16":"instock","17":"sale","18":"taxable","19":"shipping-taxable","20":"purchasable","21":"product-type-variable"},"aioseo_notices":[],"_links":{"self":[{"href":"https:\/\/www.budream.com\/de\/wp-json\/wp\/v2\/product\/200926","targetHints":{"allow":["GET"]}}],"collection":[{"href":"https:\/\/www.budream.com\/de\/wp-json\/wp\/v2\/product"}],"about":[{"href":"https:\/\/www.budream.com\/de\/wp-json\/wp\/v2\/types\/product"}],"replies":[{"embeddable":true,"href":"https:\/\/www.budream.com\/de\/wp-json\/wp\/v2\/comments?post=200926"}],"version-history":[{"count":2,"href":"https:\/\/www.budream.com\/de\/wp-json\/wp\/v2\/product\/200926\/revisions"}],"predecessor-version":[{"id":260194,"href":"https:\/\/www.budream.com\/de\/wp-json\/wp\/v2\/product\/200926\/revisions\/260194"}],"wp:featuredmedia":[{"embeddable":true,"href":"https:\/\/www.budream.com\/de\/wp-json\/wp\/v2\/media\/136610"}],"wp:attachment":[{"href":"https:\/\/www.budream.com\/de\/wp-json\/wp\/v2\/media?parent=200926"}],"wp:term":[{"taxonomy":"product_brand","embeddable":true,"href":"https:\/\/www.budream.com\/de\/wp-json\/wp\/v2\/product_brand?post=200926"},{"taxonomy":"product_cat","embeddable":true,"href":"https:\/\/www.budream.com\/de\/wp-json\/wp\/v2\/product_cat?post=200926"},{"taxonomy":"product_tag","embeddable":true,"href":"https:\/\/www.budream.com\/de\/wp-json\/wp\/v2\/product_tag?post=200926"}],"curies":[{"name":"wp","href":"https:\/\/api.w.org\/{rel}","templated":true}]}}