{"id":200976,"date":"2025-09-26T09:02:41","date_gmt":"2025-09-26T07:02:41","guid":{"rendered":"https:\/\/www.budream.com\/shop\/hollaendische-leidenschaft-der-ultimative-fem\/"},"modified":"2026-04-07T15:47:38","modified_gmt":"2026-04-07T13:47:38","slug":"hollaendische-leidenschaft-der-ultimative-fem","status":"publish","type":"product","link":"https:\/\/www.budream.com\/de\/shop\/hollaendische-leidenschaft-der-ultimative-fem\/","title":{"rendered":"HOLL\u00c4NDISCHE LEIDENSCHAFT &#8211; DER ULTIMATIVE FEM"},"content":{"rendered":"<div style=\"text-align: justify\">Durch sorgf\u00e4ltige Z\u00fcchtung haben wir eine unserer besten Sorten entwickelt. Wir haben sie &#8218;The Ultimate&#8216; genannt. Die urspr\u00fcnglichen Elternst\u00e4mme blieben geheim, weil wir wollten, dass The Ultimate als eine eigenst\u00e4ndige Sorte anerkannt wird. Es gibt nur wenige Sorten, die mit dieser klassischen Cannabis-Sorte von Dutch Passion mithalten k\u00f6nnen!<\/div>\n<p><\/p>\n<h2><strong>Eigenschaften The Ultimate Fem:<\/strong><\/h2>\n<ul style=\"list-style-type: disc\">\n<li><strong>Gattung:<\/strong> XXL Feminisiert<\/li>\n<li><strong>Genotyp:<\/strong> Indica\/Sativa-Hybrid<\/li>\n<li><strong>Genetik:<\/strong> Original The Ultimate<\/li>\n<li><strong>Tage:<\/strong> 63<\/li>\n<\/ul>\n<p><\/p>\n<div style=\"text-align: justify\"><span style=\"font-size: 11pt\"><em><strong>WARNUNG:<\/strong> Hanfsamen sind vom gesetzlichen Begriff Cannabis ausgenommen, was bedeutet, dass sie nicht als Bet\u00e4ubungsmittel gelten (L. 412 von 1974, Art. 1, Absatz 1, Buchstabe B; Einheits\u00fcbereinkommen \u00fcber Bet\u00e4ubungsmittel von New York von 1961 und Tabelle II des Ministerialerlasses 27\/7\/1992). In Italien ist der Anbau von Hanf verboten (Artikel 28 und 73 des Pr\u00e4sidialdekrets 309\/90), es sei denn, es liegt eine Sondergenehmigung vor (Artikel 17 des Pr\u00e4sidialdekrets 309\/90). In Ermangelung einer solchen Genehmigung darf das Saatgut nur f\u00fcr andere Zwecke verwendet werden (zootechnische Zwecke, Sammeln usw.). Das Saatgut wird unter dem Vorbehalt verkauft, dass es nicht von Dritten im Widerspruch zu den gesetzlichen Bestimmungen verwendet wird.<\/em><\/span><\/div>\n","protected":false},"excerpt":{"rendered":"<p>\ud83c\udf3f DER ULTIMATIVE von DUTCH PASSION \u00b7 \ud83e\uddec Indica \/ Sativa \u00b7 \ud83d\udcaa THC hoch (Hoch (15\u201319\u202f%)) \u00b7 \ud83c\udfc6 Ertrag XXL.<\/p>\n","protected":false},"featured_media":158814,"comment_status":"open","ping_status":"closed","template":"","meta":[],"product_brand":[],"product_cat":[7952],"product_tag":[8511,9931,10125,10126,10127,10128,10140,10410,8508,8510],"class_list":{"0":"post-200976","1":"product","2":"type-product","3":"status-publish","4":"has-post-thumbnail","6":"product_cat-seedshop-de","7":"product_tag-sativa","8":"product_tag-hybrid","9":"product_tag-ertrag-xxl","10":"product_tag-cannabis-samen","11":"product_tag-scharf","12":"product_tag-feminisierte-samen","13":"product_tag-thc-hoch","14":"product_tag-der-ultimative","15":"product_tag-dutch-passion","16":"product_tag-indica","18":"first","19":"instock","20":"sale","21":"taxable","22":"shipping-taxable","23":"purchasable","24":"product-type-variable"},"aioseo_notices":[],"_links":{"self":[{"href":"https:\/\/www.budream.com\/de\/wp-json\/wp\/v2\/product\/200976","targetHints":{"allow":["GET"]}}],"collection":[{"href":"https:\/\/www.budream.com\/de\/wp-json\/wp\/v2\/product"}],"about":[{"href":"https:\/\/www.budream.com\/de\/wp-json\/wp\/v2\/types\/product"}],"replies":[{"embeddable":true,"href":"https:\/\/www.budream.com\/de\/wp-json\/wp\/v2\/comments?post=200976"}],"version-history":[{"count":2,"href":"https:\/\/www.budream.com\/de\/wp-json\/wp\/v2\/product\/200976\/revisions"}],"predecessor-version":[{"id":261119,"href":"https:\/\/www.budream.com\/de\/wp-json\/wp\/v2\/product\/200976\/revisions\/261119"}],"wp:featuredmedia":[{"embeddable":true,"href":"https:\/\/www.budream.com\/de\/wp-json\/wp\/v2\/media\/158814"}],"wp:attachment":[{"href":"https:\/\/www.budream.com\/de\/wp-json\/wp\/v2\/media?parent=200976"}],"wp:term":[{"taxonomy":"product_brand","embeddable":true,"href":"https:\/\/www.budream.com\/de\/wp-json\/wp\/v2\/product_brand?post=200976"},{"taxonomy":"product_cat","embeddable":true,"href":"https:\/\/www.budream.com\/de\/wp-json\/wp\/v2\/product_cat?post=200976"},{"taxonomy":"product_tag","embeddable":true,"href":"https:\/\/www.budream.com\/de\/wp-json\/wp\/v2\/product_tag?post=200976"}],"curies":[{"name":"wp","href":"https:\/\/api.w.org\/{rel}","templated":true}]}}