{"id":201007,"date":"2025-09-26T09:06:16","date_gmt":"2025-09-26T07:06:16","guid":{"rendered":"https:\/\/www.budream.com\/shop\/dutch-passion-erdbeer-husten-fem\/"},"modified":"2026-03-21T23:43:50","modified_gmt":"2026-03-21T21:43:50","slug":"dutch-passion-erdbeer-husten-fem","status":"publish","type":"product","link":"https:\/\/www.budream.com\/de\/shop\/dutch-passion-erdbeer-husten-fem\/","title":{"rendered":"DUTCH PASSION &#8211; ERDBEER HUSTEN FEM"},"content":{"rendered":"<p><strong>ERDBEER HUSTEN<\/strong> ist ein Sativa-dominanter Hybrid, ideal f\u00fcr diejenigen, die Klarheit und Kreativit\u00e4t suchen von DUTCH PASSION. Verf\u00fcgbar in Packungen mit 10 Samen feminisiert. Mit moderatem THC-Gehalt (Mittel (10\u201314\u202f%)), diese Pflanze richtet sich an eine breite Palette von Z\u00fcchtern. Im Anbau, bl\u00fcht schnell in 7-9 Wochen und produziert gro\u00dfz\u00fcgige Ertr\u00e4ge. In der Nase und am Gaumen zeichnet sich sein \ud83c\udf53 S\u00fc\u00df \/ Fruchtig-Aroma aus.<\/p>\n","protected":false},"excerpt":{"rendered":"<p>\ud83c\udf3f ERDBEER HUSTEN von DUTCH PASSION \u00b7 \ud83e\uddec Sativa Dominant (60%+) \u00b7 \u2696\ufe0f THC mittel (Mittel (10\u201314\u202f%)).<\/p>\n","protected":false},"featured_media":158779,"comment_status":"open","ping_status":"closed","template":"","meta":[],"product_brand":[],"product_cat":[7952],"product_tag":[10171,10411,8508,8511,10126,10128,10129],"class_list":{"0":"post-201007","1":"product","2":"type-product","3":"status-publish","4":"has-post-thumbnail","6":"product_cat-seedshop-de","7":"product_tag-suess-fruchtig","8":"product_tag-erdbeer-husten","9":"product_tag-dutch-passion","10":"product_tag-sativa","11":"product_tag-cannabis-samen","12":"product_tag-feminisierte-samen","13":"product_tag-thc-mittel","15":"first","16":"instock","17":"sale","18":"taxable","19":"shipping-taxable","20":"purchasable","21":"product-type-variable"},"aioseo_notices":[],"_links":{"self":[{"href":"https:\/\/www.budream.com\/de\/wp-json\/wp\/v2\/product\/201007","targetHints":{"allow":["GET"]}}],"collection":[{"href":"https:\/\/www.budream.com\/de\/wp-json\/wp\/v2\/product"}],"about":[{"href":"https:\/\/www.budream.com\/de\/wp-json\/wp\/v2\/types\/product"}],"replies":[{"embeddable":true,"href":"https:\/\/www.budream.com\/de\/wp-json\/wp\/v2\/comments?post=201007"}],"version-history":[{"count":1,"href":"https:\/\/www.budream.com\/de\/wp-json\/wp\/v2\/product\/201007\/revisions"}],"predecessor-version":[{"id":259359,"href":"https:\/\/www.budream.com\/de\/wp-json\/wp\/v2\/product\/201007\/revisions\/259359"}],"wp:featuredmedia":[{"embeddable":true,"href":"https:\/\/www.budream.com\/de\/wp-json\/wp\/v2\/media\/158779"}],"wp:attachment":[{"href":"https:\/\/www.budream.com\/de\/wp-json\/wp\/v2\/media?parent=201007"}],"wp:term":[{"taxonomy":"product_brand","embeddable":true,"href":"https:\/\/www.budream.com\/de\/wp-json\/wp\/v2\/product_brand?post=201007"},{"taxonomy":"product_cat","embeddable":true,"href":"https:\/\/www.budream.com\/de\/wp-json\/wp\/v2\/product_cat?post=201007"},{"taxonomy":"product_tag","embeddable":true,"href":"https:\/\/www.budream.com\/de\/wp-json\/wp\/v2\/product_tag?post=201007"}],"curies":[{"name":"wp","href":"https:\/\/api.w.org\/{rel}","templated":true}]}}