{"id":201067,"date":"2025-09-26T09:11:17","date_gmt":"2025-09-26T07:11:17","guid":{"rendered":"https:\/\/www.budream.com\/shop\/dutch-passion-auto-think-different-fem\/"},"modified":"2026-04-07T12:36:25","modified_gmt":"2026-04-07T10:36:25","slug":"dutch-passion-auto-think-different-fem","status":"publish","type":"product","link":"https:\/\/www.budream.com\/de\/shop\/dutch-passion-auto-think-different-fem\/","title":{"rendered":"DUTCH PASSION &#8211; AUTO THINK DIFFERENT FEM"},"content":{"rendered":"<div style=\"text-align: justify\">Think Different ist eine autoflowering Sorte, die auf der AK420-Genetik basiert.<\/div>\n<p><\/p>\n<h2><strong>Eigenschaften Auto Think Different Fem:<\/strong><\/h2>\n<ul style=\"list-style-type: disc\">\n<li><strong>Gattung:<\/strong> XXL Feminisierte Autoflowering<\/li>\n<li><strong>Genotyp:<\/strong> Haupts\u00e4chlich Sativa-Hybrid<\/li>\n<li><strong>Genetik:<\/strong> AK420 Autoflower<\/li>\n<li><strong>Tage:<\/strong> 70 &#8211; 77 Tage<\/li>\n<\/ul>\n<p><\/p>\n<div style=\"text-align: justify\"><span style=\"font-size: 11pt\"><em><strong>WARNUNG:<\/strong> Hanfsamen sind vom gesetzlichen Begriff Cannabis ausgenommen, was bedeutet, dass sie nicht als Bet\u00e4ubungsmittel gelten (L. 412 von 1974, Art. 1, Absatz 1, Buchstabe B; Einheits\u00fcbereinkommen \u00fcber Bet\u00e4ubungsmittel von New York von 1961 und Tabelle II des Ministerialerlasses 27\/7\/1992). In Italien ist der Anbau von Hanf verboten (Artikel 28 und 73 des Pr\u00e4sidialdekrets 309\/90), es sei denn, es liegt eine Sondergenehmigung vor (Artikel 17 des Pr\u00e4sidialdekrets 309\/90). In Ermangelung einer solchen Genehmigung darf das Saatgut nur f\u00fcr andere Zwecke verwendet werden (zootechnische Zwecke, Sammeln usw.). Das Saatgut wird unter dem Vorbehalt verkauft, dass es nicht von Dritten im Widerspruch zu den gesetzlichen Bestimmungen verwendet wird.<\/em><\/span><\/div>\n","protected":false},"excerpt":{"rendered":"<p>\ud83c\udf3f AUTO THINK DIFFERENT von DUTCH PASSION \u00b7 \ud83e\uddec Sativa Dominant (60%+) \u00b7 \ud83d\udcaa THC hoch (Hoch (15\u201319\u202f%)) \u00b7 \ud83c\udfc6 Ertrag XXL.<\/p>\n","protected":false},"featured_media":139375,"comment_status":"open","ping_status":"closed","template":"","meta":[],"product_brand":[],"product_cat":[7952],"product_tag":[10125,10126,10127,10128,10140,8508,8511,9177],"class_list":{"0":"post-201067","1":"product","2":"type-product","3":"status-publish","4":"has-post-thumbnail","6":"product_cat-seedshop-de","7":"product_tag-ertrag-xxl","8":"product_tag-cannabis-samen","9":"product_tag-scharf","10":"product_tag-feminisierte-samen","11":"product_tag-thc-hoch","12":"product_tag-dutch-passion","13":"product_tag-sativa","14":"product_tag-auto-think-different","16":"first","17":"instock","18":"sale","19":"taxable","20":"shipping-taxable","21":"purchasable","22":"product-type-variable"},"aioseo_notices":[],"_links":{"self":[{"href":"https:\/\/www.budream.com\/de\/wp-json\/wp\/v2\/product\/201067","targetHints":{"allow":["GET"]}}],"collection":[{"href":"https:\/\/www.budream.com\/de\/wp-json\/wp\/v2\/product"}],"about":[{"href":"https:\/\/www.budream.com\/de\/wp-json\/wp\/v2\/types\/product"}],"replies":[{"embeddable":true,"href":"https:\/\/www.budream.com\/de\/wp-json\/wp\/v2\/comments?post=201067"}],"version-history":[{"count":2,"href":"https:\/\/www.budream.com\/de\/wp-json\/wp\/v2\/product\/201067\/revisions"}],"predecessor-version":[{"id":262246,"href":"https:\/\/www.budream.com\/de\/wp-json\/wp\/v2\/product\/201067\/revisions\/262246"}],"wp:featuredmedia":[{"embeddable":true,"href":"https:\/\/www.budream.com\/de\/wp-json\/wp\/v2\/media\/139375"}],"wp:attachment":[{"href":"https:\/\/www.budream.com\/de\/wp-json\/wp\/v2\/media?parent=201067"}],"wp:term":[{"taxonomy":"product_brand","embeddable":true,"href":"https:\/\/www.budream.com\/de\/wp-json\/wp\/v2\/product_brand?post=201067"},{"taxonomy":"product_cat","embeddable":true,"href":"https:\/\/www.budream.com\/de\/wp-json\/wp\/v2\/product_cat?post=201067"},{"taxonomy":"product_tag","embeddable":true,"href":"https:\/\/www.budream.com\/de\/wp-json\/wp\/v2\/product_tag?post=201067"}],"curies":[{"name":"wp","href":"https:\/\/api.w.org\/{rel}","templated":true}]}}