{"id":201094,"date":"2025-09-26T10:02:15","date_gmt":"2025-09-26T08:02:15","guid":{"rendered":"https:\/\/www.budream.com\/shop\/barneys-farm-amnesia-lemon-fem\/"},"modified":"2026-04-27T14:32:56","modified_gmt":"2026-04-27T12:32:56","slug":"barneys-farm-amnesia-lemon-fem","status":"publish","type":"product","link":"https:\/\/www.budream.com\/de\/shop\/barneys-farm-amnesia-lemon-fem\/","title":{"rendered":"BARNEY&#8217;S FARM &#8211; AMNESIA LEMON FEM"},"content":{"rendered":"<div style=\"text-align: justify\">AMNESIA LEMON ist<strong> eine <\/strong> Zusammenarbeit zwischen Barneys und dem legend\u00e4ren Soma, und gewann den Cannabis Cup im Jahr 2004. Nach diesem gro\u00dfartigen Sieg gab Soma seinen besten Amnesia Haze Ph\u00e4notyp an die Barneys Farm Labs weiter.<\/div>\n<div style=\"text-align: justify\">AMNESIA LEMON ist eine k\u00f6stliche Kreuzung zwischen Amnesia Haze und Lemon Skunk.<\/div>\n<p><\/p>\n<h2><strong>Eigenschaften Amnesia Lemon Fem:<\/strong><\/h2>\n<ul style=\"list-style-type: disc\">\n<li><strong>Gattung:<\/strong> Feminisiert<\/li>\n<li><strong>Genotyp:<\/strong> 40% Indica \/ 60% Sativa<\/li>\n<li><strong>Genetik:<\/strong> Amnesia Haze x Lemon Skunk<\/li>\n<li><strong>Tage:<\/strong> 60 &#8211; 65 Tage<\/li>\n<\/ul>\n<p><\/p>\n<div style=\"text-align: justify\"><span style=\"font-size: 11pt\"><em><strong>WARNUNG:<\/strong> Hanfsamen sind vom gesetzlichen Begriff Cannabis ausgenommen, was bedeutet, dass sie nicht als Bet\u00e4ubungsmittel gelten (L. 412 von 1974, Art. 1, Absatz 1, Buchstabe B; Einheits\u00fcbereinkommen \u00fcber Bet\u00e4ubungsmittel von New York von 1961 und Tabelle II des Ministerialerlasses 27\/7\/1992). In Italien ist der Anbau von Hanf verboten (Artikel 28 und 73 des Pr\u00e4sidialdekrets 309\/90), es sei denn, es liegt eine Sondergenehmigung vor (Artikel 17 des Pr\u00e4sidialdekrets 309\/90). In Ermangelung einer solchen Genehmigung darf das Saatgut nur f\u00fcr andere Zwecke verwendet werden (zootechnische Zwecke, Sammeln usw.). Das Saatgut wird unter dem Vorbehalt verkauft, dass es nicht von Dritten im Widerspruch zu den gesetzlichen Bestimmungen verwendet wird.<\/em><\/span><\/div>\n","protected":false},"excerpt":{"rendered":"<p>\ud83c\udf3f AMNESIA LEMON von BARNEY&#8217;S FARM \u00b7 \ud83e\uddec Sativa Dominant (60%+) \u00b7 \u2696\ufe0f THC mittel (Mittel (10\u201314\u202f%)) \u00b7 \ud83d\udce6 Ertrag XL.<\/p>\n","protected":false},"featured_media":148052,"comment_status":"open","ping_status":"closed","template":"","meta":[],"product_brand":[],"product_cat":[7952],"product_tag":[10129,10150,8511,8645,9178,10126,10128],"class_list":{"0":"post-201094","1":"product","2":"type-product","3":"status-publish","4":"has-post-thumbnail","6":"product_cat-seedshop-de","7":"product_tag-thc-mittel","8":"product_tag-zitrusartig","9":"product_tag-sativa","10":"product_tag-barneys-farm","11":"product_tag-amnesia-lemon","12":"product_tag-cannabis-samen","13":"product_tag-feminisierte-samen","15":"first","16":"instock","17":"sale","18":"taxable","19":"shipping-taxable","20":"purchasable","21":"product-type-variable"},"aioseo_notices":[],"_links":{"self":[{"href":"https:\/\/www.budream.com\/de\/wp-json\/wp\/v2\/product\/201094","targetHints":{"allow":["GET"]}}],"collection":[{"href":"https:\/\/www.budream.com\/de\/wp-json\/wp\/v2\/product"}],"about":[{"href":"https:\/\/www.budream.com\/de\/wp-json\/wp\/v2\/types\/product"}],"replies":[{"embeddable":true,"href":"https:\/\/www.budream.com\/de\/wp-json\/wp\/v2\/comments?post=201094"}],"version-history":[{"count":2,"href":"https:\/\/www.budream.com\/de\/wp-json\/wp\/v2\/product\/201094\/revisions"}],"predecessor-version":[{"id":259960,"href":"https:\/\/www.budream.com\/de\/wp-json\/wp\/v2\/product\/201094\/revisions\/259960"}],"wp:featuredmedia":[{"embeddable":true,"href":"https:\/\/www.budream.com\/de\/wp-json\/wp\/v2\/media\/148052"}],"wp:attachment":[{"href":"https:\/\/www.budream.com\/de\/wp-json\/wp\/v2\/media?parent=201094"}],"wp:term":[{"taxonomy":"product_brand","embeddable":true,"href":"https:\/\/www.budream.com\/de\/wp-json\/wp\/v2\/product_brand?post=201094"},{"taxonomy":"product_cat","embeddable":true,"href":"https:\/\/www.budream.com\/de\/wp-json\/wp\/v2\/product_cat?post=201094"},{"taxonomy":"product_tag","embeddable":true,"href":"https:\/\/www.budream.com\/de\/wp-json\/wp\/v2\/product_tag?post=201094"}],"curies":[{"name":"wp","href":"https:\/\/api.w.org\/{rel}","templated":true}]}}