{"id":201385,"date":"2025-09-30T15:56:11","date_gmt":"2025-09-30T13:56:11","guid":{"rendered":"https:\/\/www.budream.com\/?post_type=product&#038;p=201385"},"modified":"2026-03-10T16:17:16","modified_gmt":"2026-03-10T14:17:16","slug":"storzbickel-veazy-tragbarer-verdampfer","status":"publish","type":"product","link":"https:\/\/www.budream.com\/de\/shop\/storzbickel-veazy-tragbarer-verdampfer\/","title":{"rendered":"STORZ&amp;BICKEL &#8211; VEAZY | SCHWARZ | TRAGBARER VERDAMPFER"},"content":{"rendered":"<p>Veazy ist der kompakte und farbenfrohe tragbare Verdampfer, der von Storz &amp; Bickel entwickelt wurde, um hohe Leistung in einem kleinen Format zu bieten. Er wurde mit viel Liebe zum Detail entworfen und kombiniert Hybrid-Heizung (Konvektion + Konduktion) und App-Steuerung, um eine ausgewogene Erfahrung zwischen Leistung und Vielseitigkeit zu gew\u00e4hrleisten.<\/p>\n<h2><span style=\"text-decoration: underline\">Fortschrittliche Veazy-Technologie und Funktionalit\u00e4t<\/span><\/h2>\n<p>Das patentierte Heizsystem macht sich die Kombination aus W\u00e4rme und kontrolliertem Luftstrom zunutze und erm\u00f6glicht ein pr\u00e4zises und schmackhaftes Extrahieren vom ersten Saugen an. Das Design optimiert den Luftstrom, um eine gleichm\u00e4\u00dfige Str\u00f6mung zu liefern, mit einer Leistung, die den Luftwiderstand gering h\u00e4lt.<\/p>\n<p>Die Aufheizzeit bis zum Erreichen von 180 \u00b0C wird auf etwa 40-45 Sekunden gesch\u00e4tzt. Die Bedienung erfolgt \u00fcber eine &#8222;Ein-Klick&#8220;-Taste, die mit einem einzigen Klick die Basistemperatur aktiviert; ein Doppelklick aktiviert die Modi Booster und Superbooster (jeweils +15 \u00b0C). Das Ger\u00e4t wird mit einem Lithium-Ionen-Akku betrieben, der \u00fcber USB-C wieder aufgeladen werden kann.<\/p>\n<h2><span style=\"text-decoration: underline\">Technische Daten von Veazy<\/span><\/h2>\n<ul style=\"list-style-type: disc\">\n<li>Heizsystem: Hybrid (Konduktion + Konvektion)<\/li>\n<li>Temperaturbereich: 40 &#8211; 210 \u00b0C<\/li>\n<li>Voreingestellte Modi: 180 \u00b0C Basistemperatur + Booster \/ Superbooster (jeweils +15 \u00b0C)<\/li>\n<li>Maximaler Luftdurchsatz: \u2248 10 L\/min<\/li>\n<li>Aufw\u00e4rmzeit: ~40-45 Sekunden<\/li>\n<li>Akku: wiederaufladbarer Li-Ion-Akku (USB-C), keine Pass-Through-Funktion<\/li>\n<li>Gesch\u00e4tzte Autonomie: ~5-7 Sitzungen pro voller Ladung<\/li>\n<li>Kammerkapazit\u00e4t: ~1,4 cm\u00b3 (Keramikbeschichtung)<\/li>\n<li>Abmessungen: 3,7 \u00d7 13,4 \u00d7 3,5 cm<\/li>\n<li>Gewicht: ca. 134 g<\/li>\n<li>Materialien: Medizinisches PEEK, Keramikkammer, UL 8139 zertifizierte Komponenten<\/li>\n<li>Verf\u00fcgbare Farben: Verf\u00fchrerisches Schwarz, Charmantes Pink, Dynamisches Blau, Inspirierendes Orange<\/li>\n<li>Garantie: 2 Jahre ab Hersteller<\/li>\n<\/ul>\n<h2><span style=\"text-decoration: underline\">Vergleich Venty vs Veazy<\/span><\/h2>\n<p>Der Veazy Vaporizer ist kompakter und erschwinglicher, beh\u00e4lt aber das Hybrid-Heizsystem und die Web-App-Verbindung bei. Der Veazy bietet zwar weniger Luftstromkapazit\u00e4t und Reichweite als der Venty, konzentriert sich aber auf Benutzerfreundlichkeit, Tragbarkeit und Dampfqualit\u00e4t in einem taschenfreundlicheren und leichteren Format.<\/p>\n","protected":false},"excerpt":{"rendered":"<p>Veazy ist der kompakte und farbenfrohe tragbare Verdampfer, der von Storz &amp; Bickel entwickelt wurde, um hohe Leistung in einem<\/p>\n","protected":false},"featured_media":201389,"comment_status":"open","ping_status":"closed","template":"","meta":[],"product_brand":[],"product_cat":[7907],"product_tag":[],"class_list":{"0":"post-201385","1":"product","2":"type-product","3":"status-publish","4":"has-post-thumbnail","6":"product_cat-verdampfer","8":"first","9":"instock","10":"taxable","11":"shipping-taxable","12":"purchasable","13":"product-type-simple"},"aioseo_notices":[],"_links":{"self":[{"href":"https:\/\/www.budream.com\/de\/wp-json\/wp\/v2\/product\/201385","targetHints":{"allow":["GET"]}}],"collection":[{"href":"https:\/\/www.budream.com\/de\/wp-json\/wp\/v2\/product"}],"about":[{"href":"https:\/\/www.budream.com\/de\/wp-json\/wp\/v2\/types\/product"}],"replies":[{"embeddable":true,"href":"https:\/\/www.budream.com\/de\/wp-json\/wp\/v2\/comments?post=201385"}],"version-history":[{"count":0,"href":"https:\/\/www.budream.com\/de\/wp-json\/wp\/v2\/product\/201385\/revisions"}],"wp:featuredmedia":[{"embeddable":true,"href":"https:\/\/www.budream.com\/de\/wp-json\/wp\/v2\/media\/201389"}],"wp:attachment":[{"href":"https:\/\/www.budream.com\/de\/wp-json\/wp\/v2\/media?parent=201385"}],"wp:term":[{"taxonomy":"product_brand","embeddable":true,"href":"https:\/\/www.budream.com\/de\/wp-json\/wp\/v2\/product_brand?post=201385"},{"taxonomy":"product_cat","embeddable":true,"href":"https:\/\/www.budream.com\/de\/wp-json\/wp\/v2\/product_cat?post=201385"},{"taxonomy":"product_tag","embeddable":true,"href":"https:\/\/www.budream.com\/de\/wp-json\/wp\/v2\/product_tag?post=201385"}],"curies":[{"name":"wp","href":"https:\/\/api.w.org\/{rel}","templated":true}]}}