{"id":201721,"date":"2025-10-06T10:46:38","date_gmt":"2025-10-06T08:46:38","guid":{"rendered":"https:\/\/www.budream.com\/shop\/white-label-seeds-company-girl-scout-cookies-fem\/"},"modified":"2026-03-21T23:47:13","modified_gmt":"2026-03-21T21:47:13","slug":"white-label-seeds-company-girl-scout-cookies-fem","status":"publish","type":"product","link":"https:\/\/www.budream.com\/de\/shop\/white-label-seeds-company-girl-scout-cookies-fem\/","title":{"rendered":"WHITE LABEL &#8211; GIRL SCOUT COOKIES FEM"},"content":{"rendered":"<p><strong>GIRL SCOUT COOKIES<\/strong> ist ein ausgewogener Hybrid zwischen Indica und Sativa, vielseitig und f\u00fcr jede Gelegenheit geeignet von WHITE LABEL SEED COMPANY. Verf\u00fcgbar in Packungen mit 1 Samen feminisiert. Im Anbau, bl\u00fcht schnell in 7-9 Wochen und garantiert reichlich Ertr\u00e4ge.<\/p>\n","protected":false},"excerpt":{"rendered":"<p>\ud83c\udf3f GIRL SCOUT COOKIES von WHITE LABEL SEED COMPANY \u00b7 \ud83e\uddec Indica \/ Sativa \u00b7 \ud83d\udce6 Ertrag XL.<\/p>\n","protected":false},"featured_media":214391,"comment_status":"open","ping_status":"closed","template":"","meta":[],"product_brand":[],"product_cat":[7952],"product_tag":[8510,8511,8982,9181,9931,10126,10128],"class_list":{"0":"post-201721","1":"product","2":"type-product","3":"status-publish","4":"has-post-thumbnail","6":"product_cat-seedshop-de","7":"product_tag-indica","8":"product_tag-sativa","9":"product_tag-girl-scout-cookies","10":"product_tag-white-label-seed-company","11":"product_tag-hybrid","12":"product_tag-cannabis-samen","13":"product_tag-feminisierte-samen","15":"first","16":"instock","17":"sale","18":"taxable","19":"shipping-taxable","20":"purchasable","21":"product-type-variable"},"aioseo_notices":[],"_links":{"self":[{"href":"https:\/\/www.budream.com\/de\/wp-json\/wp\/v2\/product\/201721","targetHints":{"allow":["GET"]}}],"collection":[{"href":"https:\/\/www.budream.com\/de\/wp-json\/wp\/v2\/product"}],"about":[{"href":"https:\/\/www.budream.com\/de\/wp-json\/wp\/v2\/types\/product"}],"replies":[{"embeddable":true,"href":"https:\/\/www.budream.com\/de\/wp-json\/wp\/v2\/comments?post=201721"}],"version-history":[{"count":1,"href":"https:\/\/www.budream.com\/de\/wp-json\/wp\/v2\/product\/201721\/revisions"}],"predecessor-version":[{"id":259366,"href":"https:\/\/www.budream.com\/de\/wp-json\/wp\/v2\/product\/201721\/revisions\/259366"}],"wp:featuredmedia":[{"embeddable":true,"href":"https:\/\/www.budream.com\/de\/wp-json\/wp\/v2\/media\/214391"}],"wp:attachment":[{"href":"https:\/\/www.budream.com\/de\/wp-json\/wp\/v2\/media?parent=201721"}],"wp:term":[{"taxonomy":"product_brand","embeddable":true,"href":"https:\/\/www.budream.com\/de\/wp-json\/wp\/v2\/product_brand?post=201721"},{"taxonomy":"product_cat","embeddable":true,"href":"https:\/\/www.budream.com\/de\/wp-json\/wp\/v2\/product_cat?post=201721"},{"taxonomy":"product_tag","embeddable":true,"href":"https:\/\/www.budream.com\/de\/wp-json\/wp\/v2\/product_tag?post=201721"}],"curies":[{"name":"wp","href":"https:\/\/api.w.org\/{rel}","templated":true}]}}