{"id":201896,"date":"2025-10-06T10:57:11","date_gmt":"2025-10-06T08:57:11","guid":{"rendered":"https:\/\/www.budream.com\/shop\/weisses-etikett-vlad-der-inhalator-fem\/"},"modified":"2026-03-21T23:48:42","modified_gmt":"2026-03-21T21:48:42","slug":"weisses-etikett-vlad-der-inhalator-fem","status":"publish","type":"product","link":"https:\/\/www.budream.com\/de\/shop\/weisses-etikett-vlad-der-inhalator-fem\/","title":{"rendered":"WEISSES ETIKETT &#8211; VLAD DER INHALATOR FEM"},"content":{"rendered":"<p><strong>VLAD DER INHALATOR<\/strong> ist ein ausgewogener Hybrid zwischen Indica und Sativa, vielseitig und f\u00fcr jede Gelegenheit geeignet von WHITE LABEL SEED COMPANY. Verf\u00fcgbar in Packungen mit 10 Samen feminisiert. Im Anbau, bl\u00fcht schnell in 7-9 Wochen und bietet au\u00dfergew\u00f6hnlich reichlich Ertr\u00e4ge. In der Nase und am Gaumen bietet es einen Strau\u00df von Aromen: \ud83c\udf53 S\u00fc\u00df \/ Fruchtig, \ud83c\udf4b Zitrusartig.<\/p>\n","protected":false},"excerpt":{"rendered":"<p>\ud83c\udf3f VLAD DER INHALATOR von WHITE LABEL SEED COMPANY \u00b7 \ud83e\uddec Indica \/ Sativa \u00b7 \ud83c\udfc6 Ertrag XXL.<\/p>\n","protected":false},"featured_media":214201,"comment_status":"open","ping_status":"closed","template":"","meta":[],"product_brand":[],"product_cat":[7952],"product_tag":[10126,10128,10150,10171,10418,8510,8511,9181,9931,10125],"class_list":{"0":"post-201896","1":"product","2":"type-product","3":"status-publish","4":"has-post-thumbnail","6":"product_cat-seedshop-de","7":"product_tag-cannabis-samen","8":"product_tag-feminisierte-samen","9":"product_tag-zitrusartig","10":"product_tag-suess-fruchtig","11":"product_tag-vlad-der-inhalator","12":"product_tag-indica","13":"product_tag-sativa","14":"product_tag-white-label-seed-company","15":"product_tag-hybrid","16":"product_tag-ertrag-xxl","18":"first","19":"instock","20":"sale","21":"taxable","22":"shipping-taxable","23":"purchasable","24":"product-type-variable"},"aioseo_notices":[],"_links":{"self":[{"href":"https:\/\/www.budream.com\/de\/wp-json\/wp\/v2\/product\/201896","targetHints":{"allow":["GET"]}}],"collection":[{"href":"https:\/\/www.budream.com\/de\/wp-json\/wp\/v2\/product"}],"about":[{"href":"https:\/\/www.budream.com\/de\/wp-json\/wp\/v2\/types\/product"}],"replies":[{"embeddable":true,"href":"https:\/\/www.budream.com\/de\/wp-json\/wp\/v2\/comments?post=201896"}],"version-history":[{"count":1,"href":"https:\/\/www.budream.com\/de\/wp-json\/wp\/v2\/product\/201896\/revisions"}],"predecessor-version":[{"id":259375,"href":"https:\/\/www.budream.com\/de\/wp-json\/wp\/v2\/product\/201896\/revisions\/259375"}],"wp:featuredmedia":[{"embeddable":true,"href":"https:\/\/www.budream.com\/de\/wp-json\/wp\/v2\/media\/214201"}],"wp:attachment":[{"href":"https:\/\/www.budream.com\/de\/wp-json\/wp\/v2\/media?parent=201896"}],"wp:term":[{"taxonomy":"product_brand","embeddable":true,"href":"https:\/\/www.budream.com\/de\/wp-json\/wp\/v2\/product_brand?post=201896"},{"taxonomy":"product_cat","embeddable":true,"href":"https:\/\/www.budream.com\/de\/wp-json\/wp\/v2\/product_cat?post=201896"},{"taxonomy":"product_tag","embeddable":true,"href":"https:\/\/www.budream.com\/de\/wp-json\/wp\/v2\/product_tag?post=201896"}],"curies":[{"name":"wp","href":"https:\/\/api.w.org\/{rel}","templated":true}]}}