{"id":201936,"date":"2025-10-06T10:59:19","date_gmt":"2025-10-06T08:59:19","guid":{"rendered":"https:\/\/www.budream.com\/shop\/weisses-etikett-fallout-og-fem\/"},"modified":"2026-03-21T23:48:43","modified_gmt":"2026-03-21T21:48:43","slug":"weisses-etikett-fallout-og-fem","status":"publish","type":"product","link":"https:\/\/www.budream.com\/de\/shop\/weisses-etikett-fallout-og-fem\/","title":{"rendered":"WEISSES ETIKETT &#8211; FALLOUT OG FEM"},"content":{"rendered":"<p><strong>FALLOUT OG<\/strong> ist ein Indica-dominanter Hybrid, der k\u00f6rperliche Entspannung mit reichlich Ertr\u00e4gen verbindet von WHITE LABEL SEED COMPANY. Verf\u00fcgbar in Packungen mit 10 Samen feminisiert. Im Anbau, hat einen mittleren Bl\u00fctezyklus von 10-12 Wochen und bietet au\u00dfergew\u00f6hnlich reichlich Ertr\u00e4ge. In der Nase und am Gaumen bietet es einen Strau\u00df von Aromen: \ud83c\udf3f Erdiger, \ud83c\udf3f Scharf, \ud83c\udf4b Zitrusartig.<\/p>\n","protected":false},"excerpt":{"rendered":"<p>\ud83c\udf3f FALLOUT OG von WHITE LABEL SEED COMPANY \u00b7 \ud83e\uddec Indica Dominant (60%+) \u00b7 \ud83c\udfc6 Ertrag XXL.<\/p>\n","protected":false},"featured_media":214000,"comment_status":"open","ping_status":"closed","template":"","meta":[],"product_brand":[],"product_cat":[7952],"product_tag":[10147,8510,9181,9192,10125,10126,10127,10128],"class_list":{"0":"post-201936","1":"product","2":"type-product","3":"status-publish","4":"has-post-thumbnail","6":"product_cat-seedshop-de","7":"product_tag-erdiger","8":"product_tag-indica","9":"product_tag-white-label-seed-company","10":"product_tag-fallout-og","11":"product_tag-ertrag-xxl","12":"product_tag-cannabis-samen","13":"product_tag-scharf","14":"product_tag-feminisierte-samen","16":"first","17":"instock","18":"sale","19":"taxable","20":"shipping-taxable","21":"purchasable","22":"product-type-variable"},"_links":{"self":[{"href":"https:\/\/www.budream.com\/de\/wp-json\/wp\/v2\/product\/201936","targetHints":{"allow":["GET"]}}],"collection":[{"href":"https:\/\/www.budream.com\/de\/wp-json\/wp\/v2\/product"}],"about":[{"href":"https:\/\/www.budream.com\/de\/wp-json\/wp\/v2\/types\/product"}],"replies":[{"embeddable":true,"href":"https:\/\/www.budream.com\/de\/wp-json\/wp\/v2\/comments?post=201936"}],"version-history":[{"count":1,"href":"https:\/\/www.budream.com\/de\/wp-json\/wp\/v2\/product\/201936\/revisions"}],"predecessor-version":[{"id":259377,"href":"https:\/\/www.budream.com\/de\/wp-json\/wp\/v2\/product\/201936\/revisions\/259377"}],"wp:featuredmedia":[{"embeddable":true,"href":"https:\/\/www.budream.com\/de\/wp-json\/wp\/v2\/media\/214000"}],"wp:attachment":[{"href":"https:\/\/www.budream.com\/de\/wp-json\/wp\/v2\/media?parent=201936"}],"wp:term":[{"taxonomy":"product_brand","embeddable":true,"href":"https:\/\/www.budream.com\/de\/wp-json\/wp\/v2\/product_brand?post=201936"},{"taxonomy":"product_cat","embeddable":true,"href":"https:\/\/www.budream.com\/de\/wp-json\/wp\/v2\/product_cat?post=201936"},{"taxonomy":"product_tag","embeddable":true,"href":"https:\/\/www.budream.com\/de\/wp-json\/wp\/v2\/product_tag?post=201936"}],"curies":[{"name":"wp","href":"https:\/\/api.w.org\/{rel}","templated":true}]}}