{"id":201956,"date":"2025-10-06T11:00:27","date_gmt":"2025-10-06T09:00:27","guid":{"rendered":"https:\/\/www.budream.com\/shop\/weisses-etikett-runtz-auto-fem\/"},"modified":"2026-03-21T23:49:05","modified_gmt":"2026-03-21T21:49:05","slug":"weisses-etikett-runtz-auto-fem","status":"publish","type":"product","link":"https:\/\/www.budream.com\/de\/shop\/weisses-etikett-runtz-auto-fem\/","title":{"rendered":"WEISSES ETIKETT &#8211; RUNTZ AUTO FEM"},"content":{"rendered":"<p><strong>RUNTZ AUTO<\/strong> ist ein Indica-dominanter Hybrid, der k\u00f6rperliche Entspannung mit reichlich Ertr\u00e4gen verbindet von WHITE LABEL SEED COMPANY. Verf\u00fcgbar in Packungen mit 10 Samen feminisiert. Im Anbau, erfordert eine l\u00e4ngere Bl\u00fctezeit (13+ Wochen), belohnt mit au\u00dfergew\u00f6hnlicher Qualit\u00e4t und garantiert reichlich Ertr\u00e4ge. In der Nase und am Gaumen bietet es einen Strau\u00df von Aromen: \ud83c\udf53 S\u00fc\u00df \/ Fruchtig, \ud83c\udf4b Zitrusartig.<\/p>\n","protected":false},"excerpt":{"rendered":"<p>\ud83c\udf3f RUNTZ AUTO von WHITE LABEL SEED COMPANY \u00b7 \ud83e\uddec Indica Dominant (60%+) \u00b7 \ud83d\udce6 Ertrag XL.<\/p>\n","protected":false},"featured_media":214141,"comment_status":"open","ping_status":"closed","template":"","meta":[],"product_brand":[],"product_cat":[7952],"product_tag":[10126,10128,8510,8711,10171,9181,10150],"class_list":{"0":"post-201956","1":"product","2":"type-product","3":"status-publish","4":"has-post-thumbnail","6":"product_cat-seedshop-de","7":"product_tag-cannabis-samen","8":"product_tag-feminisierte-samen","9":"product_tag-indica","10":"product_tag-runtz-auto","11":"product_tag-suess-fruchtig","12":"product_tag-white-label-seed-company","13":"product_tag-zitrusartig","15":"first","16":"instock","17":"taxable","18":"shipping-taxable","19":"purchasable","20":"product-type-variable"},"aioseo_notices":[],"_links":{"self":[{"href":"https:\/\/www.budream.com\/de\/wp-json\/wp\/v2\/product\/201956","targetHints":{"allow":["GET"]}}],"collection":[{"href":"https:\/\/www.budream.com\/de\/wp-json\/wp\/v2\/product"}],"about":[{"href":"https:\/\/www.budream.com\/de\/wp-json\/wp\/v2\/types\/product"}],"replies":[{"embeddable":true,"href":"https:\/\/www.budream.com\/de\/wp-json\/wp\/v2\/comments?post=201956"}],"version-history":[{"count":1,"href":"https:\/\/www.budream.com\/de\/wp-json\/wp\/v2\/product\/201956\/revisions"}],"predecessor-version":[{"id":259378,"href":"https:\/\/www.budream.com\/de\/wp-json\/wp\/v2\/product\/201956\/revisions\/259378"}],"wp:featuredmedia":[{"embeddable":true,"href":"https:\/\/www.budream.com\/de\/wp-json\/wp\/v2\/media\/214141"}],"wp:attachment":[{"href":"https:\/\/www.budream.com\/de\/wp-json\/wp\/v2\/media?parent=201956"}],"wp:term":[{"taxonomy":"product_brand","embeddable":true,"href":"https:\/\/www.budream.com\/de\/wp-json\/wp\/v2\/product_brand?post=201956"},{"taxonomy":"product_cat","embeddable":true,"href":"https:\/\/www.budream.com\/de\/wp-json\/wp\/v2\/product_cat?post=201956"},{"taxonomy":"product_tag","embeddable":true,"href":"https:\/\/www.budream.com\/de\/wp-json\/wp\/v2\/product_tag?post=201956"}],"curies":[{"name":"wp","href":"https:\/\/api.w.org\/{rel}","templated":true}]}}