{"id":201981,"date":"2025-10-06T13:08:13","date_gmt":"2025-10-06T11:08:13","guid":{"rendered":"https:\/\/www.budream.com\/?post_type=product&#038;p=201981"},"modified":"2026-02-10T18:12:02","modified_gmt":"2026-02-10T16:12:02","slug":"ona-gel-pro-38-kg","status":"publish","type":"product","link":"https:\/\/www.budream.com\/de\/shop\/ona-gel-pro-38-kg\/","title":{"rendered":"ONA GEL PRO 3,8 KG"},"content":{"rendered":"<h3 data-start=\"248\" data-end=\"328\"><strong data-start=\"252\" data-end=\"328\">ONA Gel PRO &#8211; Nat\u00fcrliches geruchsneutralisierendes Gel<\/p>\n<p><\/strong><\/h3>\n<p data-start=\"330\" data-end=\"676\"><strong data-start=\"330\" data-end=\"355\">ONA Gel PRO<\/strong> ist ein <strong data-start=\"361\" data-end=\"408\">nat\u00fcrlicher und leistungsstarker Geruchsneutralisator<\/strong>, der <strong data-start=\"423\" data-end=\"478\">unerw\u00fcnschte Ger\u00fcche<\/strong> in Innenr\u00e4umen <strong data-start=\"423\" data-end=\"478\">dauerhaft beseitigt<\/strong>. Dank seiner <strong data-start=\"525\" data-end=\"567\">auf nat\u00fcrlichen Inhaltsstoffen basierenden Formel<\/strong> \u00fcberdeckt ONA Ger\u00fcche nicht, sondern <strong data-start=\"600\" data-end=\"626\">neutralisiert<\/strong> sie <strong data-start=\"600\" data-end=\"626\">an der Quelle<\/strong> und sorgt so jederzeit f\u00fcr eine frische und saubere Umgebung.<\/p>\n<p data-start=\"678\" data-end=\"906\">ONA Gel ist sicher f\u00fcr Menschen, Haustiere und Pflanzen und ist die <strong data-start=\"739\" data-end=\"811\">ideale L\u00f6sung f\u00fcr Wohn-, B\u00fcro- und Arbeitsumgebungen<\/strong>, selbst bei <strong data-start=\"834\" data-end=\"865\">intensiven und anhaltenden Ger\u00fcchen<\/strong> wie Rauch, Tieren oder organischen R\u00fcckst\u00e4nden.<\/p>\n<h3 data-start=\"908\" data-end=\"942\"><strong data-start=\"912\" data-end=\"942\">Wesentliche Merkmale<\/strong><\/h3>\n<ul style=\"list-style-type: disc\" data-start=\"943\" data-end=\"1185\">\n<li data-start=\"943\" data-end=\"982\">\n<div data-start=\"945\" data-end=\"982\">100% nat\u00fcrliche und ungiftige Formel<\/div>\n<\/li>\n<li data-start=\"983\" data-end=\"1045\">\n<div data-start=\"985\" data-end=\"1045\">Sicher f\u00fcr den Einsatz in Umgebungen mit Menschen, Tieren und Pflanzen<\/div>\n<\/li>\n<li data-start=\"1046\" data-end=\"1088\">\n<div data-start=\"1048\" data-end=\"1088\">Neutralisiert Ger\u00fcche, \u00fcberdeckt sie nicht<\/div>\n<\/li>\n<li data-start=\"1089\" data-end=\"1140\">\n<div data-start=\"1091\" data-end=\"1140\">Wirksam auch bei starken und hartn\u00e4ckigen Ger\u00fcchen<\/div>\n<\/li>\n<li data-start=\"1141\" data-end=\"1185\">\n<div data-start=\"1143\" data-end=\"1185\">Geeignet f\u00fcr den privaten und professionellen Gebrauch<\/div>\n<\/li>\n<\/ul>\n<div data-start=\"1187\" data-end=\"1214\"><strong data-start=\"1191\" data-end=\"1214\"><br \/>Verf\u00fcgbare Gr\u00f6\u00dfen<\/strong><\/div>\n<div data-start=\"1215\" data-end=\"1294\">400 g, 732 g, 3,8 kg Eimer, 20 kg Eimer<\/p>\n<div data-start=\"1187\" data-end=\"1214\"><strong data-start=\"1191\" data-end=\"1214\">Verf\u00fcgbare Duftstoffe<\/strong><\/div>\n<div data-start=\"1215\" data-end=\"1294\">PRO, Apple Crumble, Polar Crystal, Fresh Linen, Fruit Fusion, Tropics und das neue <strong data-start=\"1398\" data-end=\"1412\">Lemongrass<\/strong><\/div>\n<\/div>\n<h3 data-start=\"1296\" data-end=\"1316\"> <\/h3>\n","protected":false},"excerpt":{"rendered":"<p>ONA Gel PRO &#8211; Nat\u00fcrliches geruchsneutralisierendes Gel ONA Gel PRO ist ein nat\u00fcrlicher und leistungsstarker Geruchsneutralisator, der unerw\u00fcnschte Ger\u00fcche in<\/p>\n","protected":false},"featured_media":201985,"comment_status":"open","ping_status":"closed","template":"","meta":[],"product_brand":[],"product_cat":[7925],"product_tag":[],"class_list":{"0":"post-201981","1":"product","2":"type-product","3":"status-publish","4":"has-post-thumbnail","6":"product_cat-growshop-de","8":"first","9":"outofstock","10":"taxable","11":"shipping-taxable","12":"purchasable","13":"product-type-simple"},"aioseo_notices":[],"_links":{"self":[{"href":"https:\/\/www.budream.com\/de\/wp-json\/wp\/v2\/product\/201981","targetHints":{"allow":["GET"]}}],"collection":[{"href":"https:\/\/www.budream.com\/de\/wp-json\/wp\/v2\/product"}],"about":[{"href":"https:\/\/www.budream.com\/de\/wp-json\/wp\/v2\/types\/product"}],"replies":[{"embeddable":true,"href":"https:\/\/www.budream.com\/de\/wp-json\/wp\/v2\/comments?post=201981"}],"version-history":[{"count":0,"href":"https:\/\/www.budream.com\/de\/wp-json\/wp\/v2\/product\/201981\/revisions"}],"wp:featuredmedia":[{"embeddable":true,"href":"https:\/\/www.budream.com\/de\/wp-json\/wp\/v2\/media\/201985"}],"wp:attachment":[{"href":"https:\/\/www.budream.com\/de\/wp-json\/wp\/v2\/media?parent=201981"}],"wp:term":[{"taxonomy":"product_brand","embeddable":true,"href":"https:\/\/www.budream.com\/de\/wp-json\/wp\/v2\/product_brand?post=201981"},{"taxonomy":"product_cat","embeddable":true,"href":"https:\/\/www.budream.com\/de\/wp-json\/wp\/v2\/product_cat?post=201981"},{"taxonomy":"product_tag","embeddable":true,"href":"https:\/\/www.budream.com\/de\/wp-json\/wp\/v2\/product_tag?post=201981"}],"curies":[{"name":"wp","href":"https:\/\/api.w.org\/{rel}","templated":true}]}}