{"id":202066,"date":"2025-10-06T16:01:52","date_gmt":"2025-10-06T14:01:52","guid":{"rendered":"https:\/\/www.budream.com\/shop\/purp-booster-1l\/"},"modified":"2026-02-25T14:52:06","modified_gmt":"2026-02-25T12:52:06","slug":"purp-booster-1l","status":"publish","type":"product","link":"https:\/\/www.budream.com\/de\/shop\/purp-booster-1l\/","title":{"rendered":"PURP BOOSTER | 1L"},"content":{"rendered":"<h2>Purp Booster1L | Das Geheimnis von intensiver Farbe, Aroma und hervorragender Qualit\u00e4t<\/h2>\n<p><b>Purp Booster<\/b> ist eine spezielle Formel zur <b>F\u00f6rderung der Produktion von \u00e4therischen \u00d6len<\/b> in bl\u00fchenden und fruchttragenden Pflanzen. Sie wird w\u00e4hrend der Bl\u00fcte- und Reifephase eingesetzt und beeinflusst positiv das<b>Aroma<\/b>, den <b>Geschmack<\/b> und die <b>Gesamtqualit\u00e4t<\/b> von Bl\u00fcten und Fr\u00fcchten.<\/p>\n<p><b>Warum Purp Booster verwenden?<\/b><\/p>\n<ul>\n<li>\n<p><b>Verst\u00e4rkt die Pigmentierung:<\/b> Aktiviert die Synthese von <b>Anthocyanen<\/b>, den nat\u00fcrlichen Flavonoiden, die f\u00fcr die <b>violetten, roten und blauen<\/b> Farbt\u00f6ne in genetisch anf\u00e4lligen Sorten verantwortlich sind, und sorgt so f\u00fcr eine starke visuelle Wirkung der Ernte, ohne dass Umweltstress erforderlich ist.<\/p>\n<\/li>\n<li>\n<p><b>Erh\u00f6ht Terpene und Aromen:<\/b> F\u00f6rdert die Produktion von <b>Terpenen<\/b> und \u00e4therischen \u00d6len, die f\u00fcr ein reichhaltigeres, komplexeres Aroma- und Geschmacksprofil wesentlich sind.<\/p>\n<\/li>\n<li>\n<p><b>Verbessert die Qualit\u00e4t:<\/b> F\u00f6rdert die vermehrte Produktion von <b>Trichomen<\/b> und Harzdr\u00fcsen und tr\u00e4gt so zur allgemeinen Gesundheit und Vitalit\u00e4t der Pflanze bei.<\/p>\n<\/li>\n<li>\n<p><b>Leichte Formulierung (NPK 0-0-1):<\/b> Bietet eine gezielte Versorgung mit Kalium (K) f\u00fcr die \u00d6lsynthese, ohne die Pflanze mit \u00fcbersch\u00fcssigem Stickstoff oder Phosphor zu belasten.<\/p>\n<\/li>\n<\/ul>\n<h5><strong>WIE MAN TERP BOOSTER ANWENDET<\/strong><\/h5>\n<p>Indikationen f\u00fcr den hydroponischen, kokosartigen und erdfreien Anbau:<\/p>\n<ul>\n<li>Vegetative Phase und allgemeine Verwendung: Einmal w\u00f6chentlich oder bei jeder Bew\u00e4sserung eine Dosis von 0,25-1 ml pro Liter Wasser verwenden.<\/li>\n<li>Intensive Bl\u00fcte- und Fruchtphase: Verwenden Sie eine Dosis von 5-7,5 ml pro Liter Wasser einmal pro Woche oder bei jeder Bew\u00e4sserung.<\/li>\n<\/ul>\n<p><strong>Purp Booster kann bei allen Anbaumethoden sicher verwendet werden.<\/strong><\/p>\n","protected":false},"excerpt":{"rendered":"<p>Purp Booster1L | Das Geheimnis von intensiver Farbe, Aroma und hervorragender Qualit\u00e4t Purp Booster ist eine spezielle Formel zur F\u00f6rderung<\/p>\n","protected":false},"featured_media":202060,"comment_status":"open","ping_status":"closed","template":"","meta":[],"product_brand":[],"product_cat":[7925],"product_tag":[],"class_list":{"0":"post-202066","1":"product","2":"type-product","3":"status-publish","4":"has-post-thumbnail","6":"product_cat-growshop-de","8":"first","9":"instock","10":"taxable","11":"shipping-taxable","12":"purchasable","13":"product-type-simple"},"aioseo_notices":[],"_links":{"self":[{"href":"https:\/\/www.budream.com\/de\/wp-json\/wp\/v2\/product\/202066","targetHints":{"allow":["GET"]}}],"collection":[{"href":"https:\/\/www.budream.com\/de\/wp-json\/wp\/v2\/product"}],"about":[{"href":"https:\/\/www.budream.com\/de\/wp-json\/wp\/v2\/types\/product"}],"replies":[{"embeddable":true,"href":"https:\/\/www.budream.com\/de\/wp-json\/wp\/v2\/comments?post=202066"}],"version-history":[{"count":0,"href":"https:\/\/www.budream.com\/de\/wp-json\/wp\/v2\/product\/202066\/revisions"}],"wp:featuredmedia":[{"embeddable":true,"href":"https:\/\/www.budream.com\/de\/wp-json\/wp\/v2\/media\/202060"}],"wp:attachment":[{"href":"https:\/\/www.budream.com\/de\/wp-json\/wp\/v2\/media?parent=202066"}],"wp:term":[{"taxonomy":"product_brand","embeddable":true,"href":"https:\/\/www.budream.com\/de\/wp-json\/wp\/v2\/product_brand?post=202066"},{"taxonomy":"product_cat","embeddable":true,"href":"https:\/\/www.budream.com\/de\/wp-json\/wp\/v2\/product_cat?post=202066"},{"taxonomy":"product_tag","embeddable":true,"href":"https:\/\/www.budream.com\/de\/wp-json\/wp\/v2\/product_tag?post=202066"}],"curies":[{"name":"wp","href":"https:\/\/api.w.org\/{rel}","templated":true}]}}