{"id":202397,"date":"2025-10-08T11:33:12","date_gmt":"2025-10-08T09:33:12","guid":{"rendered":"https:\/\/www.budream.com\/?post_type=product&#038;p=202397"},"modified":"2026-01-19T12:09:44","modified_gmt":"2026-01-19T10:09:44","slug":"flowermate-wix-ersatzmundstueck","status":"publish","type":"product","link":"https:\/\/www.budream.com\/de\/shop\/flowermate-wix-ersatzmundstueck\/","title":{"rendered":"FLOWERMATE &#8211; WIX | ERSATZMUNDST\u00dcCK"},"content":{"rendered":"<h2>Ersatz-Zirkoniumdioxid-Mundst\u00fcck f\u00fcr Flowermate wix<\/h2>\n","protected":false},"excerpt":{"rendered":"<p>Ersatz-Zirkoniumdioxid-Mundst\u00fcck f\u00fcr Flowermate wix<\/p>\n","protected":false},"featured_media":202401,"comment_status":"open","ping_status":"closed","template":"","meta":[],"product_brand":[],"product_cat":[7907],"product_tag":[],"class_list":{"0":"post-202397","1":"product","2":"type-product","3":"status-publish","4":"has-post-thumbnail","6":"product_cat-verdampfer","8":"first","9":"instock","10":"taxable","11":"shipping-taxable","12":"purchasable","13":"product-type-simple"},"aioseo_notices":[],"_links":{"self":[{"href":"https:\/\/www.budream.com\/de\/wp-json\/wp\/v2\/product\/202397","targetHints":{"allow":["GET"]}}],"collection":[{"href":"https:\/\/www.budream.com\/de\/wp-json\/wp\/v2\/product"}],"about":[{"href":"https:\/\/www.budream.com\/de\/wp-json\/wp\/v2\/types\/product"}],"replies":[{"embeddable":true,"href":"https:\/\/www.budream.com\/de\/wp-json\/wp\/v2\/comments?post=202397"}],"version-history":[{"count":0,"href":"https:\/\/www.budream.com\/de\/wp-json\/wp\/v2\/product\/202397\/revisions"}],"wp:featuredmedia":[{"embeddable":true,"href":"https:\/\/www.budream.com\/de\/wp-json\/wp\/v2\/media\/202401"}],"wp:attachment":[{"href":"https:\/\/www.budream.com\/de\/wp-json\/wp\/v2\/media?parent=202397"}],"wp:term":[{"taxonomy":"product_brand","embeddable":true,"href":"https:\/\/www.budream.com\/de\/wp-json\/wp\/v2\/product_brand?post=202397"},{"taxonomy":"product_cat","embeddable":true,"href":"https:\/\/www.budream.com\/de\/wp-json\/wp\/v2\/product_cat?post=202397"},{"taxonomy":"product_tag","embeddable":true,"href":"https:\/\/www.budream.com\/de\/wp-json\/wp\/v2\/product_tag?post=202397"}],"curies":[{"name":"wp","href":"https:\/\/api.w.org\/{rel}","templated":true}]}}