{"id":202501,"date":"2025-10-09T09:37:13","date_gmt":"2025-10-09T07:37:13","guid":{"rendered":"https:\/\/www.budream.com\/?post_type=product&#038;p=202501"},"modified":"2026-03-30T16:36:18","modified_gmt":"2026-03-30T14:36:18","slug":"roothus-pot-anti-spiralisation-pot-1-lt","status":"publish","type":"product","link":"https:\/\/www.budream.com\/de\/shop\/roothus-pot-anti-spiralisation-pot-1-lt\/","title":{"rendered":"ROOTHUS POT ANTI-SPIRALISATION POT &#8211; 1 Lt"},"content":{"rendered":"<div style=\"font-family: 'Times New Roman';font-size: medium\">\n<p><span style=\"font-family: arial, helvetica, sans-serif\">Die Anti-Spiral-T\u00f6pfe von Agrita srl, zu denen auch<b> Roothus&reg;<\/b> geh\u00f6rt, verhindern aufgrund ihrer inneren Struktur, dass sich die Wurzeln spiralf\u00f6rmig ausbreiten. Die Wurzel, die in der Mitte der Pflanze beginnt, bewegt sich zum Ende des Topfes hin und wird von den Pyramiden im Inneren des Topfes zu den \u00d6ffnungsschlitzen gef\u00fchrt, wo sie eine Umgebung mit einem hohen Luftanteil vorfindet und an der Spitze zu dehydrieren beginnt, wodurch der Prozess der Luftbeschneidung eingeleitet wird. An diesem Punkt reagiert die Pflanze, indem sie mehr Seitenwurzeln an der gleichen Stelle bildet, an der die Spitze nun trocken ist. Dieser Prozess wird fortgesetzt, bis die Pflanze in einem <b>Roothus&reg;-Container<\/b> untergebracht ist.<\/span><\/p>\n<p><span style=\"font-family: arial, helvetica, sans-serif\">Das entstehende Wurzelsystem wird dicht, faserig und voller nach au\u00dfen gerichteter Spitzen sein. Dieser Zustand f\u00fchrt dazu, dass die Pflanze mehr Wasser und N\u00e4hrstoffe aufnimmt, was definitiv ein viel schnelleres Wachstum stimuliert und die Wachstumszeit halbiert.<\/span><\/p>\n<p><span style=\"font-family: arial, helvetica, sans-serif\"><strong>\u00c4u\u00dferer Durchmesser<\/strong>: 13 cm<br \/><strong>Innerer Durchmesser<\/strong>: 11 cm<br \/><strong>H\u00f6he:<\/strong> 13 cm<br \/><strong>Volumen<\/strong>: 1 Liter <\/span><\/div>\n","protected":false},"excerpt":{"rendered":"<p>Die Anti-Spiral-T\u00f6pfe von Agrita srl, zu denen auch Roothus&reg; geh\u00f6rt, verhindern aufgrund ihrer inneren Struktur, dass sich die Wurzeln spiralf\u00f6rmig<\/p>\n","protected":false},"featured_media":206290,"comment_status":"open","ping_status":"closed","template":"","meta":[],"product_brand":[],"product_cat":[7925],"product_tag":[],"class_list":{"0":"post-202501","1":"product","2":"type-product","3":"status-publish","4":"has-post-thumbnail","6":"product_cat-growshop-de","8":"first","9":"instock","10":"taxable","11":"shipping-taxable","12":"purchasable","13":"product-type-simple"},"aioseo_notices":[],"_links":{"self":[{"href":"https:\/\/www.budream.com\/de\/wp-json\/wp\/v2\/product\/202501","targetHints":{"allow":["GET"]}}],"collection":[{"href":"https:\/\/www.budream.com\/de\/wp-json\/wp\/v2\/product"}],"about":[{"href":"https:\/\/www.budream.com\/de\/wp-json\/wp\/v2\/types\/product"}],"replies":[{"embeddable":true,"href":"https:\/\/www.budream.com\/de\/wp-json\/wp\/v2\/comments?post=202501"}],"version-history":[{"count":0,"href":"https:\/\/www.budream.com\/de\/wp-json\/wp\/v2\/product\/202501\/revisions"}],"wp:featuredmedia":[{"embeddable":true,"href":"https:\/\/www.budream.com\/de\/wp-json\/wp\/v2\/media\/206290"}],"wp:attachment":[{"href":"https:\/\/www.budream.com\/de\/wp-json\/wp\/v2\/media?parent=202501"}],"wp:term":[{"taxonomy":"product_brand","embeddable":true,"href":"https:\/\/www.budream.com\/de\/wp-json\/wp\/v2\/product_brand?post=202501"},{"taxonomy":"product_cat","embeddable":true,"href":"https:\/\/www.budream.com\/de\/wp-json\/wp\/v2\/product_cat?post=202501"},{"taxonomy":"product_tag","embeddable":true,"href":"https:\/\/www.budream.com\/de\/wp-json\/wp\/v2\/product_tag?post=202501"}],"curies":[{"name":"wp","href":"https:\/\/api.w.org\/{rel}","templated":true}]}}