{"id":206910,"date":"2025-10-10T01:09:39","date_gmt":"2025-10-09T23:09:39","guid":{"rendered":"https:\/\/www.budream.com\/shop\/schnelle-knospen-pfadfinderinnen-kekse-auto\/"},"modified":"2026-04-10T09:19:14","modified_gmt":"2026-04-10T07:19:14","slug":"schnelle-knospen-pfadfinderinnen-kekse-auto","status":"publish","type":"product","link":"https:\/\/www.budream.com\/de\/shop\/schnelle-knospen-pfadfinderinnen-kekse-auto\/","title":{"rendered":"FAST BUDS &#8211; GIRL SCOUT COOKIES AUTO FEM | Verf\u00fcgbar solange der Vorrat reicht"},"content":{"rendered":"<div style=\"text-align: justify\">Eine der meistverkauften und beliebtesten Sorten von Fast Buds Seeds, Girl Scout Cookies Auto, eine extra gro\u00dfe Ernte und ein fantastisches, begehrtes Keksaroma.<\/div>\n<p><\/p>\n<h2><strong>Eigenschaften Ice Cream Auto Fast Buds Seeds:<\/strong><\/h2>\n<ul style=\"list-style-type: disc\">\n<li><strong>Gattung:<\/strong> Feminisiert Autoflowering<\/li>\n<li><strong>Genotyp:<\/strong> Hybrid 40% Sativa 60% Indica<\/li>\n<li><strong>Genetik:<\/strong> Girl Scout Cookies autoflowering<\/li>\n<li><strong>Tage:<\/strong> 56-63 Tage<\/li>\n<\/ul>\n<p><\/p>\n<div style=\"text-align: justify\"><em><strong>WARNUNG:<\/strong> Hanfsamen sind vom gesetzlichen Begriff Cannabis ausgenommen, was bedeutet, dass sie nicht als Bet\u00e4ubungsmittel gelten (L. 412 von 1974, Art. 1, Absatz 1, Buchstabe B; Einheits\u00fcbereinkommen \u00fcber Bet\u00e4ubungsmittel von New York von 1961 und Tabelle II des Ministerialerlasses 27\/7\/1992). In Italien ist der Anbau von Hanf verboten (Artikel 28 und 73 des Pr\u00e4sidialdekrets 309\/90), es sei denn, es liegt eine Sondergenehmigung vor (Artikel 17 des Pr\u00e4sidialdekrets 309\/90). In Ermangelung einer solchen Genehmigung darf das Saatgut nur f\u00fcr andere Zwecke verwendet werden (zootechnische Zwecke, Sammeln usw.). Das Saatgut wird unter dem Vorbehalt verkauft, dass es nicht von Dritten im Widerspruch zu den gesetzlichen Bestimmungen verwendet wird.<\/em><\/div>\n","protected":false},"excerpt":{"rendered":"<p>\ud83c\udf3f GIRL SCOUT COOKIES AUTO FEM | von FASTBUDS SEEDS \u00b7 \ud83e\uddec Indica Dominant (60%+) \u00b7 \ud83d\udd25 THC sehr hoch (Sehr hoch (20\u202f%+)) \u00b7 \ud83d\udce6 Ertrag XL.<\/p>\n","protected":false},"featured_media":140235,"comment_status":"open","ping_status":"closed","template":"","meta":[],"product_brand":[],"product_cat":[7952],"product_tag":[10126,10147,9194,10128,10419,8510,10124],"class_list":{"0":"post-206910","1":"product","2":"type-product","3":"status-publish","4":"has-post-thumbnail","6":"product_cat-seedshop-de","7":"product_tag-cannabis-samen","8":"product_tag-erdiger","9":"product_tag-fastbuds-seeds","10":"product_tag-feminisierte-samen","11":"product_tag-girl-scout-cookies-auto-fem-verfuegbar-solange-der-vorrat-reicht","12":"product_tag-indica","13":"product_tag-thc-sehr-hoch","15":"first","16":"instock","17":"taxable","18":"shipping-taxable","19":"purchasable","20":"product-type-variable"},"aioseo_notices":[],"_links":{"self":[{"href":"https:\/\/www.budream.com\/de\/wp-json\/wp\/v2\/product\/206910","targetHints":{"allow":["GET"]}}],"collection":[{"href":"https:\/\/www.budream.com\/de\/wp-json\/wp\/v2\/product"}],"about":[{"href":"https:\/\/www.budream.com\/de\/wp-json\/wp\/v2\/types\/product"}],"replies":[{"embeddable":true,"href":"https:\/\/www.budream.com\/de\/wp-json\/wp\/v2\/comments?post=206910"}],"version-history":[{"count":2,"href":"https:\/\/www.budream.com\/de\/wp-json\/wp\/v2\/product\/206910\/revisions"}],"predecessor-version":[{"id":262447,"href":"https:\/\/www.budream.com\/de\/wp-json\/wp\/v2\/product\/206910\/revisions\/262447"}],"wp:featuredmedia":[{"embeddable":true,"href":"https:\/\/www.budream.com\/de\/wp-json\/wp\/v2\/media\/140235"}],"wp:attachment":[{"href":"https:\/\/www.budream.com\/de\/wp-json\/wp\/v2\/media?parent=206910"}],"wp:term":[{"taxonomy":"product_brand","embeddable":true,"href":"https:\/\/www.budream.com\/de\/wp-json\/wp\/v2\/product_brand?post=206910"},{"taxonomy":"product_cat","embeddable":true,"href":"https:\/\/www.budream.com\/de\/wp-json\/wp\/v2\/product_cat?post=206910"},{"taxonomy":"product_tag","embeddable":true,"href":"https:\/\/www.budream.com\/de\/wp-json\/wp\/v2\/product_tag?post=206910"}],"curies":[{"name":"wp","href":"https:\/\/api.w.org\/{rel}","templated":true}]}}