{"id":207822,"date":"2025-10-10T03:41:56","date_gmt":"2025-10-10T01:41:56","guid":{"rendered":"https:\/\/www.budream.com\/shop\/schnelle-knospen-fastberry-auto\/"},"modified":"2026-04-14T13:06:39","modified_gmt":"2026-04-14T11:06:39","slug":"schnelle-knospen-fastberry-auto","status":"publish","type":"product","link":"https:\/\/www.budream.com\/de\/shop\/schnelle-knospen-fastberry-auto\/","title":{"rendered":"FAST BUDS &#8211; FASTBERRY AUTO FEM | Verf\u00fcgbar solange der Vorrat reicht"},"content":{"rendered":"<div style=\"text-align: justify\">Wie der Name schon sagt, handelt es sich um eine schnell produzierende Hybride, die in 9 Wochen erntereif ist. Eine robuste und zuverl\u00e4ssige autoflowering Sorte.<\/div>\n<p><\/p>\n<h2><strong>Eigenschaften Fastberry Auto Fast Buds Seeds:<\/strong><\/h2>\n<ul style=\"list-style-type: disc\">\n<li><strong>Gattung:<\/strong> Feminisiert Autoflowering<\/li>\n<li><strong>Genotyp:<\/strong> Hybrid 35% Sativa 65% Indica<\/li>\n<li><strong>Genetik:<\/strong> Blueberry Autoflowering<\/li>\n<li><strong>Tage:<\/strong> 63<\/li>\n<\/ul>\n<p><\/p>\n<div style=\"text-align: justify\"><em><strong>WARNUNG:<\/strong> Hanfsamen sind vom gesetzlichen Begriff Cannabis ausgenommen, was bedeutet, dass sie nicht als Bet\u00e4ubungsmittel gelten (L. 412 von 1974, Art. 1, Komma 1, Buchstabe B; Einheits\u00fcbereinkommen \u00fcber Bet\u00e4ubungsmittel von New York von 1961 und Tabelle II des Ministerialerlasses vom 27.7.1992). In Italien ist der Anbau von Hanf verboten (Artikel 28 und 73 des Pr\u00e4sidialdekrets 309\/90), es sei denn, es liegt eine Sondergenehmigung vor (Artikel 17 des Pr\u00e4sidialdekrets 309\/90). In Ermangelung einer solchen Genehmigung darf das Saatgut nur f\u00fcr andere Zwecke verwendet werden (zootechnische Zwecke, Sammeln usw.). Das Saatgut wird unter dem Vorbehalt verkauft, dass es nicht von Dritten im Widerspruch zu den gesetzlichen Bestimmungen verwendet wird.<\/em><\/div>\n","protected":false},"excerpt":{"rendered":"<p>\ud83c\udf3f FASTBERRY AUTO FEM | von FASTBUDS SEEDS \u00b7 \ud83e\uddec Indica Dominant (60%+) \u00b7 \ud83d\udcaa THC hoch (Hoch (15\u201319\u202f%)) \u00b7 \ud83d\udce6 Ertrag XL.<\/p>\n","protected":false},"featured_media":149719,"comment_status":"open","ping_status":"closed","template":"","meta":[],"product_brand":[],"product_cat":[7952],"product_tag":[10140,10171,10437,8510,9194,10126,10128],"class_list":{"0":"post-207822","1":"product","2":"type-product","3":"status-publish","4":"has-post-thumbnail","6":"product_cat-seedshop-de","7":"product_tag-thc-hoch","8":"product_tag-suess-fruchtig","9":"product_tag-fastberry-auto-fem-verfuegbar-solange-der-vorrat-reicht","10":"product_tag-indica","11":"product_tag-fastbuds-seeds","12":"product_tag-cannabis-samen","13":"product_tag-feminisierte-samen","15":"first","16":"instock","17":"taxable","18":"shipping-taxable","19":"purchasable","20":"product-type-variable"},"aioseo_notices":[],"_links":{"self":[{"href":"https:\/\/www.budream.com\/de\/wp-json\/wp\/v2\/product\/207822","targetHints":{"allow":["GET"]}}],"collection":[{"href":"https:\/\/www.budream.com\/de\/wp-json\/wp\/v2\/product"}],"about":[{"href":"https:\/\/www.budream.com\/de\/wp-json\/wp\/v2\/types\/product"}],"replies":[{"embeddable":true,"href":"https:\/\/www.budream.com\/de\/wp-json\/wp\/v2\/comments?post=207822"}],"version-history":[{"count":2,"href":"https:\/\/www.budream.com\/de\/wp-json\/wp\/v2\/product\/207822\/revisions"}],"predecessor-version":[{"id":260630,"href":"https:\/\/www.budream.com\/de\/wp-json\/wp\/v2\/product\/207822\/revisions\/260630"}],"wp:featuredmedia":[{"embeddable":true,"href":"https:\/\/www.budream.com\/de\/wp-json\/wp\/v2\/media\/149719"}],"wp:attachment":[{"href":"https:\/\/www.budream.com\/de\/wp-json\/wp\/v2\/media?parent=207822"}],"wp:term":[{"taxonomy":"product_brand","embeddable":true,"href":"https:\/\/www.budream.com\/de\/wp-json\/wp\/v2\/product_brand?post=207822"},{"taxonomy":"product_cat","embeddable":true,"href":"https:\/\/www.budream.com\/de\/wp-json\/wp\/v2\/product_cat?post=207822"},{"taxonomy":"product_tag","embeddable":true,"href":"https:\/\/www.budream.com\/de\/wp-json\/wp\/v2\/product_tag?post=207822"}],"curies":[{"name":"wp","href":"https:\/\/api.w.org\/{rel}","templated":true}]}}