{"id":207902,"date":"2025-10-10T03:46:04","date_gmt":"2025-10-10T01:46:04","guid":{"rendered":"https:\/\/www.budream.com\/shop\/schnelle-knospen-gorilla-leim-auto\/"},"modified":"2026-04-22T15:31:32","modified_gmt":"2026-04-22T13:31:32","slug":"schnelle-knospen-gorilla-leim-auto","status":"publish","type":"product","link":"https:\/\/www.budream.com\/de\/shop\/schnelle-knospen-gorilla-leim-auto\/","title":{"rendered":"FAST BUDS &#8211; GORILLA AUTO FEM (GORILLA GLUE AUTO FEM)"},"content":{"rendered":"<div style=\"text-align: justify\">Die ber\u00fchmteste Sorte von Fast Buds Seeds. Eine gro\u00dfe Pflanze, die nur etwa 9 Wochen braucht.<\/div>\n<p><\/p>\n<h2><strong>Eigenschaften Gorilla Glue Auto Fast Buds Seeds:<\/strong><\/h2>\n<ul style=\"list-style-type: disc\">\n<li><strong>Gattung:<\/strong> Auto-flowering Feminisiert<\/li>\n<li><strong>Genotyp:<\/strong> Hybrid 65% Sativa 45% Indica<\/li>\n<li><strong>Genetik:<\/strong> Gorilla Glue Autoflowering<\/li>\n<li><strong>Tage:<\/strong> 56-63 Tage<\/li>\n<\/ul>\n<p><\/p>\n<div style=\"text-align: justify\"><em><strong>WARNUNG:<\/strong> Hanfsamen sind vom gesetzlichen Begriff Cannabis ausgenommen, was bedeutet, dass sie nicht als Bet\u00e4ubungsmittel gelten (L. 412 von 1974, Art. 1, Absatz 1, Buchstabe B; Einheits\u00fcbereinkommen \u00fcber Bet\u00e4ubungsmittel von New York von 1961 und Tabelle II des Ministerialerlasses 27\/7\/1992). In Italien ist der Anbau von Hanf verboten (Artikel 28 und 73 des Pr\u00e4sidialdekrets 309\/90), es sei denn, es liegt eine Sondergenehmigung vor (Artikel 17 des Pr\u00e4sidialdekrets 309\/90). In Ermangelung einer solchen Genehmigung darf das Saatgut nur f\u00fcr andere Zwecke verwendet werden (zootechnische Zwecke, Sammeln usw.). Das Saatgut wird unter dem Vorbehalt verkauft, dass es nicht von Dritten im Widerspruch zu den gesetzlichen Bestimmungen verwendet wird.<\/em><\/div>\n","protected":false},"excerpt":{"rendered":"<p>\ud83c\udf3f GORILLA AUTO FEM (GORILLA GLUE AUTO FEM) von FASTBUDS SEEDS \u00b7 \ud83e\uddec Sativa Dominant (60%+) \u00b7 \ud83d\udd25 THC sehr hoch (Sehr hoch (20\u202f%+)) \u00b7 \ud83c\udfc6 Ertrag XXL.<\/p>\n","protected":false},"featured_media":149949,"comment_status":"open","ping_status":"closed","template":"","meta":[],"product_brand":[],"product_cat":[7952],"product_tag":[10150,8511,9194,9220,10124,10125,10126,10128],"class_list":{"0":"post-207902","1":"product","2":"type-product","3":"status-publish","4":"has-post-thumbnail","6":"product_cat-seedshop-de","7":"product_tag-zitrusartig","8":"product_tag-sativa","9":"product_tag-fastbuds-seeds","10":"product_tag-gorilla-auto-fem-gorilla-glue-auto-fem","11":"product_tag-thc-sehr-hoch","12":"product_tag-ertrag-xxl","13":"product_tag-cannabis-samen","14":"product_tag-feminisierte-samen","16":"first","17":"instock","18":"sale","19":"taxable","20":"shipping-taxable","21":"purchasable","22":"product-type-variable"},"_links":{"self":[{"href":"https:\/\/www.budream.com\/de\/wp-json\/wp\/v2\/product\/207902","targetHints":{"allow":["GET"]}}],"collection":[{"href":"https:\/\/www.budream.com\/de\/wp-json\/wp\/v2\/product"}],"about":[{"href":"https:\/\/www.budream.com\/de\/wp-json\/wp\/v2\/types\/product"}],"replies":[{"embeddable":true,"href":"https:\/\/www.budream.com\/de\/wp-json\/wp\/v2\/comments?post=207902"}],"version-history":[{"count":2,"href":"https:\/\/www.budream.com\/de\/wp-json\/wp\/v2\/product\/207902\/revisions"}],"predecessor-version":[{"id":260600,"href":"https:\/\/www.budream.com\/de\/wp-json\/wp\/v2\/product\/207902\/revisions\/260600"}],"wp:featuredmedia":[{"embeddable":true,"href":"https:\/\/www.budream.com\/de\/wp-json\/wp\/v2\/media\/149949"}],"wp:attachment":[{"href":"https:\/\/www.budream.com\/de\/wp-json\/wp\/v2\/media?parent=207902"}],"wp:term":[{"taxonomy":"product_brand","embeddable":true,"href":"https:\/\/www.budream.com\/de\/wp-json\/wp\/v2\/product_brand?post=207902"},{"taxonomy":"product_cat","embeddable":true,"href":"https:\/\/www.budream.com\/de\/wp-json\/wp\/v2\/product_cat?post=207902"},{"taxonomy":"product_tag","embeddable":true,"href":"https:\/\/www.budream.com\/de\/wp-json\/wp\/v2\/product_tag?post=207902"}],"curies":[{"name":"wp","href":"https:\/\/api.w.org\/{rel}","templated":true}]}}