{"id":209602,"date":"2025-10-10T09:59:03","date_gmt":"2025-10-10T07:59:03","guid":{"rendered":"https:\/\/www.budream.com\/shop\/schnell-knospen-gorilla-zkittlez-auto-fem\/"},"modified":"2026-04-07T09:59:25","modified_gmt":"2026-04-07T07:59:25","slug":"schnell-knospen-gorilla-zkittlez-auto-fem","status":"publish","type":"product","link":"https:\/\/www.budream.com\/de\/shop\/schnell-knospen-gorilla-zkittlez-auto-fem\/","title":{"rendered":"FAST BUDS &#8211; GORILLA Z AUTO FEM ( EX GORILLA ZKITTLEZ AUTO FEM)"},"content":{"rendered":"<p>Dieses genetische Meisterwerk ist die perfekte Wahl: ein New-\/Old-School-Hybrid, der von seinen amerikanischen Vorfahren abstammt.<\/p>\n<h2><strong>Eigenschaften Gorilla Zkittlez Auto Fem Fast Buds Seeds:<\/strong><\/h2>\n<ul style=\"list-style-type: disc\">\n<li><strong>Gattung:<\/strong> Hybrid Feminisiert Autoflowering<\/li>\n<li><strong>Genotyp:<\/strong> Hybrid 30% Sativa 70% Indica<\/li>\n<li><strong>Genetik:<\/strong> Gorilla x Zkittlez<\/li>\n<li><strong>Tage:<\/strong> 63<\/li>\n<\/ul>\n<p><\/p>\n<div style=\"text-align: justify\"><em><strong>ACHTUNG:<\/strong> Hanfsamen fallen nicht unter den Rechtsbegriff Cannabis, was bedeutet, dass sie nicht als Bet\u00e4ubungsmittel gelten (L. 412 von 1974, Art. 1, Absatz 1, Buchstabe B; Einheits\u00fcbereinkommen \u00fcber Suchtstoffe von New York von 1961 und Tabelle II des Ministerialerlasses 27\/7\/1992). In Italien ist der Anbau von Hanf verboten (Artikel 28 und 73 des Pr\u00e4sidialdekrets 309\/90), es sei denn, es liegt eine Sondergenehmigung vor (Artikel 17 des Pr\u00e4sidialdekrets 309\/90). In Ermangelung einer solchen Genehmigung darf das Saatgut nur f\u00fcr andere Zwecke verwendet werden (zootechnische Zwecke, Sammeln usw.). Das Saatgut wird unter dem Vorbehalt verkauft, dass es nicht von Dritten im Widerspruch zu den gesetzlichen Bestimmungen verwendet wird.<\/em><\/div>\n","protected":false},"excerpt":{"rendered":"<p>\ud83c\udf3f GORILLA Z AUTO FEM ( EX GORILLA ZKITTLEZ AUTO FEM) von FASTBUDS SEEDS \u00b7 \ud83e\uddec Indica Dominant (60%+) \u00b7 \ud83d\udd25 THC sehr hoch (Sehr hoch (20\u202f%+)) \u00b7 \ud83c\udfc6 Ertrag XXL.<\/p>\n","protected":false},"featured_media":167269,"comment_status":"open","ping_status":"closed","template":"","meta":[],"product_brand":[],"product_cat":[7952],"product_tag":[8510,9194,9239,10124,10125,10126,10127,10128],"class_list":{"0":"post-209602","1":"product","2":"type-product","3":"status-publish","4":"has-post-thumbnail","6":"product_cat-seedshop-de","7":"product_tag-indica","8":"product_tag-fastbuds-seeds","9":"product_tag-gorilla-z-auto-fem-ex-gorilla-zkittlez-auto-fem","10":"product_tag-thc-sehr-hoch","11":"product_tag-ertrag-xxl","12":"product_tag-cannabis-samen","13":"product_tag-scharf","14":"product_tag-feminisierte-samen","16":"first","17":"instock","18":"sale","19":"taxable","20":"shipping-taxable","21":"purchasable","22":"product-type-variable"},"_links":{"self":[{"href":"https:\/\/www.budream.com\/de\/wp-json\/wp\/v2\/product\/209602","targetHints":{"allow":["GET"]}}],"collection":[{"href":"https:\/\/www.budream.com\/de\/wp-json\/wp\/v2\/product"}],"about":[{"href":"https:\/\/www.budream.com\/de\/wp-json\/wp\/v2\/types\/product"}],"replies":[{"embeddable":true,"href":"https:\/\/www.budream.com\/de\/wp-json\/wp\/v2\/comments?post=209602"}],"version-history":[{"count":2,"href":"https:\/\/www.budream.com\/de\/wp-json\/wp\/v2\/product\/209602\/revisions"}],"predecessor-version":[{"id":260606,"href":"https:\/\/www.budream.com\/de\/wp-json\/wp\/v2\/product\/209602\/revisions\/260606"}],"wp:featuredmedia":[{"embeddable":true,"href":"https:\/\/www.budream.com\/de\/wp-json\/wp\/v2\/media\/167269"}],"wp:attachment":[{"href":"https:\/\/www.budream.com\/de\/wp-json\/wp\/v2\/media?parent=209602"}],"wp:term":[{"taxonomy":"product_brand","embeddable":true,"href":"https:\/\/www.budream.com\/de\/wp-json\/wp\/v2\/product_brand?post=209602"},{"taxonomy":"product_cat","embeddable":true,"href":"https:\/\/www.budream.com\/de\/wp-json\/wp\/v2\/product_cat?post=209602"},{"taxonomy":"product_tag","embeddable":true,"href":"https:\/\/www.budream.com\/de\/wp-json\/wp\/v2\/product_tag?post=209602"}],"curies":[{"name":"wp","href":"https:\/\/api.w.org\/{rel}","templated":true}]}}