{"id":210166,"date":"2025-10-10T11:31:42","date_gmt":"2025-10-10T09:31:42","guid":{"rendered":"https:\/\/www.budream.com\/shop\/schnell-knospen-gg4-sorbet-schnell-bluehende-fem\/"},"modified":"2026-03-22T08:51:19","modified_gmt":"2026-03-22T06:51:19","slug":"schnell-knospen-gg4-sorbet-schnell-bluehende-fem","status":"publish","type":"product","link":"https:\/\/www.budream.com\/de\/shop\/schnell-knospen-gg4-sorbet-schnell-bluehende-fem\/","title":{"rendered":"SCHNELL KNOSPEN &#8211; GG4 SORBET SCHNELL BL\u00dcHENDE FEM"},"content":{"rendered":"<p><strong>GG4 SORBET SCHNELL BL\u00dcHENDE<\/strong> ist ein Indica-dominanter Hybrid, der k\u00f6rperliche Entspannung mit reichlich Ertr\u00e4gen verbindet von FASTBUDS SEEDS. Verf\u00fcgbar in Packungen mit 1 Samen feminisiert. Mit sehr hohem THC-Gehalt (Sehr hoch (20\u202f%+)), diese Pflanze richtet sich an erfahrene Z\u00fcchter. Im Anbau, bl\u00fcht schnell in 7-9 Wochen und garantiert reichlich Ertr\u00e4ge. In der Nase und am Gaumen zeichnet sich sein \ud83c\udf53 S\u00fc\u00df \/ Fruchtig-Aroma aus.<\/p>\n","protected":false},"excerpt":{"rendered":"<p>\ud83c\udf3f GG4 SORBET SCHNELL BL\u00dcHENDE von FASTBUDS SEEDS \u00b7 \ud83e\uddec Indica Dominant (60%+) \u00b7 \ud83d\udd25 THC sehr hoch (Sehr hoch (20\u202f%+)) \u00b7 \ud83d\udce6 Ertrag XL.<\/p>\n","protected":false},"featured_media":172450,"comment_status":"open","ping_status":"closed","template":"","meta":[],"product_brand":[],"product_cat":[7952],"product_tag":[10124,10126,10128,10171,10457,8510,9194],"class_list":{"0":"post-210166","1":"product","2":"type-product","3":"status-publish","4":"has-post-thumbnail","6":"product_cat-seedshop-de","7":"product_tag-thc-sehr-hoch","8":"product_tag-cannabis-samen","9":"product_tag-feminisierte-samen","10":"product_tag-suess-fruchtig","11":"product_tag-gg4-sorbet-schnell-bluehende","12":"product_tag-indica","13":"product_tag-fastbuds-seeds","15":"first","16":"instock","17":"taxable","18":"shipping-taxable","19":"purchasable","20":"product-type-variable"},"aioseo_notices":[],"_links":{"self":[{"href":"https:\/\/www.budream.com\/de\/wp-json\/wp\/v2\/product\/210166","targetHints":{"allow":["GET"]}}],"collection":[{"href":"https:\/\/www.budream.com\/de\/wp-json\/wp\/v2\/product"}],"about":[{"href":"https:\/\/www.budream.com\/de\/wp-json\/wp\/v2\/types\/product"}],"replies":[{"embeddable":true,"href":"https:\/\/www.budream.com\/de\/wp-json\/wp\/v2\/comments?post=210166"}],"version-history":[{"count":1,"href":"https:\/\/www.budream.com\/de\/wp-json\/wp\/v2\/product\/210166\/revisions"}],"predecessor-version":[{"id":259436,"href":"https:\/\/www.budream.com\/de\/wp-json\/wp\/v2\/product\/210166\/revisions\/259436"}],"wp:featuredmedia":[{"embeddable":true,"href":"https:\/\/www.budream.com\/de\/wp-json\/wp\/v2\/media\/172450"}],"wp:attachment":[{"href":"https:\/\/www.budream.com\/de\/wp-json\/wp\/v2\/media?parent=210166"}],"wp:term":[{"taxonomy":"product_brand","embeddable":true,"href":"https:\/\/www.budream.com\/de\/wp-json\/wp\/v2\/product_brand?post=210166"},{"taxonomy":"product_cat","embeddable":true,"href":"https:\/\/www.budream.com\/de\/wp-json\/wp\/v2\/product_cat?post=210166"},{"taxonomy":"product_tag","embeddable":true,"href":"https:\/\/www.budream.com\/de\/wp-json\/wp\/v2\/product_tag?post=210166"}],"curies":[{"name":"wp","href":"https:\/\/api.w.org\/{rel}","templated":true}]}}