{"id":212086,"date":"2025-10-10T17:44:33","date_gmt":"2025-10-10T15:44:33","guid":{"rendered":"https:\/\/www.budream.com\/shop\/schnelle-knospen-lemonpaya-fem\/"},"modified":"2026-04-21T16:41:50","modified_gmt":"2026-04-21T14:41:50","slug":"schnelle-knospen-lemonpaya-fem","status":"publish","type":"product","link":"https:\/\/www.budream.com\/de\/shop\/schnelle-knospen-lemonpaya-fem\/","title":{"rendered":"SCHNELLE KNOSPEN &#8211; LEMONPAYA FEM"},"content":{"rendered":"<div style=\"text-align: justify\"><strong>Lemonpaya<\/strong> ist eine perfekte Verschmelzung unserer Lemonade-Sorte mit der bekannten Papaya-Sorte (Oni-Selektion). Der Lemonade-Steckling von Fast Buds, der f\u00fcr seinen zarten Zitronenduft gesch\u00e4tzt wird, dient als wichtige Ausgangssorte f\u00fcr viele unserer Projekte. Papaya wiederum gibt ihr charakteristisches, intensiv s\u00fc\u00dfes, tropisches Aroma und ihren Geschmack ab. Lemonpaya erbt die besten Eigenschaften dieser beiden Sorten.<\/div>\n<p><\/p>\n<h2><strong>Eigenschaften Lemonpaya Haze Fem Fast Buds:<\/strong><\/h2>\n<ul style=\"list-style-type: disc\">\n<li><strong>Gattung:<\/strong> Hybrid Feminisiert<\/li>\n<li><strong>Genetik:<\/strong> Lemonade (Unser W\u00e4chter) x Papaya (Oni-Auswahl)<\/li>\n<li><strong>Zusammensetzung:<\/strong> Indica \/ Sativa<\/li>\n<li><strong>Tage:<\/strong> 63 Tage<\/li>\n<\/ul>\n<p><\/p>\n<div style=\"text-align: justify\"><span style=\"font-size: 11pt\"><em><strong>WARNUNG:<\/strong> Hanfsamen sind vom gesetzlichen Begriff Cannabis ausgenommen, was bedeutet, dass sie nicht als Bet\u00e4ubungsmittel gelten (L. 412 von 1974, Art. 1, Absatz 1, Buchstabe B; Einheits\u00fcbereinkommen \u00fcber Bet\u00e4ubungsmittel von New York von 1961 und Tabelle II des Ministerialerlasses 27\/7\/1992). In Italien ist der Anbau von Hanf verboten (Artikel 28 und 73 des Pr\u00e4sidialdekrets 309\/90), es sei denn, es liegt eine Sondergenehmigung vor (Artikel 17 des Pr\u00e4sidialdekrets 309\/90). In Ermangelung einer solchen Genehmigung darf das Saatgut nur f\u00fcr andere Zwecke verwendet werden (zootechnische Zwecke, Sammeln usw.). Das Saatgut wird unter dem Vorbehalt verkauft, dass es nicht von Dritten im Widerspruch zu den gesetzlichen Bestimmungen verwendet wird.<\/em><\/span><\/div>\n","protected":false},"excerpt":{"rendered":"<p>\ud83c\udf3f LEMONPAYA von FASTBUDS SEEDS \u00b7 \ud83e\uddec Indica \/ Sativa \u00b7 \ud83d\udd25 THC sehr hoch (Sehr hoch (20\u202f%+)) \u00b7 \ud83d\udce6 Ertrag XL.<\/p>\n","protected":false},"featured_media":187204,"comment_status":"open","ping_status":"closed","template":"","meta":[],"product_brand":[],"product_cat":[1175],"product_tag":[9194,9271,9931,10124,10126,10128,10150,10171,8510,8511],"class_list":{"0":"post-212086","1":"product","2":"type-product","3":"status-publish","4":"has-post-thumbnail","6":"product_cat-seedshop","7":"product_tag-fastbuds-seeds","8":"product_tag-lemonpaya","9":"product_tag-hybrid","10":"product_tag-thc-sehr-hoch","11":"product_tag-cannabis-samen","12":"product_tag-feminisierte-samen","13":"product_tag-zitrusartig","14":"product_tag-suess-fruchtig","15":"product_tag-indica","16":"product_tag-sativa","18":"first","19":"instock","20":"taxable","21":"shipping-taxable","22":"purchasable","23":"product-type-variable"},"aioseo_notices":[],"_links":{"self":[{"href":"https:\/\/www.budream.com\/de\/wp-json\/wp\/v2\/product\/212086","targetHints":{"allow":["GET"]}}],"collection":[{"href":"https:\/\/www.budream.com\/de\/wp-json\/wp\/v2\/product"}],"about":[{"href":"https:\/\/www.budream.com\/de\/wp-json\/wp\/v2\/types\/product"}],"replies":[{"embeddable":true,"href":"https:\/\/www.budream.com\/de\/wp-json\/wp\/v2\/comments?post=212086"}],"version-history":[{"count":2,"href":"https:\/\/www.budream.com\/de\/wp-json\/wp\/v2\/product\/212086\/revisions"}],"predecessor-version":[{"id":264279,"href":"https:\/\/www.budream.com\/de\/wp-json\/wp\/v2\/product\/212086\/revisions\/264279"}],"wp:featuredmedia":[{"embeddable":true,"href":"https:\/\/www.budream.com\/de\/wp-json\/wp\/v2\/media\/187204"}],"wp:attachment":[{"href":"https:\/\/www.budream.com\/de\/wp-json\/wp\/v2\/media?parent=212086"}],"wp:term":[{"taxonomy":"product_brand","embeddable":true,"href":"https:\/\/www.budream.com\/de\/wp-json\/wp\/v2\/product_brand?post=212086"},{"taxonomy":"product_cat","embeddable":true,"href":"https:\/\/www.budream.com\/de\/wp-json\/wp\/v2\/product_cat?post=212086"},{"taxonomy":"product_tag","embeddable":true,"href":"https:\/\/www.budream.com\/de\/wp-json\/wp\/v2\/product_tag?post=212086"}],"curies":[{"name":"wp","href":"https:\/\/api.w.org\/{rel}","templated":true}]}}