{"id":212131,"date":"2025-10-10T17:47:14","date_gmt":"2025-10-10T15:47:14","guid":{"rendered":"https:\/\/www.budream.com\/shop\/schnelle-knospen-papaya-sorbet-fem\/"},"modified":"2026-04-30T09:26:23","modified_gmt":"2026-04-30T07:26:23","slug":"schnelle-knospen-papaya-sorbet-fem","status":"publish","type":"product","link":"https:\/\/www.budream.com\/de\/shop\/schnelle-knospen-papaya-sorbet-fem\/","title":{"rendered":"SCHNELLE KNOSPEN &#8211; PAPAYA-SORBET FEM"},"content":{"rendered":"<div style=\"text-align: justify\">Wir haben unsere Papaya Sherbet durch die Kombination der beeindruckenden Statur der Papaya (Oni Auswahl) mit der St\u00e4rke und Widerstandsf\u00e4higkeit eines unserer besten Stecklinge (Sunset Sherbet) erhalten.<\/div>\n<p><\/p>\n<h2><strong>Eigenschaften Papaya Sherbet Fem Fast Buds:<\/strong><\/h2>\n<ul style=\"list-style-type: disc\">\n<li><strong>Gattung:<\/strong> Hybrid Fem<\/li>\n<li><strong>Genetik<\/strong>: Papaya (Oni Selection) x Sunset Sherbet<\/li>\n<li><strong>Zusammensetzung:<\/strong> Indica \/ Sativa<\/li>\n<li><strong>Tage:<\/strong> 63-70 Tage<\/li>\n<\/ul>\n<p><\/p>\n<div style=\"text-align: justify\"><span style=\"font-size: 11pt\"><em><strong>WARNUNG:<\/strong> Hanfsamen sind vom gesetzlichen Begriff Cannabis ausgenommen, was bedeutet, dass sie nicht als Bet\u00e4ubungsmittel gelten (L. 412 von 1974, Art. 1, Absatz 1, Buchstabe B; Einheits\u00fcbereinkommen \u00fcber Bet\u00e4ubungsmittel von New York von 1961 und Tabelle II des Ministerialerlasses 27\/7\/1992). In Italien ist der Anbau von Hanf verboten (Artikel 28 und 73 des Pr\u00e4sidialdekrets 309\/90), es sei denn, es liegt eine Sondergenehmigung vor (Artikel 17 des Pr\u00e4sidialdekrets 309\/90). In Ermangelung einer solchen Genehmigung darf das Saatgut nur f\u00fcr andere Zwecke verwendet werden (zootechnische Zwecke, Sammeln usw.). Das Saatgut wird unter dem Vorbehalt verkauft, dass es nicht von Dritten im Widerspruch zu den gesetzlichen Bestimmungen verwendet wird.<\/em><\/span><\/div>\n","protected":false},"excerpt":{"rendered":"<p>\ud83c\udf3f PAPAYA-SORBET von FASTBUDS SEEDS \u00b7 \ud83e\uddec Indica \/ Sativa \u00b7 \ud83d\udd25 THC sehr hoch (Sehr hoch (20\u202f%+)) \u00b7 \ud83d\udce6 Ertrag XL.<\/p>\n","protected":false},"featured_media":187254,"comment_status":"open","ping_status":"closed","template":"","meta":[],"product_brand":[],"product_cat":[7952],"product_tag":[10474,8510,8511,9194,9931,10124,10126,10128,10171],"class_list":{"0":"post-212131","1":"product","2":"type-product","3":"status-publish","4":"has-post-thumbnail","6":"product_cat-seedshop-de","7":"product_tag-papaya-sorbet","8":"product_tag-indica","9":"product_tag-sativa","10":"product_tag-fastbuds-seeds","11":"product_tag-hybrid","12":"product_tag-thc-sehr-hoch","13":"product_tag-cannabis-samen","14":"product_tag-feminisierte-samen","15":"product_tag-suess-fruchtig","17":"first","18":"instock","19":"taxable","20":"shipping-taxable","21":"purchasable","22":"product-type-variable"},"_links":{"self":[{"href":"https:\/\/www.budream.com\/de\/wp-json\/wp\/v2\/product\/212131","targetHints":{"allow":["GET"]}}],"collection":[{"href":"https:\/\/www.budream.com\/de\/wp-json\/wp\/v2\/product"}],"about":[{"href":"https:\/\/www.budream.com\/de\/wp-json\/wp\/v2\/types\/product"}],"replies":[{"embeddable":true,"href":"https:\/\/www.budream.com\/de\/wp-json\/wp\/v2\/comments?post=212131"}],"version-history":[{"count":2,"href":"https:\/\/www.budream.com\/de\/wp-json\/wp\/v2\/product\/212131\/revisions"}],"predecessor-version":[{"id":260188,"href":"https:\/\/www.budream.com\/de\/wp-json\/wp\/v2\/product\/212131\/revisions\/260188"}],"wp:featuredmedia":[{"embeddable":true,"href":"https:\/\/www.budream.com\/de\/wp-json\/wp\/v2\/media\/187254"}],"wp:attachment":[{"href":"https:\/\/www.budream.com\/de\/wp-json\/wp\/v2\/media?parent=212131"}],"wp:term":[{"taxonomy":"product_brand","embeddable":true,"href":"https:\/\/www.budream.com\/de\/wp-json\/wp\/v2\/product_brand?post=212131"},{"taxonomy":"product_cat","embeddable":true,"href":"https:\/\/www.budream.com\/de\/wp-json\/wp\/v2\/product_cat?post=212131"},{"taxonomy":"product_tag","embeddable":true,"href":"https:\/\/www.budream.com\/de\/wp-json\/wp\/v2\/product_tag?post=212131"}],"curies":[{"name":"wp","href":"https:\/\/api.w.org\/{rel}","templated":true}]}}