{"id":212176,"date":"2025-10-10T17:49:51","date_gmt":"2025-10-10T15:49:51","guid":{"rendered":"https:\/\/www.budream.com\/shop\/schnelle-knospen-regenbogen-melone-fem\/"},"modified":"2026-04-03T13:08:54","modified_gmt":"2026-04-03T11:08:54","slug":"schnelle-knospen-regenbogen-melone-fem","status":"publish","type":"product","link":"https:\/\/www.budream.com\/de\/shop\/schnelle-knospen-regenbogen-melone-fem\/","title":{"rendered":"SCHNELLE KNOSPEN &#8211; REGENBOGEN MELONE FEM"},"content":{"rendered":"<div style=\"text-align: justify\">Rainbow Melon ist eine Kreuzung zwischen der Sorte Melon aus unserer Stecklingssammlung und Rainbow Chip (Auswahl von Exotic Genetix).<\/div>\n<p><\/p>\n<h2><strong>Eigenschaften Rainbow Melon Fem Fast Buds:<\/strong><\/h2>\n<ul style=\"list-style-type: disc\">\n<li><strong>Gattung:<\/strong> Hybrid Feminisiert<\/li>\n<li><strong>Genetik:<\/strong> Melon (Unser Z\u00fcchter) x Rainbow Chip (Exotic Genetix)<\/li>\n<li><strong>Zusammensetzung:<\/strong> Indica \/ Sativa<\/li>\n<li><strong>Tage:<\/strong> 56-63 Tage<\/li>\n<\/ul>\n<p><\/p>\n<div style=\"text-align: justify\"><span style=\"font-size: 11pt\"><em><strong>WARNUNG:<\/strong> Hanfsamen sind vom gesetzlichen Begriff Cannabis ausgenommen, was bedeutet, dass sie nicht als Bet\u00e4ubungsmittel gelten (L. 412 von 1974, Art. 1, Absatz 1, Buchstabe B; Einheits\u00fcbereinkommen \u00fcber Bet\u00e4ubungsmittel von New York von 1961 und Tabelle II des Ministerialerlasses 27\/7\/1992). In Italien ist der Anbau von Hanf verboten (Artikel 28 und 73 des Pr\u00e4sidialdekrets 309\/90), es sei denn, es liegt eine Sondergenehmigung vor (Artikel 17 des Pr\u00e4sidialdekrets 309\/90). In Ermangelung einer solchen Genehmigung darf das Saatgut nur f\u00fcr andere Zwecke verwendet werden (zootechnische Zwecke, Sammeln usw.). Das Saatgut wird unter dem Vorbehalt verkauft, dass es nicht von Dritten im Widerspruch zu den gesetzlichen Bestimmungen verwendet wird.<\/em><\/span><\/div>\n","protected":false},"excerpt":{"rendered":"<p>\ud83c\udf3f REGENBOGEN MELONE von FASTBUDS SEEDS \u00b7 \ud83e\uddec Indica \/ Sativa \u00b7 \ud83d\udd25 THC sehr hoch (Sehr hoch (20\u202f%+)) \u00b7 \ud83d\udce6 Ertrag XL.<\/p>\n","protected":false},"featured_media":187304,"comment_status":"open","ping_status":"closed","template":"","meta":[],"product_brand":[],"product_cat":[7952],"product_tag":[10126,9194,10128,9931,8510,10475,8511,10171,10124],"class_list":{"0":"post-212176","1":"product","2":"type-product","3":"status-publish","4":"has-post-thumbnail","6":"product_cat-seedshop-de","7":"product_tag-cannabis-samen","8":"product_tag-fastbuds-seeds","9":"product_tag-feminisierte-samen","10":"product_tag-hybrid","11":"product_tag-indica","12":"product_tag-regenbogen-melone","13":"product_tag-sativa","14":"product_tag-suess-fruchtig","15":"product_tag-thc-sehr-hoch","17":"first","18":"instock","19":"taxable","20":"shipping-taxable","21":"purchasable","22":"product-type-variable"},"aioseo_notices":[],"_links":{"self":[{"href":"https:\/\/www.budream.com\/de\/wp-json\/wp\/v2\/product\/212176","targetHints":{"allow":["GET"]}}],"collection":[{"href":"https:\/\/www.budream.com\/de\/wp-json\/wp\/v2\/product"}],"about":[{"href":"https:\/\/www.budream.com\/de\/wp-json\/wp\/v2\/types\/product"}],"replies":[{"embeddable":true,"href":"https:\/\/www.budream.com\/de\/wp-json\/wp\/v2\/comments?post=212176"}],"version-history":[{"count":2,"href":"https:\/\/www.budream.com\/de\/wp-json\/wp\/v2\/product\/212176\/revisions"}],"predecessor-version":[{"id":262165,"href":"https:\/\/www.budream.com\/de\/wp-json\/wp\/v2\/product\/212176\/revisions\/262165"}],"wp:featuredmedia":[{"embeddable":true,"href":"https:\/\/www.budream.com\/de\/wp-json\/wp\/v2\/media\/187304"}],"wp:attachment":[{"href":"https:\/\/www.budream.com\/de\/wp-json\/wp\/v2\/media?parent=212176"}],"wp:term":[{"taxonomy":"product_brand","embeddable":true,"href":"https:\/\/www.budream.com\/de\/wp-json\/wp\/v2\/product_brand?post=212176"},{"taxonomy":"product_cat","embeddable":true,"href":"https:\/\/www.budream.com\/de\/wp-json\/wp\/v2\/product_cat?post=212176"},{"taxonomy":"product_tag","embeddable":true,"href":"https:\/\/www.budream.com\/de\/wp-json\/wp\/v2\/product_tag?post=212176"}],"curies":[{"name":"wp","href":"https:\/\/api.w.org\/{rel}","templated":true}]}}