{"id":212226,"date":"2025-10-10T17:54:06","date_gmt":"2025-10-10T15:54:06","guid":{"rendered":"https:\/\/www.budream.com\/shop\/schnelle-knospen-original-kritische-auto\/"},"modified":"2026-04-09T14:10:28","modified_gmt":"2026-04-09T12:10:28","slug":"schnelle-knospen-original-kritische-auto","status":"publish","type":"product","link":"https:\/\/www.budream.com\/de\/shop\/schnelle-knospen-original-kritische-auto\/","title":{"rendered":"FAST BUDS &#8211; ORIGINAL CRITICAL AUTO | Verf\u00fcgbar solange der Vorrat reicht"},"content":{"rendered":"<div style=\"text-align: justify\">Fast Buds war in der Lage, alle beliebten Eigenschaften, die Critical so beliebt machen, zu verbessern und eine mittelhohe Pflanze zu produzieren, die unglaublich gut bei hei\u00dfem Wetter funktioniert.<\/div>\n<p><\/p>\n<h2><strong>Eigenschaften Original Critical Auto Fast Buds Seeds:<\/strong><\/h2>\n<ul style=\"list-style-type: disc\">\n<li><strong>Gattung:<\/strong> Feminisierte Autoflowering<\/li>\n<li><strong>Genotyp:<\/strong> Hybrid 40% Sativa 60% Indica<\/li>\n<li><strong>Genetik:<\/strong> Critical Autoflowering<\/li>\n<li><strong>Tage:<\/strong> 56-64 Tage<\/li>\n<\/ul>\n<p><\/p>\n<div style=\"text-align: justify\"><strong>WARNUNG:<\/strong> Hanfsamen sind vom gesetzlichen Begriff Cannabis ausgenommen, was bedeutet, dass sie nicht als Bet\u00e4ubungsmittel gelten (L. 412 von 1974, Art. 1, Komma 1, Buchstabe B; Einheitsabkommen \u00fcber Bet\u00e4ubungsmittel von New York von 1961 und Tabelle II des Ministerialerlasses vom 27.7.1992). In Italien ist der Anbau von Hanf verboten (Artikel 28 und 73 des Pr\u00e4sidialdekrets 309\/90), es sei denn, es liegt eine Sondergenehmigung vor (Artikel 17 des Pr\u00e4sidialdekrets 309\/90). In Ermangelung einer solchen Genehmigung darf das Saatgut nur f\u00fcr andere Zwecke verwendet werden (zootechnische Zwecke, Sammeln usw.). Das Saatgut wird unter dem Vorbehalt verkauft, dass es nicht von Dritten im Widerspruch zu den gesetzlichen Bestimmungen verwendet wird.<\/div>\n","protected":false},"excerpt":{"rendered":"<p>\ud83c\udf3f ORIGINAL CRITICAL AUTO | von FASTBUDS SEEDS \u00b7 \ud83e\uddec Indica Dominant (60%+) \u00b7 \ud83d\udcaa THC hoch (Hoch (15\u201319\u202f%)).<\/p>\n","protected":false},"featured_media":187414,"comment_status":"open","ping_status":"closed","template":"","meta":[],"product_brand":[],"product_cat":[7952],"product_tag":[10126,9194,10128,8510,10476,10140,10150],"class_list":{"0":"post-212226","1":"product","2":"type-product","3":"status-publish","4":"has-post-thumbnail","6":"product_cat-seedshop-de","7":"product_tag-cannabis-samen","8":"product_tag-fastbuds-seeds","9":"product_tag-feminisierte-samen","10":"product_tag-indica","11":"product_tag-original-critical-auto-verfuegbar-solange-der-vorrat-reicht","12":"product_tag-thc-hoch","13":"product_tag-zitrusartig","15":"first","16":"instock","17":"taxable","18":"shipping-taxable","19":"purchasable","20":"product-type-variable"},"aioseo_notices":[],"_links":{"self":[{"href":"https:\/\/www.budream.com\/de\/wp-json\/wp\/v2\/product\/212226","targetHints":{"allow":["GET"]}}],"collection":[{"href":"https:\/\/www.budream.com\/de\/wp-json\/wp\/v2\/product"}],"about":[{"href":"https:\/\/www.budream.com\/de\/wp-json\/wp\/v2\/types\/product"}],"replies":[{"embeddable":true,"href":"https:\/\/www.budream.com\/de\/wp-json\/wp\/v2\/comments?post=212226"}],"version-history":[{"count":2,"href":"https:\/\/www.budream.com\/de\/wp-json\/wp\/v2\/product\/212226\/revisions"}],"predecessor-version":[{"id":262383,"href":"https:\/\/www.budream.com\/de\/wp-json\/wp\/v2\/product\/212226\/revisions\/262383"}],"wp:featuredmedia":[{"embeddable":true,"href":"https:\/\/www.budream.com\/de\/wp-json\/wp\/v2\/media\/187414"}],"wp:attachment":[{"href":"https:\/\/www.budream.com\/de\/wp-json\/wp\/v2\/media?parent=212226"}],"wp:term":[{"taxonomy":"product_brand","embeddable":true,"href":"https:\/\/www.budream.com\/de\/wp-json\/wp\/v2\/product_brand?post=212226"},{"taxonomy":"product_cat","embeddable":true,"href":"https:\/\/www.budream.com\/de\/wp-json\/wp\/v2\/product_cat?post=212226"},{"taxonomy":"product_tag","embeddable":true,"href":"https:\/\/www.budream.com\/de\/wp-json\/wp\/v2\/product_tag?post=212226"}],"curies":[{"name":"wp","href":"https:\/\/api.w.org\/{rel}","templated":true}]}}