{"id":212936,"date":"2025-10-10T20:15:52","date_gmt":"2025-10-10T18:15:52","guid":{"rendered":"https:\/\/www.budream.com\/shop\/white-label-super-skunk-automatic\/"},"modified":"2026-03-22T09:12:37","modified_gmt":"2026-03-22T07:12:37","slug":"white-label-super-skunk-automatic","status":"publish","type":"product","link":"https:\/\/www.budream.com\/de\/shop\/white-label-super-skunk-automatic\/","title":{"rendered":"WHITE LABEL &#8211; SUPER SKUNK AUTOMATIC"},"content":{"rendered":"<p><strong>SUPER SKUNK AUTOMATIC<\/strong> ist ein Indica-dominanter Hybrid, der k\u00f6rperliche Entspannung mit reichlich Ertr\u00e4gen verbindet von WHITE LABEL SEED COMPANY. Verf\u00fcgbar in Packungen mit 10 Samen feminisiert. Im Anbau, hat einen mittleren Bl\u00fctezyklus von 10-12 Wochen und garantiert reichlich Ertr\u00e4ge.<\/p>\n","protected":false},"excerpt":{"rendered":"<p>\ud83c\udf3f SUPER SKUNK AUTOMATIC von WHITE LABEL SEED COMPANY \u00b7 \ud83e\uddec Indica Dominant (60%+) \u00b7 \ud83d\udce6 Ertrag XL.<\/p>\n","protected":false},"featured_media":212925,"comment_status":"open","ping_status":"closed","template":"","meta":[],"product_brand":[],"product_cat":[7952],"product_tag":[10126,10128,8510,9284,9181],"class_list":{"0":"post-212936","1":"product","2":"type-product","3":"status-publish","4":"has-post-thumbnail","6":"product_cat-seedshop-de","7":"product_tag-cannabis-samen","8":"product_tag-feminisierte-samen","9":"product_tag-indica","10":"product_tag-super-skunk-automatic","11":"product_tag-white-label-seed-company","13":"first","14":"instock","15":"taxable","16":"shipping-taxable","17":"purchasable","18":"product-type-variable"},"aioseo_notices":[],"_links":{"self":[{"href":"https:\/\/www.budream.com\/de\/wp-json\/wp\/v2\/product\/212936","targetHints":{"allow":["GET"]}}],"collection":[{"href":"https:\/\/www.budream.com\/de\/wp-json\/wp\/v2\/product"}],"about":[{"href":"https:\/\/www.budream.com\/de\/wp-json\/wp\/v2\/types\/product"}],"replies":[{"embeddable":true,"href":"https:\/\/www.budream.com\/de\/wp-json\/wp\/v2\/comments?post=212936"}],"version-history":[{"count":1,"href":"https:\/\/www.budream.com\/de\/wp-json\/wp\/v2\/product\/212936\/revisions"}],"predecessor-version":[{"id":259476,"href":"https:\/\/www.budream.com\/de\/wp-json\/wp\/v2\/product\/212936\/revisions\/259476"}],"wp:featuredmedia":[{"embeddable":true,"href":"https:\/\/www.budream.com\/de\/wp-json\/wp\/v2\/media\/212925"}],"wp:attachment":[{"href":"https:\/\/www.budream.com\/de\/wp-json\/wp\/v2\/media?parent=212936"}],"wp:term":[{"taxonomy":"product_brand","embeddable":true,"href":"https:\/\/www.budream.com\/de\/wp-json\/wp\/v2\/product_brand?post=212936"},{"taxonomy":"product_cat","embeddable":true,"href":"https:\/\/www.budream.com\/de\/wp-json\/wp\/v2\/product_cat?post=212936"},{"taxonomy":"product_tag","embeddable":true,"href":"https:\/\/www.budream.com\/de\/wp-json\/wp\/v2\/product_tag?post=212936"}],"curies":[{"name":"wp","href":"https:\/\/api.w.org\/{rel}","templated":true}]}}