{"id":213310,"date":"2025-10-13T11:49:18","date_gmt":"2025-10-13T09:49:18","guid":{"rendered":"https:\/\/www.budream.com\/shop\/fast-buds-banana-purple-punch-auto-rf3-fem\/"},"modified":"2026-04-03T13:05:48","modified_gmt":"2026-04-03T11:05:48","slug":"fast-buds-banana-purple-punch-auto-rf3-fem","status":"publish","type":"product","link":"https:\/\/www.budream.com\/de\/shop\/fast-buds-banana-purple-punch-auto-rf3-fem\/","title":{"rendered":"FAST BUDS &#8211; BANANA PURPLE PUNCH AUTO RF3 FEM"},"content":{"rendered":"<div style=\"text-align: justify\">RF3&#8243; in Banana Purple Punch Auto RF3 steht f\u00fcr &#8222;Reversed F3&#8220;, die dritte Tochtergeneration von Banana Purple Punch Auto F5, die durch wiederholtes Einkreuzen eines invertierten (feminisierten) Elternteils in die Linie entstanden ist, um die gew\u00fcnschten Eigenschaften zu fixieren. Bei Banana Purple Punch Auto RF3 hat uns dieser Prozess eine viel stabilere feminisierte Autoflowering mit einem konsistenten Purple-Ausdruck beschert.<\/div>\n<p><\/p>\n<h2><strong>Eigenschaften Banana Purple Punch Auto RF3 Fem Fast Buds Seeds:<\/strong><\/h2>\n<ul style=\"list-style-type: disc\">\n<li><strong>Gattung:<\/strong> Autoflowering Feminisierter Hybrid<\/li>\n<li><strong>Genotyp:<\/strong> Hybrid 25% Sativa 75% Indica<\/li>\n<li><strong>Genetik:<\/strong> ((BPP Auto F5 x BPP Auto F5)) x ((BPP Auto F5 x BPP Auto F5)) x ((BPP Auto F5 x BPP Auto F5))<\/li>\n<li><strong>Tage:<\/strong> 56-63<\/li>\n<\/ul>\n<p><\/p>\n<div style=\"text-align: justify\"><em><strong>ACHTUNG:<\/strong> Hanfsamen sind vom rechtlichen Begriff Cannabis ausgenommen, was bedeutet, dass sie nicht als Bet\u00e4ubungsmittel gelten (Gesetz 412 von 1974, Art. 1, Absatz 1, Buchstabe B; Einheits\u00fcbereinkommen \u00fcber Suchtstoffe von New York von 1961 und Tabelle II des Ministerialerlasses 27\/7\/1992). In Italien ist der Anbau von Hanf verboten (Artikel 28 und 73 des Pr\u00e4sidialdekrets 309\/90), es sei denn, es liegt eine Sondergenehmigung vor (Artikel 17 des Pr\u00e4sidialdekrets 309\/90). In Ermangelung einer solchen Genehmigung darf das Saatgut nur f\u00fcr andere Zwecke verwendet werden (zootechnische Zwecke, Sammeln usw.). Das Saatgut wird unter dem Vorbehalt verkauft, dass es nicht von Dritten im Widerspruch zu den gesetzlichen Bestimmungen verwendet wird.<\/em><\/div>\n","protected":false},"excerpt":{"rendered":"<p>\ud83c\udf3f BANANA PURPLE PUNCH AUTO RF3 von FASTBUDS SEEDS \u00b7 \ud83e\uddec Indica Dominant (60%+) \u00b7 \ud83d\udd25 THC sehr hoch (Sehr hoch (20\u202f%+)) \u00b7 \ud83c\udfc6 Ertrag XXL.<\/p>\n","protected":false},"featured_media":213200,"comment_status":"open","ping_status":"closed","template":"","meta":[],"product_brand":[],"product_cat":[7952],"product_tag":[9288,10126,10125,9194,10128,8510,10171,10124],"class_list":{"0":"post-213310","1":"product","2":"type-product","3":"status-publish","4":"has-post-thumbnail","6":"product_cat-seedshop-de","7":"product_tag-banana-purple-punch-auto-rf3","8":"product_tag-cannabis-samen","9":"product_tag-ertrag-xxl","10":"product_tag-fastbuds-seeds","11":"product_tag-feminisierte-samen","12":"product_tag-indica","13":"product_tag-suess-fruchtig","14":"product_tag-thc-sehr-hoch","16":"first","17":"instock","18":"taxable","19":"shipping-taxable","20":"purchasable","21":"product-type-variable"},"aioseo_notices":[],"_links":{"self":[{"href":"https:\/\/www.budream.com\/de\/wp-json\/wp\/v2\/product\/213310","targetHints":{"allow":["GET"]}}],"collection":[{"href":"https:\/\/www.budream.com\/de\/wp-json\/wp\/v2\/product"}],"about":[{"href":"https:\/\/www.budream.com\/de\/wp-json\/wp\/v2\/types\/product"}],"replies":[{"embeddable":true,"href":"https:\/\/www.budream.com\/de\/wp-json\/wp\/v2\/comments?post=213310"}],"version-history":[{"count":2,"href":"https:\/\/www.budream.com\/de\/wp-json\/wp\/v2\/product\/213310\/revisions"}],"predecessor-version":[{"id":260668,"href":"https:\/\/www.budream.com\/de\/wp-json\/wp\/v2\/product\/213310\/revisions\/260668"}],"wp:featuredmedia":[{"embeddable":true,"href":"https:\/\/www.budream.com\/de\/wp-json\/wp\/v2\/media\/213200"}],"wp:attachment":[{"href":"https:\/\/www.budream.com\/de\/wp-json\/wp\/v2\/media?parent=213310"}],"wp:term":[{"taxonomy":"product_brand","embeddable":true,"href":"https:\/\/www.budream.com\/de\/wp-json\/wp\/v2\/product_brand?post=213310"},{"taxonomy":"product_cat","embeddable":true,"href":"https:\/\/www.budream.com\/de\/wp-json\/wp\/v2\/product_cat?post=213310"},{"taxonomy":"product_tag","embeddable":true,"href":"https:\/\/www.budream.com\/de\/wp-json\/wp\/v2\/product_tag?post=213310"}],"curies":[{"name":"wp","href":"https:\/\/api.w.org\/{rel}","templated":true}]}}