{"id":213535,"date":"2025-10-13T15:08:17","date_gmt":"2025-10-13T13:08:17","guid":{"rendered":"https:\/\/www.budream.com\/shop\/white-label-white-gorilla-haze-fem\/"},"modified":"2026-03-22T09:14:35","modified_gmt":"2026-03-22T07:14:35","slug":"white-label-white-gorilla-haze-fem","status":"publish","type":"product","link":"https:\/\/www.budream.com\/de\/shop\/white-label-white-gorilla-haze-fem\/","title":{"rendered":"WHITE LABEL &#8211; WHITE GORILLA HAZE FEM"},"content":{"rendered":"<p><strong>WHITE GORILLA HAZE<\/strong> ist ein Sativa-dominanter Hybrid, ideal f\u00fcr diejenigen, die Klarheit und Kreativit\u00e4t suchen von WHITE LABEL SEED COMPANY. Verf\u00fcgbar in Packungen mit 3 Samen feminisiert. Im Anbau, hat einen mittleren Bl\u00fctezyklus von 10-12 Wochen und bietet au\u00dfergew\u00f6hnlich reichlich Ertr\u00e4ge.<\/p>\n","protected":false},"excerpt":{"rendered":"<p>\ud83c\udf3f WHITE GORILLA HAZE von WHITE LABEL SEED COMPANY \u00b7 \ud83e\uddec Sativa Dominant (60%+) \u00b7 \ud83c\udfc6 Ertrag XXL.<\/p>\n","protected":false},"featured_media":213524,"comment_status":"open","ping_status":"closed","template":"","meta":[],"product_brand":[],"product_cat":[7952],"product_tag":[10126,10125,10128,8511,9290,9181],"class_list":{"0":"post-213535","1":"product","2":"type-product","3":"status-publish","4":"has-post-thumbnail","6":"product_cat-seedshop-de","7":"product_tag-cannabis-samen","8":"product_tag-ertrag-xxl","9":"product_tag-feminisierte-samen","10":"product_tag-sativa","11":"product_tag-white-gorilla-haze","12":"product_tag-white-label-seed-company","14":"first","15":"instock","16":"taxable","17":"shipping-taxable","18":"purchasable","19":"product-type-variable"},"aioseo_notices":[],"_links":{"self":[{"href":"https:\/\/www.budream.com\/de\/wp-json\/wp\/v2\/product\/213535","targetHints":{"allow":["GET"]}}],"collection":[{"href":"https:\/\/www.budream.com\/de\/wp-json\/wp\/v2\/product"}],"about":[{"href":"https:\/\/www.budream.com\/de\/wp-json\/wp\/v2\/types\/product"}],"replies":[{"embeddable":true,"href":"https:\/\/www.budream.com\/de\/wp-json\/wp\/v2\/comments?post=213535"}],"version-history":[{"count":1,"href":"https:\/\/www.budream.com\/de\/wp-json\/wp\/v2\/product\/213535\/revisions"}],"predecessor-version":[{"id":259482,"href":"https:\/\/www.budream.com\/de\/wp-json\/wp\/v2\/product\/213535\/revisions\/259482"}],"wp:featuredmedia":[{"embeddable":true,"href":"https:\/\/www.budream.com\/de\/wp-json\/wp\/v2\/media\/213524"}],"wp:attachment":[{"href":"https:\/\/www.budream.com\/de\/wp-json\/wp\/v2\/media?parent=213535"}],"wp:term":[{"taxonomy":"product_brand","embeddable":true,"href":"https:\/\/www.budream.com\/de\/wp-json\/wp\/v2\/product_brand?post=213535"},{"taxonomy":"product_cat","embeddable":true,"href":"https:\/\/www.budream.com\/de\/wp-json\/wp\/v2\/product_cat?post=213535"},{"taxonomy":"product_tag","embeddable":true,"href":"https:\/\/www.budream.com\/de\/wp-json\/wp\/v2\/product_tag?post=213535"}],"curies":[{"name":"wp","href":"https:\/\/api.w.org\/{rel}","templated":true}]}}