{"id":214630,"date":"2025-10-17T13:06:13","date_gmt":"2025-10-17T11:06:13","guid":{"rendered":"https:\/\/www.budream.com\/shop\/biobizz-startpaket-5\/"},"modified":"2026-02-26T16:13:47","modified_gmt":"2026-02-26T14:13:47","slug":"biobizz-startpaket-5","status":"publish","type":"product","link":"https:\/\/www.budream.com\/de\/shop\/biobizz-startpaket-5\/","title":{"rendered":"BIOBIZZ &#8211; ALL PACK OUTDOOR | 6X250ml"},"content":{"rendered":"<p>Das <strong>BIOBIZZ All Pack Outdoor 6X250 ml<\/strong><\/p>\n<p><b>Alles, was Sie f\u00fcr den biologischen Anbau im Freien brauchen<\/p>\n<p><\/b>Die Entscheidung, Pflanzen im Haus anzubauen, ist der Beginn einer aufregenden Reise. Und nat\u00fcrlich wollen wir alle unseren Pflanzen vom ersten Tag an das Beste geben.<br \/>Deshalb haben wir das <b>All-Pack Outdoor 250 ml<\/b> entwickelt: Es enth\u00e4lt alles, was Ihre Pflanzen brauchen, um stark und gesund zu wachsen, von der Keimung bis zur Ernte.<u><\/u><u><\/u><\/p>\n<p>Entdecken Sie die Welt von Biobizz mit diesem handlichen Kit: sechs essentielle organische N\u00e4hr- und Stimulanzien, die Ihre Pflanzen in jeder Phase des Wachstums begleiten.<u><\/u><u><\/u><\/p>\n<p><b>Biologische Leistung, vereinfacht<br \/><\/b>Dieses Paket macht den biologischen Anbau einfach und produktiv. Von starken Wurzeln und gesunden Bl\u00e4ttern bis hin zu \u00fcppigen Bl\u00fcten und intensiven Aromen: Das All-Pack Indoor 250 ml hilft Ihren Pflanzen, ihr nat\u00fcrliches Gleichgewicht zu erreichen.<u><\/u><u><\/u><\/p>\n<p><b>Kombinieren. Kultivieren. Genie\u00dfen Sie das Ergebnis.<br \/><\/b>Ideal f\u00fcr bis zu vier Zimmerpflanzen. F\u00fcr beste Ergebnisse mit <b>All-Mix<\/b> oder <b>Light-Mix<\/b> verwenden.<br \/>Jedes Produkt ist zu 100 % biologisch zertifiziert und wirkt synergetisch, um einen lebendigen Boden zu schaffen und den Geschmack der Pflanzen zu verbessern.<u><\/u><u><\/u><\/p>\n<p><b>Die Packung enth\u00e4lt:<br \/><\/b>&#8211; 250 ml <b>Fish-Mix<\/b> &#8211; Fl\u00fcssigd\u00fcnger f\u00fcr kr\u00e4ftiges vegetatives Wachstum<br \/>&#8211; 250 ml <b>Bio-Bloom<\/b> &#8211; organischer N\u00e4hrstoff f\u00fcr eine \u00fcppige Bl\u00fcte<br \/>&#8211; 250 ml <b>Top-Max<\/b> &#8211; nat\u00fcrlicher Bl\u00fchstimulator f\u00fcr s\u00fc\u00dfere, vollere Ernten<br \/>&#8211; 250 ml <b>Alg-A-Mic<\/b> &#8211; Anti-Stress-Tonikum f\u00fcr fr\u00f6hlichere, gr\u00fcnere Pflanzen<br \/>&#8211; 250 ml <b>Bio-Heaven &#8211; <\/b>Stoffwechselverst\u00e4rker f\u00fcr st\u00e4rkere und widerstandsf\u00e4higere Pflanzen<br \/>&#8211; 250 ml <b>Root-Juice<\/b> &#8211; Wurzelstimulans f\u00fcr starke Wurzeln und fr\u00fche Vitalit\u00e4t<\/p>\n<h3><span style=\"font-size: 10pt\"><strong>All Pack OUTDOOR 6X250ml ist auch im 500 ml Format erh\u00e4ltlich.<\/strong><\/span><\/h3>\n<div id=\"isChromeWebToolbarDiv\"><\/div>\n","protected":false},"excerpt":{"rendered":"<p>Das BIOBIZZ All Pack Outdoor 6X250 ml Alles, was Sie f\u00fcr den biologischen Anbau im Freien brauchen Die Entscheidung, Pflanzen<\/p>\n","protected":false},"featured_media":214609,"comment_status":"open","ping_status":"closed","template":"","meta":[],"product_brand":[],"product_cat":[7934],"product_tag":[],"class_list":{"0":"post-214630","1":"product","2":"type-product","3":"status-publish","4":"has-post-thumbnail","6":"product_cat-duenger","8":"first","9":"instock","10":"taxable","11":"shipping-taxable","12":"purchasable","13":"product-type-simple"},"aioseo_notices":[],"_links":{"self":[{"href":"https:\/\/www.budream.com\/de\/wp-json\/wp\/v2\/product\/214630","targetHints":{"allow":["GET"]}}],"collection":[{"href":"https:\/\/www.budream.com\/de\/wp-json\/wp\/v2\/product"}],"about":[{"href":"https:\/\/www.budream.com\/de\/wp-json\/wp\/v2\/types\/product"}],"replies":[{"embeddable":true,"href":"https:\/\/www.budream.com\/de\/wp-json\/wp\/v2\/comments?post=214630"}],"version-history":[{"count":0,"href":"https:\/\/www.budream.com\/de\/wp-json\/wp\/v2\/product\/214630\/revisions"}],"wp:featuredmedia":[{"embeddable":true,"href":"https:\/\/www.budream.com\/de\/wp-json\/wp\/v2\/media\/214609"}],"wp:attachment":[{"href":"https:\/\/www.budream.com\/de\/wp-json\/wp\/v2\/media?parent=214630"}],"wp:term":[{"taxonomy":"product_brand","embeddable":true,"href":"https:\/\/www.budream.com\/de\/wp-json\/wp\/v2\/product_brand?post=214630"},{"taxonomy":"product_cat","embeddable":true,"href":"https:\/\/www.budream.com\/de\/wp-json\/wp\/v2\/product_cat?post=214630"},{"taxonomy":"product_tag","embeddable":true,"href":"https:\/\/www.budream.com\/de\/wp-json\/wp\/v2\/product_tag?post=214630"}],"curies":[{"name":"wp","href":"https:\/\/api.w.org\/{rel}","templated":true}]}}