{"id":214696,"date":"2025-10-20T12:24:07","date_gmt":"2025-10-20T10:24:07","guid":{"rendered":"https:\/\/www.budream.com\/?post_type=product&#038;p=214696"},"modified":"2026-02-18T17:15:04","modified_gmt":"2026-02-18T15:15:04","slug":"ona-spray-smoke-odor-eliminator-geruchsfrei-300ml","status":"publish","type":"product","link":"https:\/\/www.budream.com\/de\/shop\/ona-spray-smoke-odor-eliminator-geruchsfrei-300ml\/","title":{"rendered":"ONA SPRAY SMOKE ODOR ELIMINATOR &#8211; GERUCHSFREI | 300ml"},"content":{"rendered":"<h1 class=\"text-2xl font-bold mt-1 text-text-100\"><\/h1>\n<p class=\"whitespace-normal break-words\"><strong>ONA Smoke Odour Eliminator<\/strong> bek\u00e4mpft die hartn\u00e4ckigsten Rauchger\u00fcche, indem es auf molekularer Ebene wirkt, bis sie vollst\u00e4ndig beseitigt sind.<\/p>\n<p class=\"whitespace-normal break-words\"><strong>Ein v\u00f6llig parf\u00fcmfreies Erlebnis:<\/strong> ideal f\u00fcr alle, die eine L\u00f6sung ohne zus\u00e4tzliche Duftstoffe suchen. Als Fl\u00fcssigkeit hat diese Formel einen milden Geruch, der nach dem Zerst\u00e4uben schnell verschwindet. Sie hinterl\u00e4sst keinen wahrnehmbaren Duft &#8211; nur frische Luft!<\/p>\n<h3 class=\"text-lg font-bold text-text-100 mt-1 -mb-1.5\">Sichere und nat\u00fcrliche Formulierung<\/h3>\n<ul style=\"list-style-type: disc\">\n<li>Alkoholfrei<\/li>\n<li>Allergenfrei<\/li>\n<li>Frei von Duftstoffen<\/li>\n<li>Frei von Konservierungsstoffen<\/li>\n<li>Ohne sch\u00e4dliche Chemikalien<\/li>\n<li>Wirkstoff auf Mineralienbasis<\/li>\n<\/ul>\n<p><\/p>\n<p class=\"whitespace-normal break-words\"><strong>Produktspezifikationen<br \/>Format:<\/strong> 300 ml (10 fl oz)<\/p>\n<p><strong><br \/>Gebrauchsanweisung:<\/strong> Vor Gebrauch sch\u00fctteln und auf Oberfl\u00e4chen oder die Umgebung spr\u00fchen.<\/p>\n","protected":false},"excerpt":{"rendered":"<p>ONA Smoke Odour Eliminator bek\u00e4mpft die hartn\u00e4ckigsten Rauchger\u00fcche, indem es auf molekularer Ebene wirkt, bis sie vollst\u00e4ndig beseitigt sind. Ein<\/p>\n","protected":false},"featured_media":227537,"comment_status":"open","ping_status":"closed","template":"","meta":[],"product_brand":[],"product_cat":[7934],"product_tag":[],"class_list":{"0":"post-214696","1":"product","2":"type-product","3":"status-publish","4":"has-post-thumbnail","6":"product_cat-duenger","8":"first","9":"instock","10":"taxable","11":"shipping-taxable","12":"purchasable","13":"product-type-simple"},"aioseo_notices":[],"_links":{"self":[{"href":"https:\/\/www.budream.com\/de\/wp-json\/wp\/v2\/product\/214696","targetHints":{"allow":["GET"]}}],"collection":[{"href":"https:\/\/www.budream.com\/de\/wp-json\/wp\/v2\/product"}],"about":[{"href":"https:\/\/www.budream.com\/de\/wp-json\/wp\/v2\/types\/product"}],"replies":[{"embeddable":true,"href":"https:\/\/www.budream.com\/de\/wp-json\/wp\/v2\/comments?post=214696"}],"version-history":[{"count":0,"href":"https:\/\/www.budream.com\/de\/wp-json\/wp\/v2\/product\/214696\/revisions"}],"wp:featuredmedia":[{"embeddable":true,"href":"https:\/\/www.budream.com\/de\/wp-json\/wp\/v2\/media\/227537"}],"wp:attachment":[{"href":"https:\/\/www.budream.com\/de\/wp-json\/wp\/v2\/media?parent=214696"}],"wp:term":[{"taxonomy":"product_brand","embeddable":true,"href":"https:\/\/www.budream.com\/de\/wp-json\/wp\/v2\/product_brand?post=214696"},{"taxonomy":"product_cat","embeddable":true,"href":"https:\/\/www.budream.com\/de\/wp-json\/wp\/v2\/product_cat?post=214696"},{"taxonomy":"product_tag","embeddable":true,"href":"https:\/\/www.budream.com\/de\/wp-json\/wp\/v2\/product_tag?post=214696"}],"curies":[{"name":"wp","href":"https:\/\/api.w.org\/{rel}","templated":true}]}}