{"id":215102,"date":"2025-10-21T16:31:35","date_gmt":"2025-10-21T14:31:35","guid":{"rendered":"https:\/\/www.budream.com\/?post_type=product&#038;p=215102"},"modified":"2025-12-16T17:23:09","modified_gmt":"2025-12-16T15:23:09","slug":"stapelbares-trockennetz-100x100cm","status":"publish","type":"product","link":"https:\/\/www.budream.com\/de\/shop\/stapelbares-trockennetz-100x100cm\/","title":{"rendered":"Stapelbares Trockennetz | 100x100cm"},"content":{"rendered":"<p>Ein <strong>Trockner<\/strong>, bestehend aus einer Struktur, die das Netz zieht, \u00fcber dem die Knospen bequem getrocknet werden k\u00f6nnen, wobei <strong>ihr nat\u00fcrlicher Trocknungsprozess respektiert wird und das Auftreten von Pilzen verhindert wird<\/strong>.<\/p>\n<p>Seine stapelbare Struktur macht die maximale Nutzung des Raumes besetzt, Abstand zwischen den Regalen 10 cm.<\/p>\n<p>Erh\u00e4ltlich in zwei Gr\u00f6\u00dfen.<\/p>\n<div id=\"isChromeWebToolbarDiv\"><\/div>\n","protected":false},"excerpt":{"rendered":"<p>Ein Trockner, bestehend aus einer Struktur, die das Netz zieht, \u00fcber dem die Knospen bequem getrocknet werden k\u00f6nnen, wobei ihr<\/p>\n","protected":false},"featured_media":215091,"comment_status":"open","ping_status":"closed","template":"","meta":[],"product_brand":[],"product_cat":[7925],"product_tag":[],"class_list":{"0":"post-215102","1":"product","2":"type-product","3":"status-publish","4":"has-post-thumbnail","6":"product_cat-growshop-de","8":"first","9":"outofstock","10":"taxable","11":"shipping-taxable","12":"purchasable","13":"product-type-simple"},"aioseo_notices":[],"_links":{"self":[{"href":"https:\/\/www.budream.com\/de\/wp-json\/wp\/v2\/product\/215102","targetHints":{"allow":["GET"]}}],"collection":[{"href":"https:\/\/www.budream.com\/de\/wp-json\/wp\/v2\/product"}],"about":[{"href":"https:\/\/www.budream.com\/de\/wp-json\/wp\/v2\/types\/product"}],"replies":[{"embeddable":true,"href":"https:\/\/www.budream.com\/de\/wp-json\/wp\/v2\/comments?post=215102"}],"version-history":[{"count":0,"href":"https:\/\/www.budream.com\/de\/wp-json\/wp\/v2\/product\/215102\/revisions"}],"wp:featuredmedia":[{"embeddable":true,"href":"https:\/\/www.budream.com\/de\/wp-json\/wp\/v2\/media\/215091"}],"wp:attachment":[{"href":"https:\/\/www.budream.com\/de\/wp-json\/wp\/v2\/media?parent=215102"}],"wp:term":[{"taxonomy":"product_brand","embeddable":true,"href":"https:\/\/www.budream.com\/de\/wp-json\/wp\/v2\/product_brand?post=215102"},{"taxonomy":"product_cat","embeddable":true,"href":"https:\/\/www.budream.com\/de\/wp-json\/wp\/v2\/product_cat?post=215102"},{"taxonomy":"product_tag","embeddable":true,"href":"https:\/\/www.budream.com\/de\/wp-json\/wp\/v2\/product_tag?post=215102"}],"curies":[{"name":"wp","href":"https:\/\/api.w.org\/{rel}","templated":true}]}}