{"id":227205,"date":"2025-10-31T16:28:18","date_gmt":"2025-10-31T14:28:18","guid":{"rendered":"https:\/\/www.budream.com\/?post_type=product&#038;p=227205"},"modified":"2026-02-13T16:09:13","modified_gmt":"2026-02-13T14:09:13","slug":"terra-aquatica-tripak-starter-kit-dualpart-coco-0-5l-3","status":"publish","type":"product","link":"https:\/\/www.budream.com\/de\/shop\/terra-aquatica-tripak-starter-kit-dualpart-coco-0-5l-3\/","title":{"rendered":"TERRA AQUATICA &#8211; TRIPAK STARTER KIT DUALPART COCO | 0.5L"},"content":{"rendered":"<p>Das TRIPACK <strong>TRIPART SERIES HARD WATER von Terra Aquatica<\/strong> ist ein Werbepaket, das Folgendes enth\u00e4lt: die 0,5 l DualPart Coco-Serie (Grow, Bloom), das FinalPart sowie ein pH-Testkit und einen Beutel pH-Pulver.<\/p>\n<p>Das Tripack ist eines der beliebtesten Produkte bei den Indoor-Growern. Es handelt sich um ein vom Spezialisten Terra Aquatica hergestelltes Starterkit, das eine &#8218;Mini&#8216;-Version eines D\u00fcngemittelsets enth\u00e4lt.<\/p>\n<p><strong>Im Einzelnen enth\u00e4lt das Paket:<\/strong><\/p>\n<ul style=\"list-style-type: disc\">\n<li><span style=\"text-decoration: underline\"><strong><a rel=\"nofollow\" href=\"https:\/\/www.indoorline.com\/terra-aquatica-by-ghe-dualpart-coco-grow-ex-floracoco-bloom-0-5l.html\">DualPart Coco Grow 0.5L<\/a><\/strong><\/span><\/li>\n<li><span style=\"text-decoration: underline\"><strong><a rel=\"nofollow\" href=\"https:\/\/www.indoorline.com\/terra-aquatica-by-ghe-dualpart-coco-bloom-ex-floracoco-bloom-0-5l.html\">DualPart Coco Bloom 0.5L<\/a><\/strong><\/span><\/li>\n<li><span style=\"text-decoration: underline\"><strong><a rel=\"nofollow\" href=\"https:\/\/www.indoorline.com\/terra-aquatica-by-ghe-finalpart-ex-ripen-0-5l.html\">FinalPart 0,5L<\/a><\/strong><\/span><\/li>\n<li><\/li>\n<li>1 Beutel pH-Pulver.<\/li>\n<\/ul>\n<p><strong>Dieser N\u00e4hrstoff wurde f\u00fcr die Verwendung mit einem Kokosfasersubstrat entwickelt, kann aber auch in B\u00f6den, insbesondere in sauren B\u00f6den, verwendet werden.<\/strong> Er ist besonders reich an Kalzium und Magnesium und zeichnet sich dadurch aus, dass er der einzige Kokosnussd\u00fcnger auf dem Markt ist, der ohne weitere Zus\u00e4tze auskommt.<\/p>\n<p>Es besteht keine Notwendigkeit f\u00fcr Kalzium- oder Phosphorerg\u00e4nzungen, wie es bei den meisten herk\u00f6mmlichen Kokosprodukten der Fall ist.<\/p>\n<h2 class=\"sousTitre\"><strong>Hochkonzentriert, ein echter 2-Komponenten-Kokosd\u00fcnger.<br \/><em>Sie k\u00f6nnen sich f\u00fcr immer vom Kalzium-Magnesium-Zusatz verabschieden!<\/em><\/strong><\/h2>\n<p>Einzigartig unter den gro\u00dfen Marken, <strong>ben\u00f6tigt T.A. DualPart Coco keine Zus\u00e4tze<\/strong>, um unglaubliche Ergebnisse von der Aussaat bis zur Bl\u00fcte zu erzielen: andere 2-teilige Kokosd\u00fcnger erfordern die Zugabe von Cal\/Mag und PK-Boostern, also 2 Produkte f\u00fcr die Vegetation und 2 f\u00fcr die Bl\u00fcte. Nicht so mit DualCoco: zwei Produkte sind alles, was Sie brauchen!<\/p>\n<p>DualPartCoco ist besonders reich an Kalzium und Magnesium, enth\u00e4lt aber auch alle anderen Elemente, die die Pflanze f\u00fcr ein gesundes, kr\u00e4ftiges Wachstum und eine \u00fcppige Bl\u00fcte und Fruchtbildung ben\u00f6tigt. Dazu geh\u00f6ren auch Spurenelemente, die Ihrem Endprodukt das Aroma und den Geschmack verleihen, den Ihre Pflanzen entwickeln k\u00f6nnen.<\/p>\n<p>Wie bei den meisten Terra Aquatica D\u00fcngemitteln k\u00f6nnen Sie <strong>DualPart Coco Grow and Bloom w\u00e4hrend des gesamten Lebenszyklus Ihrer Pflanzen verwenden<\/strong>. \u00c4ndern Sie einfach das Verh\u00e4ltnis zwischen den beiden Produkten, wenn Ihre Pflanze w\u00e4chst: Sie m\u00fcssen kein zweites Produkt kaufen, wenn Sie von der Wachstumsphase auf die Bl\u00fctephase umschalten.<\/p>\n<h3><strong>WIE MAN ES VERWENDET:<br \/><\/strong> <\/h3>\n<ul style=\"list-style-type: disc\">\n<li><strong>Vor jedem Gebrauch gut<\/strong> mischen, jedes Produkt separat ins Wasser geben, gut mischen und die Messger\u00e4te zwischen den Anwendungen und nach dem Gebrauch gut aussp\u00fclen.<\/li>\n<li><strong>T.A. DualPart Coco ist sehr konzentriert:<\/strong> Es werden maximal 4,5 ml\/L ben\u00f6tigt.<\/li>\n<li>F\u00fcr beste Ergebnisse verwenden Sie DualPArt Coco mit reinem <strong>CocoTek<\/strong> oder <strong>CocoTekPX<\/strong><\/li>\n<\/ul>\n<h3><strong>VERWENDUNG MIT:<\/p>\n<p><\/strong><\/h3>\n<ul style=\"list-style-type: disc\">\n<li>Funktioniert mit allen Pflanzen, optimiert f\u00fcr Kokossubstrate.<\/li>\n<li>Nach den N\u00e4hrstoffen ist der gr\u00f6\u00dfte Vorteil, den Sie jeder Kultur geben k\u00f6nnen, eine hochwertige Fulvos\u00e4ure zu verwenden: <span style=\"text-decoration: underline\"><strong><a href=\"https:\/\/www.indoorline.com\/prodotti.php?ricerca=fulvic\">T.A. Fulvic<\/a><\/strong><\/span> ist die beste.<\/li>\n<li><span style=\"text-decoration: underline\"><strong><a href=\"https:\/\/www.indoorline.com\/prodotti.php?ricerca=flashclean\">FlashClean<\/a><\/strong><\/span>: Nicht nur bei Absorptions- und Ernteproblemen: FlashClean regeneriert ersch\u00f6pfte Substrate, die schwer zu handhaben sind, wenn Obstpflanzen nicht umgetopft werden k\u00f6nnen, und kann Mutterpflanzen neuen Schwung verleihen.<\/li>\n<li>Terra Aquatica Bio-Zusatzstoffe: Das Terra Aquatica-Sortiment umfasst hochwertige Zusatzstoffe zur Verfeinerung und Verbesserung Ihrer Kultivierung, darunter <strong><a rel=\"nofollow\" href=\"https:\/\/www.indoorline.com\/terra-aquatica-by-ghe-seaweed-ex-go-bioweed-seaweed-0-5l.html\">Seaweed<\/a><\/strong>, ein starker Aktivator vor der Bl\u00fcte.<\/li>\n<li>Verwenden Sie in den letzten Tagen nur <span style=\"text-decoration: underline\"><strong><a href=\"https:\/\/www.indoorline.com\/prodotti.php?ricerca=finalpart\">FinalPart<\/a> <\/strong><\/span>, um die Bl\u00fctenproduktion anzukurbeln.<\/li>\n<li><span style=\"text-decoration: underline\"><strong><a rel=\"nofollow\" href=\"https:\/\/www.indoorline.com\/terra-aquatica-by-ghe-trikologic-ex-bm-bioponic-50gr.html\">Trikologic<\/a><\/strong><\/span> bringt n\u00fctzliches mikrobielles Leben in Ihre Wurzeln, <span style=\"text-decoration: underline\"><strong><a rel=\"nofollow\" href=\"https:\/\/www.indoorline.com\/prodotti.php?ricerca=trikologic+s\">Trikologic S<\/a><\/strong><\/span> sorgt f\u00fcr hohen Schutz und Leistung, insbesondere bei hohen Temperaturen.<\/li>\n<\/ul>\n","protected":false},"excerpt":{"rendered":"<p>Das TRIPACK TRIPART SERIES HARD WATER von Terra Aquatica ist ein Werbepaket, das Folgendes enth\u00e4lt: die 0,5 l DualPart Coco-Serie<\/p>\n","protected":false},"featured_media":227199,"comment_status":"open","ping_status":"closed","template":"","meta":[],"product_brand":[],"product_cat":[7925],"product_tag":[],"class_list":{"0":"post-227205","1":"product","2":"type-product","3":"status-publish","4":"has-post-thumbnail","6":"product_cat-growshop-de","8":"first","9":"instock","10":"taxable","11":"shipping-taxable","12":"purchasable","13":"product-type-simple"},"_links":{"self":[{"href":"https:\/\/www.budream.com\/de\/wp-json\/wp\/v2\/product\/227205","targetHints":{"allow":["GET"]}}],"collection":[{"href":"https:\/\/www.budream.com\/de\/wp-json\/wp\/v2\/product"}],"about":[{"href":"https:\/\/www.budream.com\/de\/wp-json\/wp\/v2\/types\/product"}],"replies":[{"embeddable":true,"href":"https:\/\/www.budream.com\/de\/wp-json\/wp\/v2\/comments?post=227205"}],"version-history":[{"count":0,"href":"https:\/\/www.budream.com\/de\/wp-json\/wp\/v2\/product\/227205\/revisions"}],"wp:featuredmedia":[{"embeddable":true,"href":"https:\/\/www.budream.com\/de\/wp-json\/wp\/v2\/media\/227199"}],"wp:attachment":[{"href":"https:\/\/www.budream.com\/de\/wp-json\/wp\/v2\/media?parent=227205"}],"wp:term":[{"taxonomy":"product_brand","embeddable":true,"href":"https:\/\/www.budream.com\/de\/wp-json\/wp\/v2\/product_brand?post=227205"},{"taxonomy":"product_cat","embeddable":true,"href":"https:\/\/www.budream.com\/de\/wp-json\/wp\/v2\/product_cat?post=227205"},{"taxonomy":"product_tag","embeddable":true,"href":"https:\/\/www.budream.com\/de\/wp-json\/wp\/v2\/product_tag?post=227205"}],"curies":[{"name":"wp","href":"https:\/\/api.w.org\/{rel}","templated":true}]}}