{"id":227428,"date":"2025-11-04T15:25:17","date_gmt":"2025-11-04T13:25:17","guid":{"rendered":"https:\/\/www.budream.com\/?post_type=product&#038;p=227428"},"modified":"2026-01-19T11:39:52","modified_gmt":"2026-01-19T09:39:52","slug":"arizer-14mm-adapter-fuer-solo-und-luft-2","status":"publish","type":"product","link":"https:\/\/www.budream.com\/de\/shop\/arizer-14mm-adapter-fuer-solo-und-luft-2\/","title":{"rendered":"ARIZER &#8211; 10MM AUF 14MM GLASADAPTER F\u00dcR BONGS UND VAPORIZER"},"content":{"rendered":"<p>Glasadapter\/Reduzierer f\u00fcr Bongs und Vaporisatoren.<\/p>\n<h2><span style=\"text-decoration: underline;font-size: 14pt\">REDUZIERST\u00dcCK VON 10MM AUF 14MM GLAS F\u00dcR BONGS UND VERDAMPFER:<\/span><\/h2>\n<p><\/p>\n<ul style=\"list-style-type: disc\">\n<li>ABMESSUNGEN: 14mm weiblich \/ 10mm m\u00e4nnlich. <\/li>\n<li>100% Glas<\/li>\n<li>Ideal f\u00fcr Wasserpfeifen- und Bong-Adapter von ARIZER, AURA, XVAPE VITAL, MIGHTY+, CRAFTY+, FOG PRO und viele mehr!<\/li>\n<\/ul>\n","protected":false},"excerpt":{"rendered":"<p>Glasadapter\/Reduzierer f\u00fcr Bongs und Vaporisatoren. REDUZIERST\u00dcCK VON 10MM AUF 14MM GLAS F\u00dcR BONGS UND VERDAMPFER: ABMESSUNGEN: 14mm weiblich \/ 10mm<\/p>\n","protected":false},"featured_media":227432,"comment_status":"open","ping_status":"closed","template":"","meta":[],"product_brand":[],"product_cat":[7907],"product_tag":[],"class_list":{"0":"post-227428","1":"product","2":"type-product","3":"status-publish","4":"has-post-thumbnail","6":"product_cat-verdampfer","8":"first","9":"instock","10":"sale","11":"taxable","12":"shipping-taxable","13":"purchasable","14":"product-type-simple"},"_links":{"self":[{"href":"https:\/\/www.budream.com\/de\/wp-json\/wp\/v2\/product\/227428","targetHints":{"allow":["GET"]}}],"collection":[{"href":"https:\/\/www.budream.com\/de\/wp-json\/wp\/v2\/product"}],"about":[{"href":"https:\/\/www.budream.com\/de\/wp-json\/wp\/v2\/types\/product"}],"replies":[{"embeddable":true,"href":"https:\/\/www.budream.com\/de\/wp-json\/wp\/v2\/comments?post=227428"}],"version-history":[{"count":0,"href":"https:\/\/www.budream.com\/de\/wp-json\/wp\/v2\/product\/227428\/revisions"}],"wp:featuredmedia":[{"embeddable":true,"href":"https:\/\/www.budream.com\/de\/wp-json\/wp\/v2\/media\/227432"}],"wp:attachment":[{"href":"https:\/\/www.budream.com\/de\/wp-json\/wp\/v2\/media?parent=227428"}],"wp:term":[{"taxonomy":"product_brand","embeddable":true,"href":"https:\/\/www.budream.com\/de\/wp-json\/wp\/v2\/product_brand?post=227428"},{"taxonomy":"product_cat","embeddable":true,"href":"https:\/\/www.budream.com\/de\/wp-json\/wp\/v2\/product_cat?post=227428"},{"taxonomy":"product_tag","embeddable":true,"href":"https:\/\/www.budream.com\/de\/wp-json\/wp\/v2\/product_tag?post=227428"}],"curies":[{"name":"wp","href":"https:\/\/api.w.org\/{rel}","templated":true}]}}