{"id":227474,"date":"2025-11-04T15:55:18","date_gmt":"2025-11-04T13:55:18","guid":{"rendered":"https:\/\/www.budream.com\/?post_type=product&#038;p=227474"},"modified":"2025-12-23T15:05:49","modified_gmt":"2025-12-23T13:05:49","slug":"storzbickel-kuehlgeraet-veazy-schwarz-2","status":"publish","type":"product","link":"https:\/\/www.budream.com\/de\/shop\/storzbickel-kuehlgeraet-veazy-schwarz-2\/","title":{"rendered":"STORZ&amp;BICKEL &#8211; K\u00dcHLGER\u00c4T | VEAZY ORANGE"},"content":{"rendered":"<p>K\u00fchlung K\u00fchleinheit f\u00fcr Ihre Veazy Orange !<\/p>\n","protected":false},"excerpt":{"rendered":"<p>K\u00fchlung K\u00fchleinheit f\u00fcr Ihre Veazy Orange !<\/p>\n","protected":false},"featured_media":227478,"comment_status":"open","ping_status":"closed","template":"","meta":[],"product_brand":[],"product_cat":[7907],"product_tag":[],"class_list":{"0":"post-227474","1":"product","2":"type-product","3":"status-publish","4":"has-post-thumbnail","6":"product_cat-verdampfer","8":"first","9":"instock","10":"sale","11":"taxable","12":"shipping-taxable","13":"purchasable","14":"product-type-simple"},"_links":{"self":[{"href":"https:\/\/www.budream.com\/de\/wp-json\/wp\/v2\/product\/227474","targetHints":{"allow":["GET"]}}],"collection":[{"href":"https:\/\/www.budream.com\/de\/wp-json\/wp\/v2\/product"}],"about":[{"href":"https:\/\/www.budream.com\/de\/wp-json\/wp\/v2\/types\/product"}],"replies":[{"embeddable":true,"href":"https:\/\/www.budream.com\/de\/wp-json\/wp\/v2\/comments?post=227474"}],"version-history":[{"count":0,"href":"https:\/\/www.budream.com\/de\/wp-json\/wp\/v2\/product\/227474\/revisions"}],"wp:featuredmedia":[{"embeddable":true,"href":"https:\/\/www.budream.com\/de\/wp-json\/wp\/v2\/media\/227478"}],"wp:attachment":[{"href":"https:\/\/www.budream.com\/de\/wp-json\/wp\/v2\/media?parent=227474"}],"wp:term":[{"taxonomy":"product_brand","embeddable":true,"href":"https:\/\/www.budream.com\/de\/wp-json\/wp\/v2\/product_brand?post=227474"},{"taxonomy":"product_cat","embeddable":true,"href":"https:\/\/www.budream.com\/de\/wp-json\/wp\/v2\/product_cat?post=227474"},{"taxonomy":"product_tag","embeddable":true,"href":"https:\/\/www.budream.com\/de\/wp-json\/wp\/v2\/product_tag?post=227474"}],"curies":[{"name":"wp","href":"https:\/\/api.w.org\/{rel}","templated":true}]}}