{"id":227522,"date":"2025-11-04T16:07:49","date_gmt":"2025-11-04T14:07:49","guid":{"rendered":"https:\/\/www.budream.com\/?post_type=product&#038;p=227522"},"modified":"2026-04-21T19:38:20","modified_gmt":"2026-04-21T17:38:20","slug":"arizer-26650-batterie-fuer-arizer-air-max-mit-schutzhuelle","status":"publish","type":"product","link":"https:\/\/www.budream.com\/de\/shop\/arizer-26650-batterie-fuer-arizer-air-max-mit-schutzhuelle\/","title":{"rendered":"ARIZER &#8211; 26650 BATTERIE F\u00dcR ARIZER AIR MAX MIT SCHUTZH\u00dcLLE"},"content":{"rendered":"<p>Ersatz-Akku (Lithium-Ionen-Zelle 26650) f\u00fcr Arizer Air Max Vaporizer mit Akku-Tester. &#8211; Hohe Leistung, hohe Qualit\u00e4t und lange Lebensdauer.<br \/>Der Akku wird in einem Schutzetui geliefert, das auch den Ladestand anzeigt.<\/p>\n<h2><span style=\"text-decoration: underline\">Arizer Akku kompatibel mit:<\/span><\/h2>\n<ul style=\"list-style-type: disc\">\n<li>Arizer Air Max<\/li>\n<\/ul>\n","protected":false},"excerpt":{"rendered":"<p>Ersatz-Akku (Lithium-Ionen-Zelle 26650) f\u00fcr Arizer Air Max Vaporizer mit Akku-Tester. &#8211; Hohe Leistung, hohe Qualit\u00e4t und lange Lebensdauer.Der Akku wird<\/p>\n","protected":false},"featured_media":227526,"comment_status":"open","ping_status":"closed","template":"","meta":[],"product_brand":[],"product_cat":[7907],"product_tag":[],"class_list":{"0":"post-227522","1":"product","2":"type-product","3":"status-publish","4":"has-post-thumbnail","6":"product_cat-verdampfer","8":"first","9":"instock","10":"sale","11":"taxable","12":"shipping-taxable","13":"purchasable","14":"product-type-simple"},"_links":{"self":[{"href":"https:\/\/www.budream.com\/de\/wp-json\/wp\/v2\/product\/227522","targetHints":{"allow":["GET"]}}],"collection":[{"href":"https:\/\/www.budream.com\/de\/wp-json\/wp\/v2\/product"}],"about":[{"href":"https:\/\/www.budream.com\/de\/wp-json\/wp\/v2\/types\/product"}],"replies":[{"embeddable":true,"href":"https:\/\/www.budream.com\/de\/wp-json\/wp\/v2\/comments?post=227522"}],"version-history":[{"count":0,"href":"https:\/\/www.budream.com\/de\/wp-json\/wp\/v2\/product\/227522\/revisions"}],"wp:featuredmedia":[{"embeddable":true,"href":"https:\/\/www.budream.com\/de\/wp-json\/wp\/v2\/media\/227526"}],"wp:attachment":[{"href":"https:\/\/www.budream.com\/de\/wp-json\/wp\/v2\/media?parent=227522"}],"wp:term":[{"taxonomy":"product_brand","embeddable":true,"href":"https:\/\/www.budream.com\/de\/wp-json\/wp\/v2\/product_brand?post=227522"},{"taxonomy":"product_cat","embeddable":true,"href":"https:\/\/www.budream.com\/de\/wp-json\/wp\/v2\/product_cat?post=227522"},{"taxonomy":"product_tag","embeddable":true,"href":"https:\/\/www.budream.com\/de\/wp-json\/wp\/v2\/product_tag?post=227522"}],"curies":[{"name":"wp","href":"https:\/\/api.w.org\/{rel}","templated":true}]}}