{"id":228185,"date":"2025-11-07T16:35:09","date_gmt":"2025-11-07T14:35:09","guid":{"rendered":"https:\/\/www.budream.com\/shop\/saboten-professionelle-trimmschere-magnetisch-mit-geraden-klingen\/"},"modified":"2026-03-18T10:43:22","modified_gmt":"2026-03-18T08:43:22","slug":"saboten-professionelle-trimmschere-magnetisch-mit-geraden-klingen","status":"publish","type":"product","link":"https:\/\/www.budream.com\/de\/shop\/saboten-professionelle-trimmschere-magnetisch-mit-geraden-klingen\/","title":{"rendered":"SABOTEN &#8211; PROFESSIONELLE TRIMMSCHERE | MAGNETISCH MIT GERADEN KLINGEN"},"content":{"rendered":"<p>Hochwertige, in Japan hergestellte SABOTEN Schere f\u00fcr professionelles Trimmen.<\/p>\n<p>Die Saboten Profi-Trimmschere Modell <strong>PT-15 STRAIGHT<\/strong> verf\u00fcgt \u00fcber eine d\u00fcnne und unglaublich leichte Klinge, die sauber und pr\u00e4zise schneidet. Der bequeme, ergonomische Griff im Bonsai-Stil mit rutschfestem Griff ist f\u00fcr langes, erm\u00fcdungsfreies Arbeiten ausgelegt. <b>Dieses Modell ist mit einer STRAIGHT-Klinge ausgestattet<\/b>.<\/p>\n<p>Die Klingen sind w\u00e4rmebehandelt und bestehen aus hochwertigem japanischem Edelstahl. Sie sind fluoridbeschichtet, um die Ansammlung von Harz, Saft und Ablagerungen zu verhindern. Die Klingen sind rasiermesserscharf und k\u00f6nnen nachgeschliffen werden.<\/p>\n<p>Die professionellen Baumscheren von SABOTEN sind mit Messindikatoren ausgestattet, um die Pr\u00e4zision beim Schneiden oder Stutzen zu erleichtern.<\/p>\n<p>Made in Japan, leicht zu reinigen, langlebig, scharf (!), superscharf, komfortabel&#8230; Die SABOTEN-Scheren sind eine willkommene Erg\u00e4nzung auf dem Markt<\/p>\n<p><\/p>\n<h2><span style=\"text-decoration: underline\"><strong>Spezifikationen Saboten Pt-15 Trimmschere:<\/strong><\/span><\/h2>\n<ul style=\"list-style-type: disc\">\n<li><strong>Klingenart: STRAIGHT<\/strong> mit scharfer Spitze<\/li>\n<li><strong>Magnetisches \u00d6ffnungssystem<\/strong>: Anstelle der klassischen Feder erm\u00f6glicht der Magnet ein sanfteres automatisches \u00d6ffnen<\/li>\n<li>Klingenmaterial: Japanischer rostfreier Stahl mit Fluor-Beschichtung<\/li>\n<li>Klingenl\u00e4nge: 35 mm (1,37 Zoll)<\/li>\n<li>Gesamtl\u00e4nge: 160 mm (6,29 Zoll)<\/li>\n<li>Leichte, starke und d\u00fcnne Klinge, rasiermesserscharf<\/li>\n<li>Kann gesch\u00e4rft werden!<\/li>\n<li>Ergonomischer, rutschfester Griff<\/li>\n<li>Fluorbeschichtete Klingen verhindern die Ansammlung von Harz, Saft und Ablagerungen<\/li>\n<li>Mit Messindikatoren versehen, um die Pr\u00e4zision beim Schneiden oder Beschneiden zu unterst\u00fctzen<\/li>\n<li>Hergestellt in Japan<\/li>\n<\/ul>\n<p><\/p>\n","protected":false},"excerpt":{"rendered":"<p>Hochwertige, in Japan hergestellte SABOTEN Schere f\u00fcr professionelles Trimmen. Die Saboten Profi-Trimmschere Modell PT-15 STRAIGHT verf\u00fcgt \u00fcber eine d\u00fcnne und<\/p>\n","protected":false},"featured_media":228179,"comment_status":"open","ping_status":"closed","template":"","meta":[],"product_brand":[],"product_cat":[7947],"product_tag":[],"class_list":{"0":"post-228185","1":"product","2":"type-product","3":"status-publish","4":"has-post-thumbnail","6":"product_cat-headshop-de","8":"first","9":"instock","10":"taxable","11":"shipping-taxable","12":"purchasable","13":"product-type-simple"},"aioseo_notices":[],"_links":{"self":[{"href":"https:\/\/www.budream.com\/de\/wp-json\/wp\/v2\/product\/228185","targetHints":{"allow":["GET"]}}],"collection":[{"href":"https:\/\/www.budream.com\/de\/wp-json\/wp\/v2\/product"}],"about":[{"href":"https:\/\/www.budream.com\/de\/wp-json\/wp\/v2\/types\/product"}],"replies":[{"embeddable":true,"href":"https:\/\/www.budream.com\/de\/wp-json\/wp\/v2\/comments?post=228185"}],"version-history":[{"count":0,"href":"https:\/\/www.budream.com\/de\/wp-json\/wp\/v2\/product\/228185\/revisions"}],"wp:featuredmedia":[{"embeddable":true,"href":"https:\/\/www.budream.com\/de\/wp-json\/wp\/v2\/media\/228179"}],"wp:attachment":[{"href":"https:\/\/www.budream.com\/de\/wp-json\/wp\/v2\/media?parent=228185"}],"wp:term":[{"taxonomy":"product_brand","embeddable":true,"href":"https:\/\/www.budream.com\/de\/wp-json\/wp\/v2\/product_brand?post=228185"},{"taxonomy":"product_cat","embeddable":true,"href":"https:\/\/www.budream.com\/de\/wp-json\/wp\/v2\/product_cat?post=228185"},{"taxonomy":"product_tag","embeddable":true,"href":"https:\/\/www.budream.com\/de\/wp-json\/wp\/v2\/product_tag?post=228185"}],"curies":[{"name":"wp","href":"https:\/\/api.w.org\/{rel}","templated":true}]}}