{"id":228516,"date":"2025-11-12T10:30:19","date_gmt":"2025-11-12T08:30:19","guid":{"rendered":"https:\/\/www.budream.com\/?post_type=product&#038;p=228516"},"modified":"2026-02-12T13:55:51","modified_gmt":"2026-02-12T11:55:51","slug":"airfan-schallabsorbierender-schaumstoff-vakuumsauger-750m3-durchmesser-200mm","status":"publish","type":"product","link":"https:\/\/www.budream.com\/de\/shop\/airfan-schallabsorbierender-schaumstoff-vakuumsauger-750m3-durchmesser-200mm\/","title":{"rendered":"AIRFAN &#8211; Schallabsorbierender Schaumstoff-Vakuumsauger | 750m3 DURCHMESSER 200MM"},"content":{"rendered":"<p>AIRFAN hat Staubsauger aus Schaumstoff in seinen Katalog aufgenommen.<\/p>\n<p>Die isolierenden Eigenschaften des Geh\u00e4uses aus Polypropylen (EPP) minimieren Vibrationen und Ger\u00e4usche f\u00fcr einen leiseren Betrieb.<\/p>\n<p>Die FOAM-Box-Ventilatoren sind mit Radialventilatoren ausgestattet und mit hochwertigem, haltbarem und schalld\u00e4mpfendem Schaumstoff isoliert. Sie sind f\u00fcr den Betrieb mit dem vorhandenen hohen Druck ausgelegt, haben einen sehr niedrigen Ger\u00e4uschpegel und sind f\u00fcr den Anschluss an runde Luftkan\u00e4le vorgesehen.<\/p>\n<p>Jede Schaumstoffl\u00fcftungsbox wird vor Verlassen des Werks einzeln getestet und gepr\u00fcft.<\/p>\n<h2><span style=\"text-decoration: underline\"><strong>Foam Airfan Kastenventilator Merkmale:<\/strong><\/span><\/h2>\n<ul style=\"list-style-type: disc\">\n<li>Leichtes Gewicht<\/li>\n<li>Sehr widerstandsf\u00e4hig<\/li>\n<li>Absorbiert St\u00f6\u00dfe<\/li>\n<li>Isolierend<\/li>\n<li>Memory-Effekt (kehrt in die urspr\u00fcngliche Form zur\u00fcck)<\/li>\n<li>Wiederverwertbar<\/li>\n<li>Wasserdicht<\/li>\n<li>Luftdicht<\/li>\n<li>Feuerfest<\/li>\n<li>Temperaturbest\u00e4ndig (-40 bis 100 C)<\/li>\n<li>Anti-Schimmel<\/li>\n<\/ul>\n<p><\/p>\n<h2><span style=\"text-decoration: underline\"><strong>Technische Daten Foam Airfan Kassettenstaubsauger:<br \/><\/strong><\/span><\/h2>\n<ul style=\"list-style-type: disc\">\n<li>Versorgungsspannung: einphasig 220\/240V &#8211; 50Hz<\/li>\n<li>Temperaturbereich: -40 bis 110 C<\/li>\n<li>Schutzart: IP44<\/li>\n<li>Dimensioni:320x320x380mm<\/li>\n<li>Ger\u00e4uschemission: 44 dB<\/li>\n<li>Gewicht: 8 Kg<\/li>\n<li>Ausgangsflansch: &Oslash; 200mm<\/li>\n<li>Einlassflansch: &Oslash; 200mm<\/li>\n<\/ul>\n<h2><\/h2>\n","protected":false},"excerpt":{"rendered":"<p>AIRFAN hat Staubsauger aus Schaumstoff in seinen Katalog aufgenommen. Die isolierenden Eigenschaften des Geh\u00e4uses aus Polypropylen (EPP) minimieren Vibrationen und<\/p>\n","protected":false},"featured_media":228346,"comment_status":"open","ping_status":"closed","template":"","meta":[],"product_brand":[],"product_cat":[7925],"product_tag":[],"class_list":{"0":"post-228516","1":"product","2":"type-product","3":"status-publish","4":"has-post-thumbnail","6":"product_cat-growshop-de","8":"first","9":"instock","10":"taxable","11":"shipping-taxable","12":"purchasable","13":"product-type-simple"},"aioseo_notices":[],"_links":{"self":[{"href":"https:\/\/www.budream.com\/de\/wp-json\/wp\/v2\/product\/228516","targetHints":{"allow":["GET"]}}],"collection":[{"href":"https:\/\/www.budream.com\/de\/wp-json\/wp\/v2\/product"}],"about":[{"href":"https:\/\/www.budream.com\/de\/wp-json\/wp\/v2\/types\/product"}],"replies":[{"embeddable":true,"href":"https:\/\/www.budream.com\/de\/wp-json\/wp\/v2\/comments?post=228516"}],"version-history":[{"count":0,"href":"https:\/\/www.budream.com\/de\/wp-json\/wp\/v2\/product\/228516\/revisions"}],"wp:featuredmedia":[{"embeddable":true,"href":"https:\/\/www.budream.com\/de\/wp-json\/wp\/v2\/media\/228346"}],"wp:attachment":[{"href":"https:\/\/www.budream.com\/de\/wp-json\/wp\/v2\/media?parent=228516"}],"wp:term":[{"taxonomy":"product_brand","embeddable":true,"href":"https:\/\/www.budream.com\/de\/wp-json\/wp\/v2\/product_brand?post=228516"},{"taxonomy":"product_cat","embeddable":true,"href":"https:\/\/www.budream.com\/de\/wp-json\/wp\/v2\/product_cat?post=228516"},{"taxonomy":"product_tag","embeddable":true,"href":"https:\/\/www.budream.com\/de\/wp-json\/wp\/v2\/product_tag?post=228516"}],"curies":[{"name":"wp","href":"https:\/\/api.w.org\/{rel}","templated":true}]}}