{"id":229405,"date":"2025-11-17T17:48:20","date_gmt":"2025-11-17T15:48:20","guid":{"rendered":"https:\/\/www.budream.com\/?post_type=product&#038;p=229405"},"modified":"2025-12-30T12:10:03","modified_gmt":"2025-12-30T10:10:03","slug":"trimbin-trimm-und-reinigungsschale-mit-filter-und-auffangbeutel","status":"publish","type":"product","link":"https:\/\/www.budream.com\/de\/shop\/trimbin-trimm-und-reinigungsschale-mit-filter-und-auffangbeutel\/","title":{"rendered":"TRIMBIN &#8211; TRIMM- UND REINIGUNGSSCHALE MIT FILTER UND AUFFANGBEUTEL"},"content":{"rendered":"<p>Der TrimBin-Filter erm\u00f6glicht die schnelle Trennung von unerw\u00fcnschten Pflanzenteilen im mitgelieferten Sammelbeutel. Der ergonomische und robuste TrimBin-Filter erm\u00f6glicht eine stressfreie Sortierung von Pflanzenteilen. Die Schale ist leicht zu reinigen und zu transportieren.<\/p>\n<p>Der TrimBin-Filter ist die neueste Innovation in der Welt des manuellen Trimmens.<\/p>\n<h2><span style=\"text-decoration: underline\">Merkmale TrimBin-Filterschale<\/span><\/h2>\n<ul style=\"list-style-type: disc\">\n<li>Der Auffangbeutel ist an dem Beh\u00e4lter unter der Schale befestigt.<\/li>\n<li>Verwenden Sie alle drei Schalen (Original TrimBin), um Ihre Arbeit zu sortieren und Pollen zu sammeln.<\/li>\n<li>Zu jedem TrimBin-Filter geh\u00f6rt ein 40 x 45 cm gro\u00dfer Auffangbeutel.<\/li>\n<li>Entwickelt und getestet f\u00fcr optimale Sortierung<\/li>\n<li>Ultraleichte Arbeitsstation<\/li>\n<li>Leicht zu reinigen. Leicht zu transportieren.<\/li>\n<li>Hergestellt in Kalifornien, USA<\/li>\n<li>TrimBin hilft Ihnen, Ihren Arbeitsplatz organisiert und effizient zu halten.<\/li>\n<\/ul>\n","protected":false},"excerpt":{"rendered":"<p>Der TrimBin-Filter erm\u00f6glicht die schnelle Trennung von unerw\u00fcnschten Pflanzenteilen im mitgelieferten Sammelbeutel. Der ergonomische und robuste TrimBin-Filter erm\u00f6glicht eine stressfreie<\/p>\n","protected":false},"featured_media":229409,"comment_status":"open","ping_status":"closed","template":"","meta":[],"product_brand":[],"product_cat":[7947],"product_tag":[],"class_list":{"0":"post-229405","1":"product","2":"type-product","3":"status-publish","4":"has-post-thumbnail","6":"product_cat-headshop-de","8":"first","9":"instock","10":"taxable","11":"shipping-taxable","12":"purchasable","13":"product-type-simple"},"aioseo_notices":[],"_links":{"self":[{"href":"https:\/\/www.budream.com\/de\/wp-json\/wp\/v2\/product\/229405","targetHints":{"allow":["GET"]}}],"collection":[{"href":"https:\/\/www.budream.com\/de\/wp-json\/wp\/v2\/product"}],"about":[{"href":"https:\/\/www.budream.com\/de\/wp-json\/wp\/v2\/types\/product"}],"replies":[{"embeddable":true,"href":"https:\/\/www.budream.com\/de\/wp-json\/wp\/v2\/comments?post=229405"}],"version-history":[{"count":0,"href":"https:\/\/www.budream.com\/de\/wp-json\/wp\/v2\/product\/229405\/revisions"}],"wp:featuredmedia":[{"embeddable":true,"href":"https:\/\/www.budream.com\/de\/wp-json\/wp\/v2\/media\/229409"}],"wp:attachment":[{"href":"https:\/\/www.budream.com\/de\/wp-json\/wp\/v2\/media?parent=229405"}],"wp:term":[{"taxonomy":"product_brand","embeddable":true,"href":"https:\/\/www.budream.com\/de\/wp-json\/wp\/v2\/product_brand?post=229405"},{"taxonomy":"product_cat","embeddable":true,"href":"https:\/\/www.budream.com\/de\/wp-json\/wp\/v2\/product_cat?post=229405"},{"taxonomy":"product_tag","embeddable":true,"href":"https:\/\/www.budream.com\/de\/wp-json\/wp\/v2\/product_tag?post=229405"}],"curies":[{"name":"wp","href":"https:\/\/api.w.org\/{rel}","templated":true}]}}