{"id":229470,"date":"2025-11-19T11:04:54","date_gmt":"2025-11-19T09:04:54","guid":{"rendered":"https:\/\/www.budream.com\/?post_type=product&#038;p=229470"},"modified":"2025-12-18T15:45:52","modified_gmt":"2025-12-18T13:45:52","slug":"trimbin-ergonomische-trimm-reinigungs-und-ernteschale-150-micron","status":"publish","type":"product","link":"https:\/\/www.budream.com\/de\/shop\/trimbin-ergonomische-trimm-reinigungs-und-ernteschale-150-micron\/","title":{"rendered":"MEHR ERNTEN &#8211; TRIMMSCHERE SCHRUBBER"},"content":{"rendered":"<p>Verabschieden Sie sich von gummiartigen Klingen, klebrigen Lappen und schwammigen Gl\u00e4sern: Der Scherenreiniger erledigt die Arbeit m\u00fchelos und ohne Schmutz!<br \/>Halten Sie beim Schneiden eine Ersatzschere bereit, die Sie dann gegen eine klebrige Schere austauschen k\u00f6nnen: Sie werden nie wieder von klebrigen Scheren aufgehalten, wenn Sie den Reiniger zur Hand haben.<\/p>\n<p>Das Harvest More Scherenreinigungssystem ist <strong>effizient und tragbar<\/strong>: \u00d6ffnen Sie einfach den Deckel und f\u00fcllen Sie das Reservoir mit Ihrer bevorzugten Reinigungsl\u00f6sung. Das war&#8217;s: Ihr Harvest More Scherenreiniger ist einsatzbereit. Entfernen und sammeln Sie Harz in <strong>Sekundenschnelle<\/strong>.<\/p>\n<p>Klebrige Scheren verschwenden <strong>Zeit<\/strong>! Mit dem Scherenreiniger erhalten Sie viel schneller einen sauberen Schnitt!<\/p>\n<h2><span style=\"text-decoration: underline\">Eigenschaften Scissor Scrubber Reiniger:<\/span><\/h2>\n<ul style=\"list-style-type: disc\">\n<li>Einfaches \u00d6ffnen und Schlie\u00dfen des Beh\u00e4lters<\/li>\n<li>Abnehmbare Borsten<\/li>\n<li>Verwenden Sie Ihre bevorzugte Reinigungsl\u00f6sung<\/li>\n<li>Gummilippen reinigen \u00fcbersch\u00fcssige L\u00f6sung<\/li>\n<li>Der beste Weg, um die Schere beim schnellen und einfachen Sammeln sauber zu halten<\/li>\n<\/ul>\n","protected":false},"excerpt":{"rendered":"<p>Verabschieden Sie sich von gummiartigen Klingen, klebrigen Lappen und schwammigen Gl\u00e4sern: Der Scherenreiniger erledigt die Arbeit m\u00fchelos und ohne Schmutz!Halten<\/p>\n","protected":false},"featured_media":229508,"comment_status":"open","ping_status":"closed","template":"","meta":[],"product_brand":[],"product_cat":[7947],"product_tag":[],"class_list":{"0":"post-229470","1":"product","2":"type-product","3":"status-publish","4":"has-post-thumbnail","6":"product_cat-headshop-de","8":"first","9":"instock","10":"taxable","11":"shipping-taxable","12":"purchasable","13":"product-type-simple"},"aioseo_notices":[],"_links":{"self":[{"href":"https:\/\/www.budream.com\/de\/wp-json\/wp\/v2\/product\/229470","targetHints":{"allow":["GET"]}}],"collection":[{"href":"https:\/\/www.budream.com\/de\/wp-json\/wp\/v2\/product"}],"about":[{"href":"https:\/\/www.budream.com\/de\/wp-json\/wp\/v2\/types\/product"}],"replies":[{"embeddable":true,"href":"https:\/\/www.budream.com\/de\/wp-json\/wp\/v2\/comments?post=229470"}],"version-history":[{"count":0,"href":"https:\/\/www.budream.com\/de\/wp-json\/wp\/v2\/product\/229470\/revisions"}],"wp:featuredmedia":[{"embeddable":true,"href":"https:\/\/www.budream.com\/de\/wp-json\/wp\/v2\/media\/229508"}],"wp:attachment":[{"href":"https:\/\/www.budream.com\/de\/wp-json\/wp\/v2\/media?parent=229470"}],"wp:term":[{"taxonomy":"product_brand","embeddable":true,"href":"https:\/\/www.budream.com\/de\/wp-json\/wp\/v2\/product_brand?post=229470"},{"taxonomy":"product_cat","embeddable":true,"href":"https:\/\/www.budream.com\/de\/wp-json\/wp\/v2\/product_cat?post=229470"},{"taxonomy":"product_tag","embeddable":true,"href":"https:\/\/www.budream.com\/de\/wp-json\/wp\/v2\/product_tag?post=229470"}],"curies":[{"name":"wp","href":"https:\/\/api.w.org\/{rel}","templated":true}]}}